{"id":20020,"date":"2018-06-26T19:59:54","date_gmt":"2018-06-26T19:59:54","guid":{"rendered":"https:\/\/vobe.eu\/product\/fluke-87\/"},"modified":"2018-06-26T19:59:54","modified_gmt":"2018-06-26T19:59:54","slug":"fluke-87","status":"publish","type":"product","link":"https:\/\/vobe.eu\/de\/produkt\/fluke-87\/","title":{"rendered":"Fluke 87"},"content":{"rendered":"<table border=\"1\" width=\"650\" cellspacing=\"0\" cellpadding=\"4\">\n<tbody>\n<tr>\n<td class=\"bodybold\" colspan=\"2\" bgcolor=\"#DDE6ED\">Spezifikationen<\/td>\n<\/tr>\n<tr>\n<td class=\"PrdSpecItem\" width=\"150\">Gleichspannung<\/td>\n<td class=\"PrdSpecItem\" width=\"420\">\n<table border=\"0\" cellspacing=\"0\" cellpadding=\"0\">\n<tbody>\n<tr>\n<td class=\"bodybold\">Maximal zul\u00e4ssige Spannung:<\/td>\n<td>\u00a01000 V<\/td>\n<\/tr>\n<tr>\n<td class=\"PrdSpecSubject\">Ungenauigkeit:<\/td>\n<td>\u00a0Fluke 83 V: \u00b1(0,1\u00a0%+1)<\/td>\n<\/tr>\n<tr>\n<td class=\"PrdSpecSubject\"><\/td>\n<td>\u00a0Fluke 87 V: \u00b1(0,05\u00a0%+1)<\/td>\n<\/tr>\n<tr>\n<td class=\"PrdSpecSubject\">Maximale Aufl\u00f6sung:<\/td>\n<td>\u00a0Fluke 83 V: 100 \u00b5V<\/td>\n<\/tr>\n<tr>\n<td class=\"PrdSpecSubject\"><\/td>\n<td>\u00a0Fluke 87 V: 10 \u00b5V<\/td>\n<\/tr>\n<\/tbody>\n<\/table>\n<\/td>\n<\/tr>\n<tr>\n<td class=\"PrdSpecItem\" width=\"150\">Wechselspannung<\/td>\n<td class=\"PrdSpecItem\" width=\"420\">\n<table border=\"0\" cellspacing=\"0\" cellpadding=\"0\">\n<tbody>\n<tr>\n<td class=\"bodybold\">Maximal zul\u00e4ssige Spannung:<\/td>\n<td>\u00a01000 V<\/td>\n<\/tr>\n<tr>\n<td class=\"PrdSpecSubject\">Ungenauigkeit:<\/td>\n<td>\u00a0Fluke 83 V: \u00b1(0,5\u00a0%+2)<\/td>\n<\/tr>\n<tr>\n<td class=\"PrdSpecSubject\"><\/td>\n<td>\u00a0Fluke 87 V: \u00b1(0,7\u00a0%+2) Echteffektiv<\/td>\n<\/tr>\n<tr>\n<td class=\"PrdSpecSubject\">AC-Bandbreite<\/td>\n<td>\u00a0Fluke 83 V: 5\u00a0kHz<\/td>\n<\/tr>\n<tr>\n<td class=\"PrdSpecSubject\"><\/td>\n<td>\u00a0Fluke 87 V: 20\u00a0kHz*<\/td>\n<\/tr>\n<tr>\n<td class=\"PrdSpecSubject\"><\/td>\n<td>\u00a0*mit Tiefpassfilter; 3\u00a0db @ 1\u00a0kHz<\/td>\n<\/tr>\n<tr>\n<td class=\"PrdSpecSubject\">Maximale Aufl\u00f6sung:<\/td>\n<td>\u00a00,1 mV<\/td>\n<\/tr>\n<\/tbody>\n<\/table>\n<\/td>\n<\/tr>\n<tr>\n<td class=\"PrdSpecItem\" width=\"150\">Gleichstrom<\/td>\n<td class=\"PrdSpecItem\" width=\"420\">\n<table border=\"0\" cellspacing=\"0\" cellpadding=\"0\">\n<tbody>\n<tr>\n<td class=\"bodybold\">Maximale Stromst\u00e4rke:<\/td>\n<td>\u00a010\u00a0A (20 A f\u00fcr maximal 30 Sek.)<\/td>\n<\/tr>\n<tr>\n<td class=\"PrdSpecSubject\">Ungenauigkeit bei Strommessungen:<\/td>\n<td>\u00a0Fluke 83 V: \u00b1(0,4\u00a0%+2)<\/td>\n<\/tr>\n<tr>\n<td class=\"PrdSpecSubject\"><\/td>\n<td>\u00a0Fluke 87 V: \u00b1(0,2\u00a0%+2)<\/td>\n<\/tr>\n<tr>\n<td class=\"PrdSpecSubject\">Maximale Aufl\u00f6sung:<\/td>\n<td>\u00a0Fluke 83 V: 0,01 mA<\/td>\n<\/tr>\n<tr>\n<td class=\"PrdSpecSubject\"><\/td>\n<td>\u00a0Fluke 87 V: 0,01 \u00b5A<\/td>\n<\/tr>\n<\/tbody>\n<\/table>\n<\/td>\n<\/tr>\n<tr>\n<td class=\"PrdSpecItem\" width=\"150\">Wechselstrom<\/td>\n<td class=\"PrdSpecItem\" width=\"420\">\n<table border=\"0\" cellspacing=\"0\" cellpadding=\"0\">\n<tbody>\n<tr>\n<td class=\"bodybold\">Maximale Stromst\u00e4rke:<\/td>\n<td>\u00a010\u00a0A (20 A f\u00fcr maximal 30 Sek.)<\/td>\n<\/tr>\n<tr>\n<td class=\"PrdSpecSubject\">Ungenauigkeit bei Strommessungen:<\/td>\n<td>\u00a0Fluke 83 V: \u00b1(1,2\u00a0%+2)<\/td>\n<\/tr>\n<tr>\n<td class=\"PrdSpecSubject\"><\/td>\n<td>\u00a0Fluke 87 V: \u00b1(1,0\u00a0%+2) Echteffektiv<\/td>\n<\/tr>\n<tr>\n<td class=\"PrdSpecSubject\">Maximale Aufl\u00f6sung:<\/td>\n<td>\u00a00,1 \u00b5A<\/td>\n<\/tr>\n<\/tbody>\n<\/table>\n<\/td>\n<\/tr>\n<tr>\n<td class=\"PrdSpecItem\" width=\"150\">Widerstand<\/td>\n<td class=\"PrdSpecItem\" width=\"420\">\n<table border=\"0\" cellspacing=\"0\" cellpadding=\"0\">\n<tbody>\n<tr>\n<td class=\"bodybold\">Maximaler Widerstand:<\/td>\n<td>\u00a050 M\u03a9<\/td>\n<\/tr>\n<tr>\n<td class=\"PrdSpecSubject\">Ungenauigkeit:<\/td>\n<td>\u00a0Fluke 83 V: \u00b1(0,4\u00a0%+1)<\/td>\n<\/tr>\n<tr>\n<td class=\"PrdSpecSubject\"><\/td>\n<td>\u00a0Fluke 87 V: \u00b1(0,2\u00a0%+1)<\/td>\n<\/tr>\n<tr>\n<td class=\"PrdSpecSubject\">Maximale Aufl\u00f6sung:<\/td>\n<td>\u00a00,1\u03a9<\/td>\n<\/tr>\n<\/tbody>\n<\/table>\n<\/td>\n<\/tr>\n<tr>\n<td class=\"PrdSpecItem\" width=\"150\">Kapazit\u00e4t<\/td>\n<td class=\"PrdSpecItem\" width=\"420\">\n<table border=\"0\" cellspacing=\"0\" cellpadding=\"0\">\n<tbody>\n<tr>\n<td class=\"bodybold\">Maximale Kapazit\u00e4t<\/td>\n<td>\u00a09.999 \u00b5F<\/td>\n<\/tr>\n<tr>\n<td class=\"PrdSpecSubject\">Ungenauigkeit<\/td>\n<td>\u00a0\u00b1(1\u00a0%+2)<\/td>\n<\/tr>\n<tr>\n<td class=\"PrdSpecSubject\">Maximale Aufl\u00f6sung<\/td>\n<td>\u00a00,01\u00a0nF<\/td>\n<\/tr>\n<\/tbody>\n<\/table>\n<\/td>\n<\/tr>\n<tr>\n<td class=\"PrdSpecItem\" width=\"150\">Frequenz<\/td>\n<td class=\"PrdSpecItem\" width=\"420\">\n<table border=\"0\" cellspacing=\"0\" cellpadding=\"0\">\n<tbody>\n<tr>\n<td class=\"bodybold\">Maximale Frequenz<\/td>\n<td>\u00a0200\u00a0kHz<\/td>\n<\/tr>\n<tr>\n<td class=\"PrdSpecSubject\">Ungenauigkeit<\/td>\n<td>\u00a0\u00b1(0,005\u00a0%+1)<\/td>\n<\/tr>\n<tr>\n<td class=\"PrdSpecSubject\">Maximale Aufl\u00f6sung<\/td>\n<td>\u00a00,01 Hz<\/td>\n<\/tr>\n<\/tbody>\n<\/table>\n<\/td>\n<\/tr>\n<tr>\n<td class=\"PrdSpecItem\" width=\"150\">Tastgrad<\/td>\n<td class=\"PrdSpecItem\" width=\"420\">\n<table border=\"0\" cellspacing=\"0\" cellpadding=\"0\">\n<tbody>\n<tr>\n<td class=\"bodybold\">Maximaler Tastgrad<\/td>\n<td>\u00a099,9\u00a0%<\/td>\n<\/tr>\n<tr>\n<td class=\"PrdSpecSubject\">Ungenauigkeit<\/td>\n<td>\u00a0\u00b1(0,2\u00a0% pro kHz +0,1\u00a0%)<\/td>\n<\/tr>\n<tr>\n<td class=\"PrdSpecSubject\">Maximale Aufl\u00f6sung<\/td>\n<td>\u00a00,1\u00a0%<\/td>\n<\/tr>\n<\/tbody>\n<\/table>\n<\/td>\n<\/tr>\n<tr>\n<td class=\"PrdSpecItem\" width=\"150\">Temperaturmessung<\/td>\n<td class=\"PrdSpecItem\" width=\"420\">\n<table border=\"0\" cellspacing=\"0\" cellpadding=\"0\">\n<tbody>\n<tr>\n<td class=\"bodybold\">Fluke 83 V, 87 V\/E:<\/td>\n<td>\u00a0-200,0\u00a0\u00b0C \u2013 1090\u00a0\u00b0C<\/td>\n<\/tr>\n<tr>\n<td class=\"PrdSpecSubject\"><\/td>\n<td>\u00a0-328,0\u00a0\u00b0F \u2013 1994,0\u00a0\u00b0F<\/td>\n<\/tr>\n<tr>\n<td class=\"PrdSpecSubject\"><\/td>\n<td>\u00a0ohne Messf\u00fchler<\/td>\n<\/tr>\n<\/tbody>\n<\/table>\n<\/td>\n<\/tr>\n<tr>\n<td class=\"PrdSpecItem\" width=\"150\">80\u00a0BK Temperaturmessf\u00fchler<\/td>\n<td class=\"PrdSpecItem\" width=\"420\">\n<table border=\"0\" cellspacing=\"0\" cellpadding=\"0\">\n<tbody>\n<tr>\n<td class=\"bodybold\"><\/td>\n<td>\u00a0-40,0\u00a0\u00b0C \u2013 260\u00a0\u00b0C<\/td>\n<\/tr>\n<tr>\n<td class=\"PrdSpecSubject\"><\/td>\n<td>\u00a0-40,0\u00a0\u00b0F \u2013 500\u00a0\u00b0F, 2,2\u00a0\u00b0C oder 2\u00a0%, je nachdem, was gr\u00f6\u00dfer ist<\/td>\n<\/tr>\n<\/tbody>\n<\/table>\n<\/td>\n<\/tr>\n<tr>\n<td class=\"PrdSpecItem\" width=\"150\">Leitwert<\/td>\n<td class=\"PrdSpecItem\" width=\"420\">\n<table border=\"0\" cellspacing=\"0\" cellpadding=\"0\">\n<tbody>\n<tr>\n<td class=\"bodybold\">Maximaler Leitwert<\/td>\n<td>\u00a060,00\u00a0nS<\/td>\n<\/tr>\n<tr>\n<td class=\"PrdSpecSubject\">Ungenauigkeit<\/td>\n<td>\u00a0\u00b1(1,0\u00a0%+10)<\/td>\n<\/tr>\n<tr>\n<td class=\"PrdSpecSubject\">Maximale Aufl\u00f6sung<\/td>\n<td>\u00a00,01 nS<\/td>\n<\/tr>\n<\/tbody>\n<\/table>\n<\/td>\n<\/tr>\n<tr>\n<td class=\"PrdSpecItem\" width=\"150\">Diodentest<\/td>\n<td class=\"PrdSpecItem\" width=\"420\">\n<table border=\"0\" cellspacing=\"0\" cellpadding=\"0\">\n<tbody>\n<tr>\n<td class=\"bodybold\"><\/td>\n<td>\u00a0Bereich 3 V<\/td>\n<\/tr>\n<tr>\n<td class=\"PrdSpecSubject\">Aufl\u00f6sung:<\/td>\n<td>\u00a01 mV<\/td>\n<\/tr>\n<tr>\n<td class=\"PrdSpecSubject\">Ungenauigkeit:<\/td>\n<td>\u00a0\u00b1 (2\u00a0% + 1 V)<\/td>\n<\/tr>\n<\/tbody>\n<\/table>\n<\/td>\n<\/tr>\n<tr>\n<td class=\"PrdSpecItem\" width=\"150\">Tastgradbereich<\/td>\n<td class=\"PrdSpecItem\" width=\"420\">\n<table border=\"0\" cellspacing=\"0\" cellpadding=\"0\">\n<tbody>\n<tr>\n<td class=\"bodybold\">Ungenauigkeit:<\/td>\n<td>\u00a0Innerhalb \u00b1 (0,2\u00a0% pro kHz + 0,1\u00a0%)<\/td>\n<\/tr>\n<\/tbody>\n<\/table>\n<\/td>\n<\/tr>\n<\/tbody>\n<\/table>\n<table border=\"1\" width=\"650\" cellspacing=\"0\" cellpadding=\"4\">\n<tbody>\n<tr>\n<td class=\"bodybold\" colspan=\"2\" bgcolor=\"#DDE6ED\">Umgebungsdaten<\/td>\n<\/tr>\n<tr>\n<td class=\"PrdSpecItem\" width=\"150\">Betriebstemperatur<\/td>\n<td class=\"PrdSpecItem\" width=\"420\">\n<table border=\"0\" cellspacing=\"0\" cellpadding=\"0\">\n<tbody>\n<tr>\n<td class=\"bodybold\"><\/td>\n<td>\u00a0-20\u00a0\u00b0C bis +55\u00a0\u00b0C<\/td>\n<\/tr>\n<\/tbody>\n<\/table>\n<\/td>\n<\/tr>\n<tr>\n<td class=\"PrdSpecItem\" width=\"150\">Lagertemperatur<\/td>\n<td class=\"PrdSpecItem\" width=\"420\">\n<table border=\"0\" cellspacing=\"0\" cellpadding=\"0\">\n<tbody>\n<tr>\n<td class=\"bodybold\"><\/td>\n<td>\u00a0-40\u00a0\u00b0C bis +60\u00a0\u00b0C<\/td>\n<\/tr>\n<\/tbody>\n<\/table>\n<\/td>\n<\/tr>\n<tr>\n<td class=\"PrdSpecItem\" width=\"150\">Luftfeuchtigkeit (ohne Kondensation)<\/td>\n<td class=\"PrdSpecItem\" width=\"420\">\n<table border=\"0\" cellspacing=\"0\" cellpadding=\"0\">\n<tbody>\n<tr>\n<td class=\"bodybold\"><\/td>\n<td>\u00a00\u00a0% \u2013 90\u00a0% (0\u00a0\u00b0C \u2013 35\u00a0\u00b0C)<\/td>\n<\/tr>\n<tr>\n<td class=\"PrdSpecSubject\"><\/td>\n<td>\u00a00\u00a0% \u2013 70\u00a0% (35\u00a0\u00b0C \u2013 55\u00a0\u00b0C)<\/td>\n<\/tr>\n<\/tbody>\n<\/table>\n<\/td>\n<\/tr>\n<tr>\n<td class=\"PrdSpecItem\" width=\"150\">H\u00f6he \u00fcber NN bei Betrieb<\/td>\n<td class=\"PrdSpecItem\" width=\"420\">\n<table border=\"0\" cellspacing=\"0\" cellpadding=\"0\">\n<tbody>\n<tr>\n<td class=\"bodybold\"><\/td>\n<td>\u00a02000\u00a0m<\/td>\n<\/tr>\n<\/tbody>\n<\/table>\n<\/td>\n<\/tr>\n<\/tbody>\n<\/table>\n<table border=\"1\" width=\"650\" cellspacing=\"0\" cellpadding=\"4\">\n<tbody>\n<tr>\n<td class=\"bodybold\" colspan=\"2\" bgcolor=\"#DDE6ED\">Sicherheit<\/td>\n<\/tr>\n<tr>\n<td class=\"PrdSpecItem\" width=\"150\">\u00dcberspannungkategorie<\/td>\n<td class=\"PrdSpecItem\" width=\"420\">\n<table border=\"0\" cellspacing=\"0\" cellpadding=\"0\">\n<tbody>\n<tr>\n<td class=\"bodybold\"><\/td>\n<td>\u00a0EN 61010-1 bis 1000 V CAT III, 600V CAT IV<\/td>\n<\/tr>\n<\/tbody>\n<\/table>\n<\/td>\n<\/tr>\n<tr>\n<td class=\"PrdSpecItem\" width=\"150\">Zertifiziert durch<\/td>\n<td class=\"PrdSpecItem\" width=\"420\">\n<table border=\"0\" cellspacing=\"0\" cellpadding=\"0\">\n<tbody>\n<tr>\n<td class=\"bodybold\"><\/td>\n<td>\u00a0UL-, CSA-, T\u00dcV- und VDE-Zulassung<\/td>\n<\/tr>\n<\/tbody>\n<\/table>\n<\/td>\n<\/tr>\n<\/tbody>\n<\/table>\n<table border=\"1\" width=\"650\" cellspacing=\"0\" cellpadding=\"4\">\n<tbody>\n<tr>\n<td class=\"bodybold\" colspan=\"2\" bgcolor=\"#DDE6ED\">Mechanische &amp; allgemeine Daten<\/td>\n<\/tr>\n<tr>\n<td class=\"PrdSpecItem\" width=\"150\">Abmessungen<\/td>\n<td class=\"PrdSpecItem\" width=\"420\">\n<table border=\"0\" cellspacing=\"0\" cellpadding=\"0\">\n<tbody>\n<tr>\n<td class=\"bodybold\"><\/td>\n<td>\u00a0201 x 98 x 52 mm (mit Holster)<\/td>\n<\/tr>\n<\/tbody>\n<\/table>\n<\/td>\n<\/tr>\n<tr>\n<td class=\"PrdSpecItem\" width=\"150\">Gewicht<\/td>\n<td class=\"PrdSpecItem\" width=\"420\">\n<table border=\"0\" cellspacing=\"0\" cellpadding=\"0\">\n<tbody>\n<tr>\n<td class=\"bodybold\"><\/td>\n<td>\u00a0355 g<\/td>\n<\/tr>\n<\/tbody>\n<\/table>\n<\/td>\n<\/tr>\n<tr>\n<td class=\"PrdSpecItem\" width=\"150\">Gewicht mit Holster und Flex-Stand<\/td>\n<td class=\"PrdSpecItem\" width=\"420\">\n<table border=\"0\" cellspacing=\"0\" cellpadding=\"0\">\n<tbody>\n<tr>\n<td class=\"bodybold\"><\/td>\n<td>\u00a0624 g<\/td>\n<\/tr>\n<\/tbody>\n<\/table>\n<\/td>\n<\/tr>\n<tr>\n<td class=\"PrdSpecItem\" width=\"150\">Anzeige<\/td>\n<td class=\"PrdSpecItem\" width=\"420\">\n<table border=\"0\" cellspacing=\"0\" cellpadding=\"0\">\n<tbody>\n<tr>\n<td class=\"bodybold\">Digital:<\/td>\n<td>\u00a06000 Digits, 4 Updates\/s<\/td>\n<\/tr>\n<tr>\n<td class=\"PrdSpecSubject\"><\/td>\n<td>\u00a0(Modell 87 hat auch einen hochaufl\u00f6senden Modus mit 19.999 Digits)<\/td>\n<\/tr>\n<tr>\n<td class=\"PrdSpecSubject\">Analog:<\/td>\n<td>\u00a032 Segmente, 40 Updates\/s<\/td>\n<\/tr>\n<tr>\n<td class=\"PrdSpecSubject\">Frequenz:<\/td>\n<td>\u00a019.999 Digits, 3 Updates\/s bei &gt; 10 Hz.<\/td>\n<\/tr>\n<\/tbody>\n<\/table>\n<\/td>\n<\/tr>\n<tr>\n<td class=\"PrdSpecItem\" width=\"150\">Gew\u00e4hrleistung<\/td>\n<td class=\"PrdSpecItem\" width=\"420\">\n<table border=\"0\" cellspacing=\"0\" cellpadding=\"0\">\n<tbody>\n<tr>\n<td class=\"bodybold\"><\/td>\n<td>\u00a0Lebensdauer<\/td>\n<\/tr>\n<\/tbody>\n<\/table>\n<\/td>\n<\/tr>\n<tr>\n<td class=\"PrdSpecItem\" width=\"150\">Batterie-Lebensdauer<\/td>\n<td class=\"PrdSpecItem\" width=\"420\">\n<table border=\"0\" cellspacing=\"0\" cellpadding=\"0\">\n<tbody>\n<tr>\n<td class=\"bodybold\">Alkali:<\/td>\n<td>\u00a0~400 Stunden typisch, ohne Hintergrundbeleuchtung<\/td>\n<\/tr>\n<\/tbody>\n<\/table>\n<\/td>\n<\/tr>\n<tr>\n<td class=\"PrdSpecItem\" width=\"150\">Sto\u00dfbelastung<\/td>\n<td class=\"PrdSpecItem\" width=\"420\">\n<table border=\"0\" cellspacing=\"0\" cellpadding=\"0\">\n<tbody>\n<tr>\n<td class=\"bodybold\"><\/td>\n<td>\u00a0Fall aus 1 m H\u00f6he gem\u00e4\u00df IEC 61010-1:2001<\/td>\n<\/tr>\n<\/tbody>\n<\/table>\n<\/td>\n<\/tr>\n<tr>\n<td class=\"PrdSpecItem\" width=\"150\">Schwingungen<\/td>\n<td class=\"PrdSpecItem\" width=\"420\">\n<table border=\"0\" cellspacing=\"0\" cellpadding=\"0\">\n<tbody>\n<tr>\n<td class=\"bodybold\"><\/td>\n<td>\u00a0Gem\u00e4\u00df MIL-PRF-28800 f\u00fcr Instrumente der Klasse 2<\/td>\n<\/tr>\n<\/tbody>\n<\/table>\n<\/td>\n<\/tr>\n<\/tbody>\n<\/table>\n<p><\/p>\n","protected":false},"excerpt":{"rendered":"<p><span class=\"PrdPlainText\">Die neue Fluke<\/span><\/p>\n<p><span class=\"PrdPlainText\">Die Ger\u00e4te der Serie 80 V sind die Nachfolger der hunderttausendfach bew\u00e4hrten Serie 80, bieten aber mehr Funktionen, h\u00f6here Sicherheit, Bedienungsfreundlichkeit und Sto\u00dffestigkeit.<\/span><\/p>\n<p><span class=\"PrdPlainText\">Die neuen Messger\u00e4te der Serie 80\u00a0V werden unabh\u00e4ngig getestet, um der 2. Ausgabe von ANSI\/ISA S82.01 und EN61010-1 CAT IV 600V\/CAT III 1000V zu entsprechen. Sie k\u00f6nnen Spannungsspitzen von mehr als 8.000 V standhalten und reduzieren die mit Spannungseinbr\u00fcchen und -spitzen einhergehenden Probleme.<\/span><\/p>\n","protected":false},"featured_media":19991,"template":"","meta":{"_acf_changed":false},"product_cat":[218],"product_tag":[],"class_list":{"0":"post-20020","1":"product","2":"type-product","3":"status-publish","4":"has-post-thumbnail","6":"product_cat-fluke-de-2","8":"first","9":"instock","10":"shipping-taxable","11":"purchasable","12":"product-type-simple"},"acf":[],"_links":{"self":[{"href":"https:\/\/vobe.eu\/de\/wp-json\/wp\/v2\/product\/20020"}],"collection":[{"href":"https:\/\/vobe.eu\/de\/wp-json\/wp\/v2\/product"}],"about":[{"href":"https:\/\/vobe.eu\/de\/wp-json\/wp\/v2\/types\/product"}],"wp:featuredmedia":[{"embeddable":true,"href":"https:\/\/vobe.eu\/de\/wp-json\/wp\/v2\/media\/19991"}],"wp:attachment":[{"href":"https:\/\/vobe.eu\/de\/wp-json\/wp\/v2\/media?parent=20020"}],"wp:term":[{"taxonomy":"product_cat","embeddable":true,"href":"https:\/\/vobe.eu\/de\/wp-json\/wp\/v2\/product_cat?post=20020"},{"taxonomy":"product_tag","embeddable":true,"href":"https:\/\/vobe.eu\/de\/wp-json\/wp\/v2\/product_tag?post=20020"}],"curies":[{"name":"wp","href":"https:\/\/api.w.org\/{rel}","templated":true}]}}