{"id":20019,"date":"2018-06-26T19:59:22","date_gmt":"2018-06-26T19:59:22","guid":{"rendered":"https:\/\/vobe.eu\/product\/fluke-805\/"},"modified":"2018-06-26T19:59:22","modified_gmt":"2018-06-26T19:59:22","slug":"fluke-805","status":"publish","type":"product","link":"https:\/\/vobe.eu\/de\/produkt\/fluke-805\/","title":{"rendered":"Fluke 805"},"content":{"rendered":"<table border=\"1\" width=\"650\" cellspacing=\"0\" cellpadding=\"4\">\n<tbody>\n<tr bgcolor=\"#e9eff4\">\n<td class=\"bodybold\" colspan=\"2\">\n<h3>Schwingungsmessger\u00e4t<\/h3>\n<\/td>\n<\/tr>\n<tr>\n<td class=\"PrdSpecItem\"><strong>Niederfrequenzbereich (Gesamtmessung)<\/strong><\/td>\n<td>10 Hz bis 1.000 Hz<\/td>\n<\/tr>\n<tr>\n<td class=\"PrdSpecItem\"><strong>Hochfrequenzbereich (CF+ Messung)<\/strong><\/td>\n<td>4.000 Hz bis 20.000 Hz<\/td>\n<\/tr>\n<tr>\n<td class=\"PrdSpecItem\"><strong>Schweregrade<\/strong><\/td>\n<td>Gut, Befriedigend, Unbefriedigend, Inakzeptabel<\/td>\n<\/tr>\n<tr>\n<td class=\"PrdSpecItem\"><strong>Max. Vibrationsbeschleunigung<\/strong><\/td>\n<td>50 g Spitze (100 g Spitze-Spitze)<\/td>\n<\/tr>\n<tr>\n<td class=\"PrdSpecItem\"><strong>A\/D-Wandler<\/strong><\/td>\n<td>16-Bit<\/td>\n<\/tr>\n<tr>\n<td class=\"PrdSpecItem\"><strong>Verh\u00e4ltnis Signal zu Rauschen<\/strong><\/td>\n<td>80\u00a0dB<\/td>\n<\/tr>\n<tr>\n<td class=\"PrdSpecItem\"><strong>Abtastrate<br \/>\nNiederfrequenz<br \/>\nHochfrequenz<\/strong><\/td>\n<td>\n20.000 Hz<br \/>\n80.000 Hz<\/td>\n<\/tr>\n<tr>\n<td class=\"PrdSpecItem\"><strong>Pufferung der Echtzeituhr<\/strong><\/td>\n<td>Knopfzellenbatterie<\/td>\n<\/tr>\n<\/tbody>\n<\/table>\n<p>&nbsp;<\/p>\n<table border=\"1\" width=\"650\" cellspacing=\"0\" cellpadding=\"4\">\n<tbody>\n<tr bgcolor=\"#e9eff4\">\n<td class=\"bodybold\" colspan=\"2\">\n<h3>Sensor<\/h3>\n<\/td>\n<\/tr>\n<tr>\n<td class=\"PrdSpecItem\"><strong>Empfindlichkeit<\/strong><\/td>\n<td>100 mV g \u00b1 10 %<\/td>\n<\/tr>\n<tr>\n<td class=\"PrdSpecItem\"><strong>Messbereich<\/strong><\/td>\n<td>0,01 g bis 50 g<\/td>\n<\/tr>\n<tr>\n<td class=\"PrdSpecItem\"><strong>Niederfrequenzbereich (Gesamtmessung)<\/strong><\/td>\n<td>10 Hz bis 1.000 Hz<\/td>\n<\/tr>\n<tr>\n<td class=\"PrdSpecItem\"><strong>Hochfrequenzbereich<\/strong><\/td>\n<td>4.000 Hz bis 20.000 Hz<\/td>\n<\/tr>\n<tr>\n<td class=\"PrdSpecItem\"><strong>Aufl\u00f6sung<\/strong><\/td>\n<td>0,01 g<\/td>\n<\/tr>\n<tr>\n<td class=\"PrdSpecItem\"><strong>Genauigkeit<\/strong><\/td>\n<td>Bei 100 Hz: 5\u00a0% Messwert<\/td>\n<\/tr>\n<\/tbody>\n<\/table>\n<p>&nbsp;<\/p>\n<table border=\"1\" width=\"650\" cellspacing=\"0\" cellpadding=\"4\">\n<tbody>\n<tr bgcolor=\"#e9eff4\">\n<td class=\"bodybold\" colspan=\"2\">\n<h3>Amplitudeneinheiten<\/h3>\n<\/td>\n<\/tr>\n<tr>\n<td class=\"PrdSpecItem\"><strong>Beschleunigung<\/strong><\/td>\n<td>g, m\/sek\u00b2<\/td>\n<\/tr>\n<tr>\n<td class=\"PrdSpecItem\"><strong>Geschwindigkeit<\/strong><\/td>\n<td>in\/sek, mm\/sek<\/td>\n<\/tr>\n<tr>\n<td class=\"PrdSpecItem\"><strong>Versatz<\/strong><\/td>\n<td>mils, mm<\/td>\n<\/tr>\n<\/tbody>\n<\/table>\n<p>&nbsp;<\/p>\n<table border=\"1\" width=\"650\" cellspacing=\"0\" cellpadding=\"4\">\n<tbody>\n<tr bgcolor=\"#e9eff4\">\n<td class=\"bodybold\" colspan=\"2\">\n<h3>Infrarot-Thermometer (Temperaturmessung)<\/h3>\n<\/td>\n<\/tr>\n<tr>\n<td class=\"PrdSpecItem\"><strong>Bereich<\/strong><\/td>\n<td>-20 \u00b0C bis 200 \u00b0C (-4 \u00b0F bis 392 \u00b0F)<\/td>\n<\/tr>\n<tr>\n<td class=\"PrdSpecItem\"><strong>Genauigkeit<\/strong><\/td>\n<td>2 \u00b0C (4 \u00b0F)<\/td>\n<\/tr>\n<tr>\n<td class=\"PrdSpecItem\"><strong>Brennweite<\/strong><\/td>\n<td>Unver\u00e4nderlich, ca. 3,8 cm (1,5&#8243;)<\/td>\n<\/tr>\n<\/tbody>\n<\/table>\n<p>&nbsp;<\/p>\n<table border=\"1\" width=\"650\" cellspacing=\"0\" cellpadding=\"4\">\n<tbody>\n<tr bgcolor=\"#e9eff4\">\n<td colspan=\"2\">\n<h3>Externer Sensor<\/h3>\n<p>Hinweis: Fluke unterst\u00fctzt externe Sensoren, liefert diese jedoch nicht.<\/td>\n<\/tr>\n<tr>\n<td class=\"PrdSpecItem\"><strong>Frequenzbereich<\/strong><\/td>\n<td>10 Hz bis 1.000 Hz<\/td>\n<\/tr>\n<tr>\n<td class=\"PrdSpecItem\"><strong>Offset-Spannung (zur Stromversorgung)<\/strong><\/td>\n<td>20 bis 22 V DC<\/td>\n<\/tr>\n<tr>\n<td class=\"PrdSpecItem\"><strong>Offset-Strom (zur Stromversorgung)<\/strong><\/td>\n<td>Maximal 5 mA<\/td>\n<\/tr>\n<\/tbody>\n<\/table>\n<p>&nbsp;<\/p>\n<table border=\"1\" width=\"650\" cellspacing=\"0\" cellpadding=\"4\">\n<tbody>\n<tr bgcolor=\"#e9eff4\">\n<td class=\"bodybold\" colspan=\"2\">\n<h3>Firmware<\/h3>\n<\/td>\n<\/tr>\n<tr>\n<td class=\"PrdSpecItem\"><strong>Externe Schnittstellen<\/strong><\/td>\n<td>USB 2.0 (mit voller Geschwindigkeit)<\/td>\n<\/tr>\n<tr>\n<td class=\"PrdSpecItem\"><strong>Datenkapazit\u00e4t<\/strong><\/td>\n<td>Datenbank in internem Flash-Speicher<\/td>\n<\/tr>\n<tr>\n<td class=\"PrdSpecItem\"><strong>Upgrade<\/strong><\/td>\n<td>\u00dcber USB-Schnittstelle<\/td>\n<\/tr>\n<tr>\n<td class=\"PrdSpecItem\"><strong>Speicher<\/strong><\/td>\n<td>Bis zu 3.500 Messungen<\/td>\n<\/tr>\n<\/tbody>\n<\/table>\n<p>&nbsp;<\/p>\n<table border=\"1\" width=\"650\" cellspacing=\"0\" cellpadding=\"4\">\n<tbody>\n<tr bgcolor=\"#e9eff4\">\n<td class=\"bodybold\" colspan=\"2\">\n<h3>Abgestrahlte Emissionen<\/h3>\n<\/td>\n<\/tr>\n<tr>\n<td class=\"PrdSpecItem\"><strong>Elektrostatische Entladung: Burst<\/strong><\/td>\n<td>Norm: EN 61000-4-2<\/td>\n<\/tr>\n<tr>\n<td class=\"PrdSpecItem\"><strong>Elektromagnetische St\u00f6rungen<\/strong><\/td>\n<td>Norm: EN 61000-4-3<\/td>\n<\/tr>\n<tr>\n<td class=\"PrdSpecItem\"><strong>RE<\/strong><\/td>\n<td>Norm: CISPR 11, Klasse A<\/td>\n<\/tr>\n<\/tbody>\n<\/table>\n<p>&nbsp;<\/p>\n<table border=\"1\" width=\"650\" cellspacing=\"0\" cellpadding=\"4\">\n<tbody>\n<tr bgcolor=\"#e9eff4\">\n<td class=\"bodybold\" colspan=\"2\">\n<h3>Umgebungsbedingungen<\/h3>\n<\/td>\n<\/tr>\n<tr>\n<td class=\"PrdSpecItem\"><strong>Betriebstemperatur<\/strong><\/td>\n<td>-20\u00a0\u00b0C bis 50\u00a0\u00b0C<\/td>\n<\/tr>\n<tr>\n<td class=\"PrdSpecItem\"><strong>Lagertemperatur<\/strong><\/td>\n<td>-30 \u00b0C bis 80 \u00b0C (-22 \u00b0F bis 176 \u00b0F)<\/td>\n<\/tr>\n<tr>\n<td class=\"PrdSpecItem\"><strong>Luftfeuchte w\u00e4hrend des Betriebs<\/strong><\/td>\n<td>10 % bis 95 % r. F.<br \/>\n(nichtkondensierend)<\/td>\n<\/tr>\n<tr>\n<td class=\"PrdSpecItem\"><strong>Betriebs-\/Lagerh\u00f6he<\/strong><\/td>\n<td>Meeresspiegel bis 3.048 Meter (10.000 Fu\u00df)<\/td>\n<\/tr>\n<tr>\n<td class=\"PrdSpecItem\"><strong>IP-Spezifikation<\/strong><\/td>\n<td>IP54<\/td>\n<\/tr>\n<tr>\n<td class=\"PrdSpecItem\"><strong>Max. Vibrationsbeschleunigung<\/strong><\/td>\n<td>500g Spitze<\/td>\n<\/tr>\n<tr>\n<td class=\"PrdSpecItem\"><strong>Falltest<\/strong><\/td>\n<td>1\u00a0Meter<\/td>\n<\/tr>\n<\/tbody>\n<\/table>\n<p>&nbsp;<\/p>\n<table border=\"1\" width=\"650\" cellspacing=\"0\" cellpadding=\"4\">\n<tbody>\n<tr bgcolor=\"#e9eff4\">\n<td class=\"bodybold\" colspan=\"2\">\n<h3>Allgemeine technische Daten<\/h3>\n<\/td>\n<\/tr>\n<tr>\n<td class=\"PrdSpecItem\"><strong>Akkutyp<\/strong><\/td>\n<td>AA (2) Lithium Eisendisulfid<\/td>\n<\/tr>\n<tr>\n<td class=\"PrdSpecItem\"><strong>Akkulaufzeit<\/strong><\/td>\n<td>Acht Stunden<\/td>\n<\/tr>\n<tr>\n<td class=\"PrdSpecItem\"><strong>Gr\u00f6\u00dfe (L x B x H)<\/strong><\/td>\n<td>24,1 cm x 7,1 cm x 5,8 cm<br \/>\n(9,5&#8243; x 2,8&#8243; x 2,3&#8243;)<\/td>\n<\/tr>\n<tr>\n<td class=\"PrdSpecItem\"><strong>Gewicht<\/strong><\/td>\n<td>0,40 kg (0,89 lb)<\/td>\n<\/tr>\n<tr>\n<td class=\"PrdSpecItem\"><strong>Steckverbinder<\/strong><\/td>\n<td>USB-Mini-B, 7&#8211;polig, Stereo-Audioausgangsbuchse (3,5-mm-Klinkenstecker), Buchse f\u00fcr externen Sensor (SMB-Anschlussstecker)<\/td>\n<\/tr>\n<\/tbody>\n<\/table>\n<p><\/p>\n","protected":false},"excerpt":{"rendered":"<p>Selbstsichere Instandhaltungsentscheidungen treffen. Das Fluke 805 ist das zuverl\u00e4ssigste Schwingungsmessger\u00e4t auf dem Markt f\u00fcr professionelle Instandhaltungstechniker, die wiederholbare Messungen von Gesamtschwingung und Lagerzustand gem\u00e4\u00df einer Schwereskala ben\u00f6tigen.<\/p>\n","protected":false},"featured_media":19994,"template":"","meta":{"_acf_changed":false},"product_cat":[230],"product_tag":[],"class_list":{"0":"post-20019","1":"product","2":"type-product","3":"status-publish","4":"has-post-thumbnail","6":"product_cat-geen-onderdeel-van-een-categorie","8":"first","9":"instock","10":"shipping-taxable","11":"purchasable","12":"product-type-simple"},"acf":[],"_links":{"self":[{"href":"https:\/\/vobe.eu\/de\/wp-json\/wp\/v2\/product\/20019"}],"collection":[{"href":"https:\/\/vobe.eu\/de\/wp-json\/wp\/v2\/product"}],"about":[{"href":"https:\/\/vobe.eu\/de\/wp-json\/wp\/v2\/types\/product"}],"wp:featuredmedia":[{"embeddable":true,"href":"https:\/\/vobe.eu\/de\/wp-json\/wp\/v2\/media\/19994"}],"wp:attachment":[{"href":"https:\/\/vobe.eu\/de\/wp-json\/wp\/v2\/media?parent=20019"}],"wp:term":[{"taxonomy":"product_cat","embeddable":true,"href":"https:\/\/vobe.eu\/de\/wp-json\/wp\/v2\/product_cat?post=20019"},{"taxonomy":"product_tag","embeddable":true,"href":"https:\/\/vobe.eu\/de\/wp-json\/wp\/v2\/product_tag?post=20019"}],"curies":[{"name":"wp","href":"https:\/\/api.w.org\/{rel}","templated":true}]}}