{"id":20018,"date":"2018-06-26T19:59:17","date_gmt":"2018-06-26T19:59:17","guid":{"rendered":"https:\/\/vobe.eu\/product\/20018\/"},"modified":"2018-06-26T20:35:08","modified_gmt":"2018-06-26T20:35:08","slug":"fluke-1555","status":"publish","type":"product","link":"https:\/\/vobe.eu\/de\/produkt\/fluke-1555\/","title":{"rendered":"Fluke 1555"},"content":{"rendered":"<table border=\"1\" width=\"650\" cellspacing=\"0\" cellpadding=\"4\">\n<tbody>\n<tr>\n<td class=\"bodybold\" colspan=\"3\" valign=\"top\">Elektrische Spezifikationen<\/td>\n<\/tr>\n<tr>\n<td colspan=\"3\">Die Pr\u00e4zisionsvorgaben des Testers gelten f\u00fcr ein Jahr nach der Kalibrierung bei Betriebstemperaturen von 0\u00b0C bis 35\u00b0C. Bei Betriebstemperaturen au\u00dferhalb des Bereichs (-20\u00b0C bis 0\u00b0C und 35\u00b0C bis 50\u00b0C) geben Sie \u00b1 0,25% pro \u00b0C zu. Bei 20-%-B\u00e4ndern muss \u00b1 1&nbsp;% pro \u00b0C zugegeben werden.<\/td>\n<\/tr>\n<tr>\n<td class=\"bodybold\" colspan=\"3\" valign=\"top\">Isolationswiderstandsmessung<\/td>\n<\/tr>\n<tr>\n<td class=\"PrdSpecItem\" valign=\"top\">Pr\u00fcfspannung (U=)<\/td>\n<td class=\"PrdSpecItem\" valign=\"top\">Bereich<\/td>\n<td class=\"PrdSpecItem\" valign=\"top\">Genauigkeit (\u00b1 % vom Anzeigewert)<\/td>\n<\/tr>\n<tr>\n<td class=\"PrdSpecItem\" rowspan=\"4\" valign=\"top\">250&nbsp;V<\/td>\n<td valign=\"top\">&lt; 200&nbsp;k\u03a9<\/td>\n<td valign=\"top\">Ohne Angabe<\/td>\n<\/tr>\n<tr>\n<td valign=\"top\">200&nbsp;k\u03a9 bis 500&nbsp;G\u03a9<\/td>\n<td valign=\"top\">5%<\/td>\n<\/tr>\n<tr>\n<td valign=\"top\">5&nbsp;G\u03a9 bis 50&nbsp;G\u03a9<\/td>\n<td valign=\"top\">20%<\/td>\n<\/tr>\n<tr>\n<td valign=\"top\">&gt; 50&nbsp;G\u03a9<\/td>\n<td valign=\"top\">Ohne Angabe<\/td>\n<\/tr>\n<tr>\n<td class=\"PrdSpecItem\" rowspan=\"4\" valign=\"top\">500 V<\/td>\n<td valign=\"top\">&lt; 500&nbsp;k\u03a9<\/td>\n<td valign=\"top\">Ohne Angabe<\/td>\n<\/tr>\n<tr>\n<td valign=\"top\">500&nbsp;k\u03a9 bis 10&nbsp;G\u03a9<\/td>\n<td valign=\"top\">5%<\/td>\n<\/tr>\n<tr>\n<td valign=\"top\">10&nbsp;G\u03a9 bis 100&nbsp;G\u03a9<\/td>\n<td valign=\"top\">20%<\/td>\n<\/tr>\n<tr>\n<td valign=\"top\">&gt; 100&nbsp;G\u03a9<\/td>\n<td valign=\"top\">Ohne Angabe<\/td>\n<\/tr>\n<tr>\n<td class=\"PrdSpecItem\" rowspan=\"4\" valign=\"top\">1000 V<\/td>\n<td valign=\"top\">&lt; 200&nbsp;k\u03a9<\/td>\n<td valign=\"top\">Ohne Angabe<\/td>\n<\/tr>\n<tr>\n<td valign=\"top\">200&nbsp;k\u03a9 bis 20&nbsp;G\u03a9<\/td>\n<td valign=\"top\">5%<\/td>\n<\/tr>\n<tr>\n<td valign=\"top\">20&nbsp;G\u03a9 bis 200&nbsp;G\u03a9<\/td>\n<td valign=\"top\">20%<\/td>\n<\/tr>\n<tr>\n<td valign=\"top\">&gt; 200&nbsp;G\u03a9<\/td>\n<td valign=\"top\">Ohne Angabe<\/td>\n<\/tr>\n<tr>\n<td class=\"PrdSpecItem\" rowspan=\"4\" valign=\"top\">2500&nbsp;V<\/td>\n<td valign=\"top\">&lt; 200&nbsp;k\u03a9<\/td>\n<td valign=\"top\">Ohne Angabe<\/td>\n<\/tr>\n<tr>\n<td valign=\"top\">200&nbsp;k\u03a9 bis 50&nbsp;G\u03a9<\/td>\n<td valign=\"top\">5%<\/td>\n<\/tr>\n<tr>\n<td valign=\"top\">50&nbsp;G\u03a9 bis 500&nbsp;G\u03a9<\/td>\n<td valign=\"top\">20%<\/td>\n<\/tr>\n<tr>\n<td valign=\"top\">&gt; 500&nbsp;G\u03a9<\/td>\n<td valign=\"top\">Ohne Angabe<\/td>\n<\/tr>\n<tr>\n<td class=\"PrdSpecItem\" rowspan=\"4\" valign=\"top\">5000&nbsp;V<\/td>\n<td valign=\"top\">&lt; 200&nbsp;k\u03a9<\/td>\n<td valign=\"top\">Ohne Angabe<\/td>\n<\/tr>\n<tr>\n<td valign=\"top\">200&nbsp;k\u03a9 bis 100&nbsp;G\u03a9<\/td>\n<td valign=\"top\">5%<\/td>\n<\/tr>\n<tr>\n<td valign=\"top\">100&nbsp;G\u03a9 bis 1&nbsp;T\u03a9<\/td>\n<td valign=\"top\">20%<\/td>\n<\/tr>\n<tr>\n<td valign=\"top\">&gt; 1&nbsp;T\u03a9<\/td>\n<td valign=\"top\">Ohne Angabe<\/td>\n<\/tr>\n<tr>\n<td class=\"PrdSpecItem\" rowspan=\"4\" valign=\"top\">10.000&nbsp;V (nur 1555)<\/td>\n<td valign=\"top\">&lt; 200&nbsp;k\u03a9<\/td>\n<td valign=\"top\">Ohne Angabe<\/td>\n<\/tr>\n<tr>\n<td valign=\"top\">200&nbsp;k\u03a9 bis 200&nbsp;G\u03a9<\/td>\n<td valign=\"top\">5%<\/td>\n<\/tr>\n<tr>\n<td valign=\"top\">200&nbsp;G\u03a9 bis 2&nbsp;T\u03a9<\/td>\n<td valign=\"top\">20%<\/td>\n<\/tr>\n<tr>\n<td valign=\"top\">&gt; 2&nbsp;T\u03a9<\/td>\n<td valign=\"top\">Ohne Angabe<\/td>\n<\/tr>\n<tr>\n<td class=\"PrdSpecItem\" valign=\"top\">Anzeigebereich f\u00fcr Balkendiagramme<\/td>\n<td colspan=\"2\" valign=\"top\">0 bis 1&nbsp;T\u03a9 (1550&nbsp;C) &#8211; 0 bis 2&nbsp;T\u03a9 (1555)<\/td>\n<\/tr>\n<tr>\n<td class=\"PrdSpecItem\" valign=\"top\">Genauigkeit der Isolationspr\u00fcfspannung<\/td>\n<td colspan=\"2\" valign=\"top\">-0&nbsp;% bis +&nbsp;10&nbsp;% bei 1&nbsp;mA Messstrom<\/td>\n<\/tr>\n<tr>\n<td class=\"PrdSpecItem\" valign=\"top\">Unterdr\u00fcckung von induziertem Wechselstrom<\/td>\n<td colspan=\"2\" valign=\"top\">maximal 2&nbsp;mA<\/td>\n<\/tr>\n<tr>\n<td class=\"PrdSpecItem\" valign=\"top\">Ladegeschwindigkeit bei kapazitiver Last<\/td>\n<td colspan=\"2\" valign=\"top\">5&nbsp;s pro \u00b5F<\/td>\n<\/tr>\n<tr>\n<td class=\"PrdSpecItem\" valign=\"top\">Entladegeschwindigkeit bei kapazitiver Last<\/td>\n<td colspan=\"2\" valign=\"top\">1,5&nbsp;s pro \u03bcF<\/td>\n<\/tr>\n<tr>\n<td class=\"PrdSpecItem\" rowspan=\"2\" valign=\"top\">Leckstrommessung<\/td>\n<td colspan=\"2\" valign=\"top\">Bereich: 1&nbsp;nA bis 2&nbsp;mA<\/td>\n<\/tr>\n<tr>\n<td colspan=\"2\" valign=\"top\">Pr\u00e4zision: \u00b1 (5&nbsp;% + 2&nbsp;nA)<\/td>\n<\/tr>\n<tr>\n<td class=\"PrdSpecItem\" rowspan=\"2\" valign=\"top\">Kapazit\u00e4tsmessung<\/td>\n<td colspan=\"2\" valign=\"top\">Bereich: 0,01&nbsp;\u00b5F bis 15,00&nbsp;\u00b5F<\/td>\n<\/tr>\n<tr>\n<td colspan=\"2\" valign=\"top\">Pr\u00e4zision: \u00b1 (15&nbsp;% rdg + 0,03&nbsp;\u00b5F)<\/td>\n<\/tr>\n<tr>\n<td class=\"PrdSpecItem\" rowspan=\"2\" valign=\"top\">Zeitgesteuerte Pr\u00fcfung<\/td>\n<td colspan=\"2\" valign=\"top\">Bereich: 0 bis 99&nbsp;Minuten<\/td>\n<\/tr>\n<tr>\n<td colspan=\"2\" valign=\"top\">Schrittweite: Einstellung: 1&nbsp;Minute, Anzeige: 1&nbsp;Sekunde<\/td>\n<\/tr>\n<tr>\n<td class=\"PrdSpecItem\" rowspan=\"2\" valign=\"top\">Warnung vor einem spannungsf\u00fchrenden stromkreis<\/td>\n<td colspan=\"2\" valign=\"top\">Warnbereich: 30&nbsp;V bis 660&nbsp;V AC\/DC, 50\/60&nbsp;Hz<\/td>\n<\/tr>\n<tr>\n<td colspan=\"2\" valign=\"top\">Spannungspr\u00e4zision: \u00b1 (15&nbsp;% + 2&nbsp;V)<\/td>\n<\/tr>\n<tr>\n<td class=\"PrdSpecItem\">Softwarespezifikationen<\/td>\n<td colspan=\"2\">F\u00fcr die FlukeView Forms\u2122 Basic-Software wird ein PC mit Windows&nbsp;XP, Windows Vista, Windows&nbsp;7 oder Windows&nbsp;8 ben\u00f6tigt<\/td>\n<\/tr>\n<tr>\n<td class=\"bodybold\" colspan=\"3\" valign=\"top\">Allgemeine technische Daten<\/td>\n<\/tr>\n<tr>\n<td class=\"PrdSpecItem\" valign=\"top\">Bereichsumfang der anzeige<\/td>\n<td colspan=\"2\" valign=\"top\">75&nbsp;mm x 105&nbsp;mm<\/td>\n<\/tr>\n<tr>\n<td class=\"PrdSpecItem\" valign=\"top\">Stromversorgung<\/td>\n<td colspan=\"2\" valign=\"top\">12 V Blei-S\u00e4ure-Akku, Yuasa NP2.8-12<\/td>\n<\/tr>\n<tr>\n<td class=\"PrdSpecItem\" valign=\"top\">Netzladeger\u00e4t (Wechselstrom)<\/td>\n<td colspan=\"2\" valign=\"top\">85&nbsp;V bis 250&nbsp;V AC, 50\/60&nbsp;Hz, 20&nbsp;VA<\/td>\n<\/tr>\n<tr>\n<td colspan=\"3\" valign=\"top\">Dieses Ger\u00e4t der Klasse II (schutzisoliert) wird mit einem Netzkabel der Klasse 1 (geerdet) geliefert. Der Schutzerdungsanschluss (Erdungsstift) ist intern nicht angeschlossen. Der zus\u00e4tzliche Punkt dient nur als zus\u00e4tzlicher Schutz des Steckers.<\/td>\n<\/tr>\n<tr>\n<td class=\"PrdSpecItem\" valign=\"top\">Abmessungen<\/td>\n<td colspan=\"2\" valign=\"top\">269 mm x 277 mm x 160 mm<\/td>\n<\/tr>\n<tr>\n<td class=\"PrdSpecItem\" valign=\"top\">Gewicht<\/td>\n<td colspan=\"2\" valign=\"top\">3,7 kg<\/td>\n<\/tr>\n<tr>\n<td class=\"PrdSpecItem\" valign=\"top\">Betriebstemperatur<\/td>\n<td colspan=\"2\" valign=\"top\">-20 \u00b0C bis 50 \u00b0C<\/td>\n<\/tr>\n<tr>\n<td class=\"PrdSpecItem\" valign=\"top\">Lagerungstemperatur<\/td>\n<td colspan=\"2\" valign=\"top\">-20 \u00baC bis 65 \u00baC<\/td>\n<\/tr>\n<tr>\n<td class=\"PrdSpecItem\" valign=\"top\">Luftfeuchtigkeit<\/td>\n<td colspan=\"2\" valign=\"top\">80&nbsp;% bis 31&nbsp;\u00b0C linear abnehmend auf 50&nbsp;% bei 50&nbsp;\u00b0C<\/td>\n<\/tr>\n<tr>\n<td class=\"PrdSpecItem\" valign=\"top\">H\u00f6he \u00fcber NN<\/td>\n<td colspan=\"2\" valign=\"top\">2.000&nbsp;m<\/td>\n<\/tr>\n<tr>\n<td class=\"PrdSpecItem\" valign=\"top\">Geh\u00e4use<\/td>\n<td colspan=\"2\" valign=\"top\">Schutzart IP 40<\/td>\n<\/tr>\n<tr>\n<td class=\"PrdSpecItem\" valign=\"top\">Eingangs\u00fcberlastschutz<\/td>\n<td colspan=\"2\" valign=\"top\">1.000&nbsp;V Wechselspannung<\/td>\n<\/tr>\n<tr>\n<td class=\"PrdSpecItem\" valign=\"top\">Elektromagnetische vertr\u00e4glichkeit<\/td>\n<td colspan=\"2\" valign=\"top\">gem\u00e4\u00df EN 61326<\/td>\n<\/tr>\n<tr>\n<td class=\"PrdSpecItem\" valign=\"top\">Zertifizierungen<\/td>\n<td colspan=\"2\" valign=\"top\"><img decoding=\"async\" title=\"Fluke 1550c Certifications\" src=\"http:\/\/www.fluke.com\/NR\/rdonlyres\/3A6ED625-5A35-4C2C-8F04-8FF3B7FCA2AF\/0\/1550c_kit_certs.jpg\" alt=\"Fluke 1550c Certifications\" data-mce-src=\"http:\/\/www.fluke.com\/NR\/rdonlyres\/3A6ED625-5A35-4C2C-8F04-8FF3B7FCA2AF\/0\/1550c_kit_certs.jpg\"><\/td>\n<\/tr>\n<tr>\n<td class=\"PrdSpecItem\" rowspan=\"3\" valign=\"top\">Erf\u00fcllung der sicherheitsnormen<\/td>\n<td colspan=\"2\" valign=\"top\">IEC 61010-1: \u00dcberspannung Kategorie II, Verschmutzungsgrad&nbsp;2<\/td>\n<\/tr>\n<tr>\n<td colspan=\"2\" valign=\"top\">IEC 61010-2-030: Messung 600&nbsp;V CAT&nbsp;IIV\/1000&nbsp;V CAT&nbsp;III<\/td>\n<\/tr>\n<tr>\n<td colspan=\"2\" valign=\"top\">IEC 61557-1, IEC 61557-2<\/td>\n<\/tr>\n<tr>\n<td class=\"PrdSpecItem\" valign=\"top\">Kompatibel mit Fluke Connect\u00ae<\/td>\n<td colspan=\"2\" valign=\"top\">Ja<\/td>\n<\/tr>\n<\/tbody>\n<\/table>\n<p><\/p>\n","protected":false},"excerpt":{"rendered":"<p>Der Isolationswiderstandstester Fluke 1555 erm\u00f6glicht die digitale Isolationspr\u00fcfung bei bis zu 10&nbsp;kV und ist damit hervorragend zum Pr\u00fcfen einer Vielzahl von Hochspannungsger\u00e4ten geeignet, einschlie\u00dflich Schaltanlagen, Motoren, Generatoren und Kabel.<\/p>\n<p>Isolationstester von Fluke sind nun f\u00fcr den gesamten Bereich von Testspannungen gem\u00e4\u00df IEEE 43-2000 geeignet. Sie sind die besten ihrer Kategorie, bieten eine 3-j\u00e4hrige Garantie und einen CAT&nbsp;IV 600&nbsp;V-Sicherheitswert. Mit Messwertspeicher und PC-Schnittstelle ist der 1555 das perfekte Werkzeug f\u00fcr pr\u00e4ventive oder pr\u00e4diktive Wartungsprogramme zur Identifizierung potenzieller Ger\u00e4teausf\u00e4lle vor deren Auftreten.<\/p>\n","protected":false},"featured_media":19997,"template":"","meta":{"_acf_changed":false},"product_cat":[218],"product_tag":[],"class_list":{"0":"post-20018","1":"product","2":"type-product","3":"status-publish","4":"has-post-thumbnail","6":"product_cat-fluke-de-2","8":"first","9":"instock","10":"shipping-taxable","11":"purchasable","12":"product-type-simple"},"acf":[],"_links":{"self":[{"href":"https:\/\/vobe.eu\/de\/wp-json\/wp\/v2\/product\/20018"}],"collection":[{"href":"https:\/\/vobe.eu\/de\/wp-json\/wp\/v2\/product"}],"about":[{"href":"https:\/\/vobe.eu\/de\/wp-json\/wp\/v2\/types\/product"}],"wp:featuredmedia":[{"embeddable":true,"href":"https:\/\/vobe.eu\/de\/wp-json\/wp\/v2\/media\/19997"}],"wp:attachment":[{"href":"https:\/\/vobe.eu\/de\/wp-json\/wp\/v2\/media?parent=20018"}],"wp:term":[{"taxonomy":"product_cat","embeddable":true,"href":"https:\/\/vobe.eu\/de\/wp-json\/wp\/v2\/product_cat?post=20018"},{"taxonomy":"product_tag","embeddable":true,"href":"https:\/\/vobe.eu\/de\/wp-json\/wp\/v2\/product_tag?post=20018"}],"curies":[{"name":"wp","href":"https:\/\/api.w.org\/{rel}","templated":true}]}}