{"id":20016,"date":"2018-06-26T19:57:56","date_gmt":"2018-06-26T19:57:56","guid":{"rendered":"https:\/\/vobe.eu\/product\/fluke-789\/"},"modified":"2018-06-26T19:57:56","modified_gmt":"2018-06-26T19:57:56","slug":"fluke-789","status":"publish","type":"product","link":"https:\/\/vobe.eu\/de\/produkt\/fluke-789\/","title":{"rendered":"Fluke 789"},"content":{"rendered":"<table border=\"1\" width=\"650\" cellspacing=\"0\" cellpadding=\"4\">\n<tbody>\n<tr>\n<td class=\"bodybold\" colspan=\"3\">Technische Daten<\/td>\n<\/tr>\n<tr>\n<td class=\"PrdSpecItem\" rowspan=\"6\" valign=\"top\">Strommessung<\/td>\n<td class=\"PrdSpecItem\">Bereich<\/td>\n<td valign=\"top\">0-1 A AC oder DC<\/td>\n<\/tr>\n<tr>\n<td class=\"PrdSpecItem\">Aufl\u00f6sung<\/td>\n<td valign=\"top\">1\u00a0mA<\/td>\n<\/tr>\n<tr>\n<td class=\"PrdSpecItem\">Genauigkeit<\/td>\n<td valign=\"top\">0,2\u00a0% + 2 Digits (DC)<\/td>\n<\/tr>\n<tr>\n<td class=\"PrdSpecItem\" valign=\"top\">Bereich<\/td>\n<td valign=\"top\">0 &#8211; 30 mA<\/td>\n<\/tr>\n<tr>\n<td class=\"PrdSpecItem\" valign=\"top\">Aufl\u00f6sung<\/td>\n<td valign=\"top\">0,001\u00a0mA<\/td>\n<\/tr>\n<tr>\n<td class=\"PrdSpecItem\" valign=\"top\">Genauigkeit<\/td>\n<td valign=\"top\">0,05\u00a0% + 2 Digits<\/td>\n<\/tr>\n<tr>\n<td class=\"PrdSpecItem\" rowspan=\"3\" valign=\"top\">Stromgeber<\/td>\n<td class=\"PrdSpecItem\" valign=\"top\">Bereich<\/td>\n<td valign=\"top\">0 \u2013 20 mA oder 4 \u2013 20 mA<\/td>\n<\/tr>\n<tr>\n<td class=\"PrdSpecItem\" valign=\"top\">Aufl\u00f6sung<\/td>\n<td valign=\"top\">0,05\u00a0% vom Messbereich<\/td>\n<\/tr>\n<tr>\n<td class=\"PrdSpecItem\" valign=\"top\">Treiberleistung bzw. max. B\u00fcrde<\/td>\n<td valign=\"top\">24-V-Kompatibilit\u00e4t oder 1200 \u03a9 bei 20 mA<\/td>\n<\/tr>\n<tr>\n<td class=\"PrdSpecItem\" valign=\"top\">Frequenzbereich<\/td>\n<td colspan=\"23\">Bis 19,999\u00a0kHz, 0,005\u00a0% + 1 Digit<\/td>\n<\/tr>\n<tr>\n<td class=\"PrdSpecItem\" valign=\"top\">Durchgangspr\u00fcfung<\/td>\n<td colspan=\"23\">Signalton f\u00fcr Widerstand &lt; 100\u00a0\u03a9<\/td>\n<\/tr>\n<tr>\n<td class=\"PrdSpecItem\" rowspan=\"3\" valign=\"top\">Spannungsmessung<\/td>\n<td class=\"PrdSpecItem\" valign=\"top\">Bereich<\/td>\n<td valign=\"top\">0 &#8211; 1000 V AC (Echteffektiv-Messung) oder DC<\/td>\n<\/tr>\n<tr>\n<td class=\"PrdSpecItem\" valign=\"top\">Aufl\u00f6sung<\/td>\n<td valign=\"top\">0,1 mV bis 1,0 V<\/td>\n<\/tr>\n<tr>\n<td class=\"PrdSpecItem\" valign=\"top\">Genauigkeit<\/td>\n<td valign=\"top\">0,1\u00a0% v. Messwert + 1 Digit (Gleichspannung)<\/td>\n<\/tr>\n<tr>\n<td class=\"PrdSpecItem\" valign=\"top\">Widerstandsmessung<\/td>\n<td colspan=\"2\" valign=\"top\">Bis 40 M\u03a9, 0,2\u00a0% + 1 Digit<\/td>\n<\/tr>\n<tr>\n<td class=\"PrdSpecItem\" valign=\"top\">Diodenpr\u00fcfung<\/td>\n<td colspan=\"2\" valign=\"top\">2,0\u00a0V zeigt Diodenspannungsabfall an<\/td>\n<\/tr>\n<tr>\n<td class=\"PrdSpecItem\" valign=\"top\">Anzeige des Stromwertes und % vom Messbereich<\/td>\n<td colspan=\"2\" valign=\"top\">Ja<\/td>\n<\/tr>\n<tr>\n<td class=\"PrdSpecItem\" valign=\"top\">Automatische Stufen- und Rampenfunktion<\/td>\n<td colspan=\"2\" valign=\"top\">Ja<\/td>\n<\/tr>\n<\/tbody>\n<\/table>\n<p>&nbsp;<\/p>\n<table border=\"1\" width=\"650\" cellspacing=\"0\" cellpadding=\"4\">\n<tbody>\n<tr>\n<td class=\"bodybold\" colspan=\"3\">Umgebungsdaten<\/td>\n<\/tr>\n<tr>\n<td class=\"PrdSpecItem\" valign=\"top\">Betriebstemperatur<\/td>\n<td colspan=\"2\" valign=\"top\">-20\u00a0\u00baC bis 55\u00a0\u00baC<\/td>\n<\/tr>\n<tr>\n<td class=\"PrdSpecItem\" valign=\"top\">Lagerungstemperatur<\/td>\n<td colspan=\"2\" valign=\"top\">-40\u00a0\u00baC bis 60\u00a0\u00baC<\/td>\n<\/tr>\n<tr>\n<td class=\"PrdSpecItem\" valign=\"top\">Luftfeuchtigkeit (ohne Kondenswasserbildung)<\/td>\n<td colspan=\"2\" valign=\"top\">95\u00a0% bis zu 30 \u00baC<br \/>\n75\u00a0% bis zu 40 \u00baC<br \/>\n45\u00a0% bis zu 50 \u00baC<br \/>\n35\u00a0% bis zu 55 \u00baC<\/td>\n<\/tr>\n<tr>\n<td class=\"PrdSpecItem\" valign=\"top\">Temperaturkoeffizient<\/td>\n<td colspan=\"2\" valign=\"top\">0,05 x (angegebene Ungenauigkeit) pro \u00b0C (f\u00fcr Temperaturen &lt; 18 \u00b0C oder &gt; 28 \u00b0C)<\/td>\n<\/tr>\n<\/tbody>\n<\/table>\n<p>&nbsp;<\/p>\n<table border=\"1\" width=\"650\" cellspacing=\"0\" cellpadding=\"4\">\n<tbody>\n<tr>\n<td class=\"bodybold\" colspan=\"2\">Sicherheitsspezifikationen<\/td>\n<\/tr>\n<tr>\n<td class=\"PrdSpecItem\" valign=\"top\">Elektrische Sicherheit<\/td>\n<td valign=\"top\">Gem\u00e4\u00df IEC1010-1, ANSI\/ISA S82.01-1994 und CAN\/CSA C22.2 Nr. 1010.1-92 entwickelt<\/td>\n<\/tr>\n<tr>\n<td class=\"PrdSpecItem\" valign=\"top\">\u00dcberspannungskategorie<\/td>\n<td colspan=\"2\" valign=\"top\">IEC 1010-1 CAT III 1000\u00a0V<br \/>\nIEC 1010-1 CAT IV 600\u00a0V<\/td>\n<\/tr>\n<tr>\n<td class=\"PrdSpecItem\" valign=\"top\">Maximal zul\u00e4ssige Spannung<\/td>\n<td colspan=\"2\" valign=\"top\">1000\u00a0V effektiv<\/td>\n<\/tr>\n<\/tbody>\n<\/table>\n<p>&nbsp;<\/p>\n<table border=\"1\" width=\"650\" cellspacing=\"0\" cellpadding=\"4\">\n<tbody>\n<tr>\n<td class=\"bodybold\" colspan=\"2\">Mechanische und allgemeine Daten<\/td>\n<\/tr>\n<tr>\n<td class=\"PrdSpecItem\" valign=\"top\">Abmessungen<\/td>\n<td colspan=\"2\" valign=\"top\">50\u00a0mm\u00a0x\u00a0100\u00a0mm\u00a0x\u00a0203\u00a0mm (H\u00a0x\u00a0B\u00a0x\u00a0L)<\/td>\n<\/tr>\n<tr>\n<td class=\"PrdSpecItem\" valign=\"top\">Gewicht<\/td>\n<td colspan=\"2\" valign=\"top\">610\u00a0g<\/td>\n<\/tr>\n<tr>\n<td class=\"PrdSpecItem\" valign=\"top\">Akkus<\/td>\n<td colspan=\"2\" valign=\"top\">4 Alkali-Batterien Typ AA<\/td>\n<\/tr>\n<tr>\n<td class=\"PrdSpecItem\" valign=\"top\">Gew\u00e4hrleistung<\/td>\n<td colspan=\"2\" valign=\"top\">3\u00a0Jahre<\/td>\n<\/tr>\n<tr>\n<td class=\"PrdSpecItem\" valign=\"top\">Betriebsdauer mit einem Akkusatz<\/td>\n<td colspan=\"2\" valign=\"top\">140\u00a0Stunden typisch (Messen), 10\u00a0Stunden typisch (Stromgeber 20 mA)<\/td>\n<\/tr>\n<tr>\n<td class=\"PrdSpecItem\" valign=\"top\">Sto\u00df- und Schwingungsfestigkeit<\/td>\n<td colspan=\"2\" valign=\"top\">Random, 2\u00a0g, 5-500\u00a0Hz<br \/>\nFallversuch aus 1\u00a0Meter H\u00f6he<\/td>\n<\/tr>\n<\/tbody>\n<\/table>\n<p><\/p>\n","protected":false},"excerpt":{"rendered":"<p>Das ProcessMeter Fluke 789 kombiniert die Funktionen eines Stromschleifenkalibrators mit denen eines Digitalmultimeters und ist dadurch ein ideales Werkzeug f\u00fcr Instandhaltungs- und Prozesstechniker. Prozesstechniker k\u00f6nnen jetzt vielseitiger messen und m\u00fcssen dabei wesentlich weniger tragen. Die Ausstattung des 789 mit einem Thermoelementmodul und den drahtlosen Datenprotokollierungsfunktionen von Fluke Connect\u00ae mit der ShareLive\u2122-Videoanruffunktion macht es m\u00f6glich. Und dank seinem eingebauten, zuschaltbaren 250-Ohm-Widerstand m\u00fcssen Sie auch keinen separaten Widerstand f\u00fcr die Kalibrierung von HART\u00ae-Instrumenten mehr mitnehmen.<\/p>\n","protected":false},"featured_media":20003,"template":"","meta":{"_acf_changed":false},"product_cat":[218],"product_tag":[],"class_list":{"0":"post-20016","1":"product","2":"type-product","3":"status-publish","4":"has-post-thumbnail","6":"product_cat-fluke-de-2","8":"first","9":"instock","10":"shipping-taxable","11":"purchasable","12":"product-type-simple"},"acf":[],"_links":{"self":[{"href":"https:\/\/vobe.eu\/de\/wp-json\/wp\/v2\/product\/20016"}],"collection":[{"href":"https:\/\/vobe.eu\/de\/wp-json\/wp\/v2\/product"}],"about":[{"href":"https:\/\/vobe.eu\/de\/wp-json\/wp\/v2\/types\/product"}],"wp:featuredmedia":[{"embeddable":true,"href":"https:\/\/vobe.eu\/de\/wp-json\/wp\/v2\/media\/20003"}],"wp:attachment":[{"href":"https:\/\/vobe.eu\/de\/wp-json\/wp\/v2\/media?parent=20016"}],"wp:term":[{"taxonomy":"product_cat","embeddable":true,"href":"https:\/\/vobe.eu\/de\/wp-json\/wp\/v2\/product_cat?post=20016"},{"taxonomy":"product_tag","embeddable":true,"href":"https:\/\/vobe.eu\/de\/wp-json\/wp\/v2\/product_tag?post=20016"}],"curies":[{"name":"wp","href":"https:\/\/api.w.org\/{rel}","templated":true}]}}