{"id":20015,"date":"2018-06-26T19:57:17","date_gmt":"2018-06-26T19:57:17","guid":{"rendered":"https:\/\/vobe.eu\/product\/fluke-175\/"},"modified":"2018-06-26T19:57:17","modified_gmt":"2018-06-26T19:57:17","slug":"fluke-175","status":"publish","type":"product","link":"https:\/\/vobe.eu\/de\/produkt\/fluke-175\/","title":{"rendered":"Fluke 175"},"content":{"rendered":"<p>Mit ihrer hohen Genauigkeit, ihren beeindruckenden Leistungsmerkmalen, ihrer Bedienungsfreundlichkeit, Sicherheit und Zuverl\u00e4ssigkeit setzen die drei Modelle der neuen Serie 170 neue Ma\u00dfst\u00e4be auf dem Gebiet der Universal-Multimeter.<\/p>\n","protected":false},"excerpt":{"rendered":"<table border=\"1\" width=\"650\" cellspacing=\"0\" cellpadding=\"4\">\n<tbody>\n<tr>\n<td class=\"bodybold\" colspan=\"2\" bgcolor=\"#DDE6ED\">Spezifikationen<\/td>\n<\/tr>\n<tr>\n<td class=\"PrdSpecItem\" width=\"150\">Gleichspannung<\/td>\n<td class=\"PrdSpecItem\" width=\"420\">\n<table border=\"0\" cellspacing=\"0\" cellpadding=\"0\">\n<tbody>\n<tr>\n<td class=\"bodybold\">175 &#8211; Genauigkeit*<\/td>\n<td>\u00a0\u00b1 (0,15 % + 2)<\/td>\n<\/tr>\n<tr>\n<td class=\"PrdSpecSubject\">177 &#8211; Genauigkeit*<\/td>\n<td>\u00a0\u00b1 (0,09 % + 2)<\/td>\n<\/tr>\n<tr>\n<td class=\"PrdSpecSubject\">179 &#8211; Genauigkeit*<\/td>\n<td>\u00a0\u00b1 (0,09 % + 2)<\/td>\n<\/tr>\n<tr>\n<td class=\"PrdSpecSubject\">Max. Aufl\u00f6sung<\/td>\n<td>\u00a00,1 mV<\/td>\n<\/tr>\n<tr>\n<td class=\"PrdSpecSubject\">Max. zul. Wert<\/td>\n<td>\u00a01000 V<\/td>\n<\/tr>\n<\/tbody>\n<\/table>\n<\/td>\n<\/tr>\n<tr>\n<td class=\"PrdSpecItem\" width=\"150\">Wechselspannung<\/td>\n<td class=\"PrdSpecItem\" width=\"420\">\n<table border=\"0\" cellspacing=\"0\" cellpadding=\"0\">\n<tbody>\n<tr>\n<td class=\"bodybold\">Genauigkeit*<\/td>\n<td>\u00a0\u00b1 (1,0 % + 3)<\/td>\n<\/tr>\n<tr>\n<td class=\"PrdSpecSubject\">Max. Aufl\u00f6sung<\/td>\n<td>\u00a00,1 mV<\/td>\n<\/tr>\n<tr>\n<td class=\"PrdSpecSubject\">Max. zul. Wert<\/td>\n<td>\u00a01000 V<\/td>\n<\/tr>\n<\/tbody>\n<\/table>\n<\/td>\n<\/tr>\n<tr>\n<td class=\"PrdSpecItem\" width=\"150\">Gleichstrom<\/td>\n<td class=\"PrdSpecItem\" width=\"420\">\n<table border=\"0\" cellspacing=\"0\" cellpadding=\"0\">\n<tbody>\n<tr>\n<td class=\"bodybold\">Genauigkeit*<\/td>\n<td>\u00a0\u00b1 (1,0 % + 3)<\/td>\n<\/tr>\n<tr>\n<td class=\"PrdSpecSubject\">Max. Aufl\u00f6sung<\/td>\n<td>\u00a00,01 mA<\/td>\n<\/tr>\n<tr>\n<td class=\"PrdSpecSubject\">Max. zul. Wert<\/td>\n<td>\u00a010 A<\/td>\n<\/tr>\n<\/tbody>\n<\/table>\n<\/td>\n<\/tr>\n<tr>\n<td class=\"PrdSpecItem\" width=\"150\">Wechselstrom<\/td>\n<td class=\"PrdSpecItem\" width=\"420\">\n<table border=\"0\" cellspacing=\"0\" cellpadding=\"0\">\n<tbody>\n<tr>\n<td class=\"bodybold\">Genauigkeit*<\/td>\n<td>\u00a0\u00b1 (1,5 % + 3)<\/td>\n<\/tr>\n<tr>\n<td class=\"PrdSpecSubject\">Max. Aufl\u00f6sung<\/td>\n<td>\u00a00,01 mA<\/td>\n<\/tr>\n<tr>\n<td class=\"PrdSpecSubject\">Max. zul. Wert<\/td>\n<td>\u00a010 A<\/td>\n<\/tr>\n<\/tbody>\n<\/table>\n<\/td>\n<\/tr>\n<tr>\n<td class=\"PrdSpecItem\" width=\"150\">Widerstand<\/td>\n<td class=\"PrdSpecItem\" width=\"420\">\n<table border=\"0\" cellspacing=\"0\" cellpadding=\"0\">\n<tbody>\n<tr>\n<td class=\"bodybold\">Genauigkeit*<\/td>\n<td>\u00a0\u00b1 (0,9 % + 1)<\/td>\n<\/tr>\n<tr>\n<td class=\"PrdSpecSubject\">Max. Aufl\u00f6sung<\/td>\n<td>\u00a00,1 \u03a9<\/td>\n<\/tr>\n<tr>\n<td class=\"PrdSpecSubject\">Max. zul. Wert<\/td>\n<td>\u00a050 M\u03a9<\/td>\n<\/tr>\n<\/tbody>\n<\/table>\n<\/td>\n<\/tr>\n<tr>\n<td class=\"PrdSpecItem\" width=\"150\">Kapazit\u00e4t<\/td>\n<td class=\"PrdSpecItem\" width=\"420\">\n<table border=\"0\" cellspacing=\"0\" cellpadding=\"0\">\n<tbody>\n<tr>\n<td class=\"bodybold\">Genauigkeit*<\/td>\n<td>\u00a0\u00b1 (1,2 % + 2)<\/td>\n<\/tr>\n<tr>\n<td class=\"PrdSpecSubject\">Max. Aufl\u00f6sung<\/td>\n<td>\u00a01 nF<\/td>\n<\/tr>\n<tr>\n<td class=\"PrdSpecSubject\">Max. zul. Wert<\/td>\n<td>\u00a010.000 \u00b5F<\/td>\n<\/tr>\n<\/tbody>\n<\/table>\n<\/td>\n<\/tr>\n<tr>\n<td class=\"PrdSpecItem\" width=\"150\">Frequenz<\/td>\n<td class=\"PrdSpecItem\" width=\"420\">\n<table border=\"0\" cellspacing=\"0\" cellpadding=\"0\">\n<tbody>\n<tr>\n<td class=\"bodybold\">Genauigkeit*<\/td>\n<td>\u00a0\u00b1 (0,1 % + 1)<\/td>\n<\/tr>\n<tr>\n<td class=\"PrdSpecSubject\">Max. Aufl\u00f6sung<\/td>\n<td>\u00a00,01 Hz<\/td>\n<\/tr>\n<tr>\n<td class=\"PrdSpecSubject\">Max. zul. Wert<\/td>\n<td>\u00a0100 kHz<\/td>\n<\/tr>\n<\/tbody>\n<\/table>\n<\/td>\n<\/tr>\n<tr>\n<td class=\"PrdSpecItem\" width=\"150\">Temperaturmessung<\/td>\n<td class=\"PrdSpecItem\" width=\"420\">\n<table border=\"0\" cellspacing=\"0\" cellpadding=\"0\">\n<tbody>\n<tr>\n<td class=\"bodybold\">179 &#8211; Genauigkeit*<\/td>\n<td>\u00a0\u00b1 (1,0 % + 10)<\/td>\n<\/tr>\n<tr>\n<td class=\"PrdSpecSubject\">Max. Aufl\u00f6sung<\/td>\n<td>\u00a00,1 \u00b0C<\/td>\n<\/tr>\n<tr>\n<td class=\"PrdSpecSubject\">Messbereich<\/td>\n<td>\u00a0-40 \u00b0C \/ 400 \u00b0C<\/td>\n<\/tr>\n<\/tbody>\n<\/table>\n<\/td>\n<\/tr>\n<tr>\n<td class=\"PrdSpecItem\" width=\"150\">Hinweis<\/td>\n<td class=\"PrdSpecItem\" width=\"420\">\n<table border=\"0\" cellspacing=\"0\" cellpadding=\"0\">\n<tbody>\n<tr>\n<td class=\"bodybold\">*<\/td>\n<td>\u00a0Ungenauigkeit angegeben im besten Bereich in % v. Messwert + Digits<\/td>\n<\/tr>\n<\/tbody>\n<\/table>\n<\/td>\n<\/tr>\n<\/tbody>\n<\/table>\n<table border=\"1\" width=\"650\" cellspacing=\"0\" cellpadding=\"4\">\n<tbody>\n<tr>\n<td class=\"bodybold\" colspan=\"2\" bgcolor=\"#DDE6ED\">Umgebungsdaten<\/td>\n<\/tr>\n<tr>\n<td class=\"PrdSpecItem\" width=\"150\">Betriebstemperatur<\/td>\n<td class=\"PrdSpecItem\" width=\"420\">\n<table border=\"0\" cellspacing=\"0\" cellpadding=\"0\">\n<tbody>\n<tr>\n<td class=\"bodybold\"><\/td>\n<td>\u00a0-10 \u00b0C bis +50 \u00b0C<\/td>\n<\/tr>\n<\/tbody>\n<\/table>\n<\/td>\n<\/tr>\n<tr>\n<td class=\"PrdSpecItem\" width=\"150\">Lagertemperatur<\/td>\n<td class=\"PrdSpecItem\" width=\"420\">\n<table border=\"0\" cellspacing=\"0\" cellpadding=\"0\">\n<tbody>\n<tr>\n<td class=\"bodybold\"><\/td>\n<td>\u00a0-30 \u00b0C bis +60 \u00b0C<\/td>\n<\/tr>\n<\/tbody>\n<\/table>\n<\/td>\n<\/tr>\n<tr>\n<td class=\"PrdSpecItem\" width=\"150\">Luftfeuchtigkeit (ohne Kondensation)<\/td>\n<td class=\"PrdSpecItem\" width=\"420\">\n<table border=\"0\" cellspacing=\"0\" cellpadding=\"0\">\n<tbody>\n<tr>\n<td class=\"bodybold\"><\/td>\n<td>\u00a00% &#8211; 90% (0 \u00b0C &#8211; 35 \u00b0C)<\/td>\n<\/tr>\n<tr>\n<td class=\"PrdSpecSubject\"><\/td>\n<td>\u00a00% &#8211; 70% (35 \u00b0C &#8211; 50 \u00b0C)<\/td>\n<\/tr>\n<\/tbody>\n<\/table>\n<\/td>\n<\/tr>\n<\/tbody>\n<\/table>\n<table border=\"1\" width=\"650\" cellspacing=\"0\" cellpadding=\"4\">\n<tbody>\n<tr>\n<td class=\"bodybold\" colspan=\"2\" bgcolor=\"#DDE6ED\">Sicherheit<\/td>\n<\/tr>\n<tr>\n<td class=\"PrdSpecItem\" width=\"150\">\u00dcberspannungkategorie<\/td>\n<td class=\"PrdSpecItem\" width=\"420\">\n<table border=\"0\" cellspacing=\"0\" cellpadding=\"0\">\n<tbody>\n<tr>\n<td class=\"bodybold\"><\/td>\n<td>\u00a0EN 61010-1 bis 1000 V CAT III.<\/td>\n<\/tr>\n<tr>\n<td class=\"PrdSpecSubject\"><\/td>\n<td>\u00a0EN 61010-1 bis 600 V CAT IV.<\/td>\n<\/tr>\n<\/tbody>\n<\/table>\n<\/td>\n<\/tr>\n<tr>\n<td class=\"PrdSpecItem\" width=\"150\">Zertifiziert durch<\/td>\n<td class=\"PrdSpecItem\" width=\"420\">\n<table border=\"0\" cellspacing=\"0\" cellpadding=\"0\">\n<tbody>\n<tr>\n<td class=\"bodybold\"><\/td>\n<td>\u00a0UL-, CSA- und T\u00dcV-Zulassung; VDE-Zulassung ist angemeldet.<\/td>\n<\/tr>\n<\/tbody>\n<\/table>\n<\/td>\n<\/tr>\n<\/tbody>\n<\/table>\n<table border=\"1\" width=\"650\" cellspacing=\"0\" cellpadding=\"4\">\n<tbody>\n<tr>\n<td class=\"bodybold\" colspan=\"2\" bgcolor=\"#DDE6ED\">Mechanische und allgemeine Daten<\/td>\n<\/tr>\n<tr>\n<td class=\"PrdSpecItem\" width=\"150\">Abmessungen<\/td>\n<td class=\"PrdSpecItem\" width=\"420\">\n<table border=\"0\" cellspacing=\"0\" cellpadding=\"0\">\n<tbody>\n<tr>\n<td class=\"bodybold\"><\/td>\n<td>\u00a043 x 90 x 185 mm<\/td>\n<\/tr>\n<\/tbody>\n<\/table>\n<\/td>\n<\/tr>\n<tr>\n<td class=\"PrdSpecItem\" width=\"150\">Gewicht<\/td>\n<td class=\"PrdSpecItem\" width=\"420\">\n<table border=\"0\" cellspacing=\"0\" cellpadding=\"0\">\n<tbody>\n<tr>\n<td class=\"bodybold\"><\/td>\n<td>\u00a0420 g<\/td>\n<\/tr>\n<\/tbody>\n<\/table>\n<\/td>\n<\/tr>\n<tr>\n<td class=\"PrdSpecItem\" width=\"150\">Gew\u00e4hrleistung<\/td>\n<td class=\"PrdSpecItem\" width=\"420\">\n<table border=\"0\" cellspacing=\"0\" cellpadding=\"0\">\n<tbody>\n<tr>\n<td class=\"bodybold\"><\/td>\n<td>\u00a0Lebenslang<\/td>\n<\/tr>\n<\/tbody>\n<\/table>\n<\/td>\n<\/tr>\n<tr>\n<td class=\"PrdSpecItem\" width=\"150\">Batterie-Lebensdauer<\/td>\n<td class=\"PrdSpecItem\" width=\"420\">\n<table border=\"0\" cellspacing=\"0\" cellpadding=\"0\">\n<tbody>\n<tr>\n<td class=\"bodybold\">Alkali:<\/td>\n<td>\u00a0~200 Stunden typisch, ohne Hintergrundbeleuchtung<\/td>\n<\/tr>\n<\/tbody>\n<\/table>\n<\/td>\n<\/tr>\n<\/tbody>\n<\/table>\n","protected":false},"featured_media":21601,"template":"","meta":{"_acf_changed":false},"product_cat":[230],"product_tag":[],"class_list":{"0":"post-20015","1":"product","2":"type-product","3":"status-publish","4":"has-post-thumbnail","6":"product_cat-geen-onderdeel-van-een-categorie","8":"first","9":"instock","10":"shipping-taxable","11":"purchasable","12":"product-type-simple"},"acf":[],"_links":{"self":[{"href":"https:\/\/vobe.eu\/de\/wp-json\/wp\/v2\/product\/20015"}],"collection":[{"href":"https:\/\/vobe.eu\/de\/wp-json\/wp\/v2\/product"}],"about":[{"href":"https:\/\/vobe.eu\/de\/wp-json\/wp\/v2\/types\/product"}],"wp:featuredmedia":[{"embeddable":true,"href":"https:\/\/vobe.eu\/de\/wp-json\/wp\/v2\/media\/21601"}],"wp:attachment":[{"href":"https:\/\/vobe.eu\/de\/wp-json\/wp\/v2\/media?parent=20015"}],"wp:term":[{"taxonomy":"product_cat","embeddable":true,"href":"https:\/\/vobe.eu\/de\/wp-json\/wp\/v2\/product_cat?post=20015"},{"taxonomy":"product_tag","embeddable":true,"href":"https:\/\/vobe.eu\/de\/wp-json\/wp\/v2\/product_tag?post=20015"}],"curies":[{"name":"wp","href":"https:\/\/api.w.org\/{rel}","templated":true}]}}