{"id":19974,"date":"2017-03-02T23:42:45","date_gmt":"2017-03-02T23:42:45","guid":{"rendered":"https:\/\/vobe.eu\/product\/omicron-cmc356\/"},"modified":"2017-03-02T23:42:45","modified_gmt":"2017-03-02T23:42:45","slug":"omicron-cmc356","status":"publish","type":"product","link":"https:\/\/vobe.eu\/de\/produkt\/omicron-cmc356\/","title":{"rendered":"Omicron CMC356"},"content":{"rendered":"<h3>Hauptmerkmale<\/h3>\n<ul class=\"arrow-list\">\n<li>Sehr leistungsstarke Stromausg\u00e4nge zum Pr\u00fcfen von elektromechanischen Relais mit selbst hoher B\u00fcrde<\/li>\n<li>Hohe Stromamplituden zum Pr\u00fcfen von 5 A-Relais<\/li>\n<li>Hohe Genauigkeit und Vielseitigkeit zum Pr\u00fcfen von statischen und numerischen Relais aller Arten<\/li>\n<li>Integrierte Netzwerkschnittstelle zum Pr\u00fcfen von IEC 61850-IEDs<\/li>\n<li>Analoge Messung und Transientenaufzeichnung mit 10 Kan\u00e4len (Option)<\/li>\n<\/ul>\n","protected":false},"excerpt":{"rendered":"<p>Das CMC\u00a0356 ist das universelle Werkzeug f\u00fcr die Pr\u00fcfung von Schutzrelais aller Arten und Generationen. Es besitzt sechs leistungsstarke Stromausg\u00e4nge (im dreiphasigen Betrieb: bis zu 64 A \/ 860 VA pro Kanal) mit einem gro\u00dfen Dynamikbereich. Damit k\u00f6nnen selbst elektromechanische Relais mit hoher B\u00fcrde gepr\u00fcft werden.<\/p>\n<p>Das vielseitig einsetzbare Pr\u00fcfger\u00e4t ist die erste Wahl f\u00fcr alle Anwendungen, die hohe Amplituden und Ausgangsleistungen ben\u00f6tigen. Inbetriebnahmetechniker sch\u00e4tzen besonders die M\u00f6glichkeit, mit dem CMC\u00a0356 auch prim\u00e4rseitig hohe Str\u00f6me zur Verdrahtungs- und Plausibilit\u00e4tspr\u00fcfung von Stromwandlern einspeisen zu k\u00f6nnen.<\/p>\n","protected":false},"featured_media":18580,"template":"","meta":{"_acf_changed":false},"product_cat":[221],"product_tag":[],"class_list":{"0":"post-19974","1":"product","2":"type-product","3":"status-publish","4":"has-post-thumbnail","6":"product_cat-omicron-de","8":"first","9":"instock","10":"purchasable","11":"product-type-simple"},"acf":[],"_links":{"self":[{"href":"https:\/\/vobe.eu\/de\/wp-json\/wp\/v2\/product\/19974"}],"collection":[{"href":"https:\/\/vobe.eu\/de\/wp-json\/wp\/v2\/product"}],"about":[{"href":"https:\/\/vobe.eu\/de\/wp-json\/wp\/v2\/types\/product"}],"wp:featuredmedia":[{"embeddable":true,"href":"https:\/\/vobe.eu\/de\/wp-json\/wp\/v2\/media\/18580"}],"wp:attachment":[{"href":"https:\/\/vobe.eu\/de\/wp-json\/wp\/v2\/media?parent=19974"}],"wp:term":[{"taxonomy":"product_cat","embeddable":true,"href":"https:\/\/vobe.eu\/de\/wp-json\/wp\/v2\/product_cat?post=19974"},{"taxonomy":"product_tag","embeddable":true,"href":"https:\/\/vobe.eu\/de\/wp-json\/wp\/v2\/product_tag?post=19974"}],"curies":[{"name":"wp","href":"https:\/\/api.w.org\/{rel}","templated":true}]}}