{"id":19973,"date":"2017-03-02T23:42:45","date_gmt":"2017-03-02T23:42:45","guid":{"rendered":"https:\/\/vobe.eu\/product\/it-361\/"},"modified":"2017-03-02T23:42:45","modified_gmt":"2017-03-02T23:42:45","slug":"it-361","status":"publish","type":"product","link":"https:\/\/vobe.eu\/de\/produkt\/it-361\/","title":{"rendered":"IT 361"},"content":{"rendered":"","protected":false},"excerpt":{"rendered":"<p>Der IT-361m entspricht den ISO2178-, ISO 2361-, DIN-, ASTM- und BS-Normen und ist f\u00fcr Labors und schlechte Feldbedingungen geeignet. Das Messger\u00e4t verf\u00fcgt \u00fcber eine externe Sonde mit Sensoren f\u00fcr Ferro (Fe) &#8211; und Nicht-Ferro (NFe) -Substrate.<br \/>\nDer Ferro-Sensor misst die Dicke von nichtmagnetischen Schichten auf magnetischen Substraten. Eg. Farbe, Kunststoff, Chrom, Zink auf Stahl und Eisen.<br \/>\nDer Non-Ferro-Sensor misst die Dicke von nichtleitenden Schichten auf einer nichtmagnetischen Oberfl\u00e4che. Eg. Lacke, Pulverlacke, anodische Schichten auf Edelstahl \/ Aluminium \/ Messing.<br \/>\nLieferung mit Kalibrierfolien und Fe \/ NFe Testplatten<br \/>\nDieses Messger\u00e4t kann vom Benutzer selbst auf verschiedenen Oberfl\u00e4chen kalibriert werden<\/p>\n","protected":false},"featured_media":18574,"template":"","meta":{"_acf_changed":false},"product_cat":[220],"product_tag":[],"class_list":{"0":"post-19973","1":"product","2":"type-product","3":"status-publish","4":"has-post-thumbnail","6":"product_cat-it-de","8":"first","9":"instock","10":"purchasable","11":"product-type-simple"},"acf":[],"_links":{"self":[{"href":"https:\/\/vobe.eu\/de\/wp-json\/wp\/v2\/product\/19973"}],"collection":[{"href":"https:\/\/vobe.eu\/de\/wp-json\/wp\/v2\/product"}],"about":[{"href":"https:\/\/vobe.eu\/de\/wp-json\/wp\/v2\/types\/product"}],"wp:featuredmedia":[{"embeddable":true,"href":"https:\/\/vobe.eu\/de\/wp-json\/wp\/v2\/media\/18574"}],"wp:attachment":[{"href":"https:\/\/vobe.eu\/de\/wp-json\/wp\/v2\/media?parent=19973"}],"wp:term":[{"taxonomy":"product_cat","embeddable":true,"href":"https:\/\/vobe.eu\/de\/wp-json\/wp\/v2\/product_cat?post=19973"},{"taxonomy":"product_tag","embeddable":true,"href":"https:\/\/vobe.eu\/de\/wp-json\/wp\/v2\/product_tag?post=19973"}],"curies":[{"name":"wp","href":"https:\/\/api.w.org\/{rel}","templated":true}]}}