{"id":19971,"date":"2017-04-02T11:21:31","date_gmt":"2017-04-02T11:21:31","guid":{"rendered":"https:\/\/vobe.eu\/product\/druck-uno-ups-ii-1841\/"},"modified":"2017-04-02T11:21:31","modified_gmt":"2017-04-02T11:21:31","slug":"druck-uno-ups-ii-1841","status":"publish","type":"product","link":"https:\/\/vobe.eu\/de\/produkt\/druck-uno-ups-ii-1841\/","title":{"rendered":"Druck UNO-UPS-II-1841"},"content":{"rendered":"<p>Ausgabe und liest mA<br \/>\nFeste, automatische Schritt- und Riser-Funktionen f\u00fcr die Stromversorgung<br \/>\nLesen \/ Aufzeichnen von Schritten in mA oder% \u00dcberspannung<br \/>\nVereinfachte Klappe mit festen Ausg\u00e4ngen von 3,8, 4, 4,2, 12, 19, 20 und 21mA, damit der Benutzer den korrekten Winkel und die Funktion eines Ventils \u00fcberpr\u00fcfen kann<br \/>\n(L x B x T): 124 x 77 x 21 mm<\/p>\n","protected":false},"excerpt":{"rendered":"<p>Ein hochwertiges Ger\u00e4t im Taschenformat zur \u00dcberwachung und Simulation von 2-Leiter-Transmittern und Prallventilen. Die mikroprozessorbasierte Elektronik erm\u00f6glicht den Einsatz des Ger\u00e4ts in einer Vielzahl von Industrie- und Prozessanwendungen.<\/p>\n","protected":false},"featured_media":18601,"template":"","meta":{"_acf_changed":false},"product_cat":[230],"product_tag":[],"class_list":{"0":"post-19971","1":"product","2":"type-product","3":"status-publish","4":"has-post-thumbnail","6":"product_cat-geen-onderdeel-van-een-categorie","8":"first","9":"instock","10":"shipping-taxable","11":"purchasable","12":"product-type-simple"},"acf":[],"_links":{"self":[{"href":"https:\/\/vobe.eu\/de\/wp-json\/wp\/v2\/product\/19971"}],"collection":[{"href":"https:\/\/vobe.eu\/de\/wp-json\/wp\/v2\/product"}],"about":[{"href":"https:\/\/vobe.eu\/de\/wp-json\/wp\/v2\/types\/product"}],"wp:featuredmedia":[{"embeddable":true,"href":"https:\/\/vobe.eu\/de\/wp-json\/wp\/v2\/media\/18601"}],"wp:attachment":[{"href":"https:\/\/vobe.eu\/de\/wp-json\/wp\/v2\/media?parent=19971"}],"wp:term":[{"taxonomy":"product_cat","embeddable":true,"href":"https:\/\/vobe.eu\/de\/wp-json\/wp\/v2\/product_cat?post=19971"},{"taxonomy":"product_tag","embeddable":true,"href":"https:\/\/vobe.eu\/de\/wp-json\/wp\/v2\/product_tag?post=19971"}],"curies":[{"name":"wp","href":"https:\/\/api.w.org\/{rel}","templated":true}]}}