{"id":19949,"date":"2017-03-02T23:42:45","date_gmt":"2017-03-02T23:42:45","guid":{"rendered":"https:\/\/vobe.eu\/product\/19949\/"},"modified":"2017-03-02T23:42:45","modified_gmt":"2017-03-02T23:42:45","slug":"19949","status":"publish","type":"product","link":"https:\/\/vobe.eu\/de\/produkt\/19949\/","title":{"rendered":""},"content":{"rendered":"<table border=\"0\" width=\"690px\" cellspacing=\"0\" cellpadding=\"0\">\n<tbody>\n<tr id=\"_ctl0_MainContentPlaceHolder_trPrdTabs\">\n<td>\n<table border=\"0\" cellspacing=\"0\" cellpadding=\"0\">\n<tbody>\n<tr>\n<td>\n<div align=\"left\">\n<div id=\"_ctl0_MainContentPlaceHolder_ucTabProduts_radMultPageHome\">\n<div id=\"_ctl0_MainContentPlaceHolder_ucTabProduts_pvSpecs\" class=\"\">\n<div>\n<table id=\"Table1\" border=\"0\" width=\"650px\" cellspacing=\"0\" cellpadding=\"0\" align=\"left\">\n<tbody>\n<tr valign=\"top\">\n<td valign=\"top\">\n<table border=\"1\" width=\"650\" cellspacing=\"0\" cellpadding=\"4\">\n<tbody>\n<tr>\n<td class=\"bodybold\" colspan=\"2\" bgcolor=\"#DDE6ED\">Genauigkeit<\/td>\n<\/tr>\n<tr>\n<td class=\"PrdSpecItem\" width=\"150\">Gleichspannung<\/td>\n<td class=\"PrdSpecItem\" width=\"420\">\n<table border=\"0\" cellspacing=\"0\" cellpadding=\"0\">\n<tbody>\n<tr>\n<td class=\"bodybold\">Bereich<\/td>\n<td>\u00a00,1\u00a0mV bis 1.000\u00a0V<\/td>\n<\/tr>\n<tr>\n<td class=\"PrdSpecSubject\">Ungenauigkeit<\/td>\n<td>\u00a00,25\u00a0% +\u00a02 Digits<\/td>\n<\/tr>\n<\/tbody>\n<\/table>\n<\/td>\n<\/tr>\n<tr>\n<td class=\"PrdSpecItem\" width=\"150\">Wechselspannung<\/td>\n<td class=\"PrdSpecItem\" width=\"420\">\n<table border=\"0\" cellspacing=\"0\" cellpadding=\"0\">\n<tbody>\n<tr>\n<td class=\"bodybold\">Bereich<\/td>\n<td>\u00a00,1\u00a0mV bis 1.000\u00a0V<\/td>\n<\/tr>\n<tr>\n<td class=\"PrdSpecSubject\">Ungenauigkeit<\/td>\n<td>\u00a01,0\u00a0% +\u00a03 Digits<\/td>\n<\/tr>\n<\/tbody>\n<\/table>\n<\/td>\n<\/tr>\n<tr>\n<td class=\"PrdSpecItem\" width=\"150\">Gleichstrommessung<\/td>\n<td class=\"PrdSpecItem\" width=\"420\">\n<table border=\"0\" cellspacing=\"0\" cellpadding=\"0\">\n<tbody>\n<tr>\n<td class=\"bodybold\">Bereich<\/td>\n<td>\u00a01\u00a0mA bis 10\u00a0A<\/td>\n<\/tr>\n<tr>\n<td class=\"PrdSpecSubject\">Ungenauigkeit<\/td>\n<td>\u00a01,0\u00a0% +\u00a03<\/td>\n<\/tr>\n<\/tbody>\n<\/table>\n<\/td>\n<\/tr>\n<tr>\n<td class=\"PrdSpecItem\" width=\"150\">Wechselstrom<\/td>\n<td class=\"PrdSpecItem\" width=\"420\">\n<table border=\"0\" cellspacing=\"0\" cellpadding=\"0\">\n<tbody>\n<tr>\n<td class=\"bodybold\">Bereich<\/td>\n<td>\u00a01\u00a0mA bis 10\u00a0A<\/td>\n<\/tr>\n<tr>\n<td class=\"PrdSpecSubject\">Ungenauigkeit<\/td>\n<td>\u00a01,5\u00a0% +\u00a03 Digits<\/td>\n<\/tr>\n<\/tbody>\n<\/table>\n<\/td>\n<\/tr>\n<tr>\n<td class=\"PrdSpecItem\" width=\"150\">Widerstandsmessung<\/td>\n<td class=\"PrdSpecItem\" width=\"420\">\n<table border=\"0\" cellspacing=\"0\" cellpadding=\"0\">\n<tbody>\n<tr>\n<td class=\"bodybold\">Bereich<\/td>\n<td>\u00a00,1\u00a0\u03a9 bis 40\u00a0M\u03a9<\/td>\n<\/tr>\n<\/tbody>\n<\/table>\n<\/td>\n<\/tr>\n<tr>\n<td class=\"PrdSpecItem\" width=\"150\">Digits<\/td>\n<td class=\"PrdSpecItem\" width=\"420\">\n<table border=\"0\" cellspacing=\"0\" cellpadding=\"0\">\n<tbody>\n<tr>\n<td class=\"bodybold\"><\/td>\n<td>\u00a06000<\/td>\n<\/tr>\n<\/tbody>\n<\/table>\n<\/td>\n<\/tr>\n<tr>\n<td class=\"PrdSpecItem\" width=\"150\">Kapazit\u00e4tsmessung<\/td>\n<td class=\"PrdSpecItem\" width=\"420\">\n<table border=\"0\" cellspacing=\"0\" cellpadding=\"0\">\n<tbody>\n<tr>\n<td class=\"bodybold\"><\/td>\n<td>\u00a01\u00a0nF bis 9.999\u00a0\u03bcF<\/td>\n<\/tr>\n<\/tbody>\n<\/table>\n<\/td>\n<\/tr>\n<tr>\n<td class=\"PrdSpecItem\" width=\"150\">Frequenzmessung<\/td>\n<td class=\"PrdSpecItem\" width=\"420\">\n<table border=\"0\" cellspacing=\"0\" cellpadding=\"0\">\n<tbody>\n<tr>\n<td class=\"bodybold\"><\/td>\n<td>\u00a05 Hz \u2013 50 kHz (Vac), 45Hz \u2013 50kHz (Aac)<\/td>\n<\/tr>\n<\/tbody>\n<\/table>\n<\/td>\n<\/tr>\n<tr>\n<td class=\"PrdSpecItem\" width=\"150\">Temperaturmessung<\/td>\n<td class=\"PrdSpecItem\" width=\"420\">\n<table border=\"0\" cellspacing=\"0\" cellpadding=\"0\">\n<tbody>\n<tr>\n<td class=\"bodybold\"><\/td>\n<td>\u00a0-40\u00b0C bis +400\u00b0C<\/td>\n<\/tr>\n<\/tbody>\n<\/table>\n<\/td>\n<\/tr>\n<tr>\n<td class=\"PrdSpecItem\" width=\"150\">Stromversorgung<\/td>\n<td class=\"PrdSpecItem\" width=\"420\">\n<table border=\"0\" cellspacing=\"0\" cellpadding=\"0\">\n<tbody>\n<tr>\n<td class=\"bodybold\"><\/td>\n<td>\u00a0Mignonzellen (AA): drei f\u00fcr das Hauptger\u00e4t, zwei f\u00fcr die Anzeige<\/td>\n<\/tr>\n<\/tbody>\n<\/table>\n<\/td>\n<\/tr>\n<tr>\n<td class=\"PrdSpecItem\" width=\"150\">Batterielebensdauer<\/td>\n<td class=\"PrdSpecItem\" width=\"420\">\n<table border=\"0\" cellspacing=\"0\" cellpadding=\"0\">\n<tbody>\n<tr>\n<td class=\"bodybold\"><\/td>\n<td>\u00a0400\u00a0Stunden<\/td>\n<\/tr>\n<\/tbody>\n<\/table>\n<\/td>\n<\/tr>\n<tr>\n<td class=\"PrdSpecItem\" width=\"150\">Frequenz der drahtlosen Verbindung<\/td>\n<td class=\"PrdSpecItem\" width=\"420\">\n<table border=\"0\" cellspacing=\"0\" cellpadding=\"0\">\n<tbody>\n<tr>\n<td class=\"bodybold\"><\/td>\n<td>\u00a02,4\u00a0GHz beim ISM-Band (\u00dcbertragungsbereich: 10\u00a0Meter)<\/td>\n<\/tr>\n<\/tbody>\n<\/table>\n<\/td>\n<\/tr>\n<tr>\n<td class=\"PrdSpecItem\" width=\"150\">Sicherheitsspezifikation<\/td>\n<td class=\"PrdSpecItem\" width=\"420\">\n<table border=\"0\" cellspacing=\"0\" cellpadding=\"0\">\n<tbody>\n<tr>\n<td class=\"bodybold\"><\/td>\n<td>\u00a0CAT\u00a0IV 600\u00a0V, CAT\u00a0III 1.000\u00a0V<\/td>\n<\/tr>\n<\/tbody>\n<\/table>\n<\/td>\n<\/tr>\n<\/tbody>\n<\/table>\n<table border=\"1\" width=\"650\" cellspacing=\"0\" cellpadding=\"4\">\n<tbody>\n<tr>\n<td class=\"bodybold\" colspan=\"2\" bgcolor=\"#DDE6ED\">Allgemeine Daten<\/td>\n<\/tr>\n<tr>\n<td class=\"PrdSpecItem\" width=\"150\">Grundfunktionen<\/td>\n<td class=\"PrdSpecItem\" width=\"420\">\n<table border=\"0\" cellspacing=\"0\" cellpadding=\"0\">\n<tbody>\n<tr>\n<td class=\"bodybold\">Wechselstrom (echteffektiv)<\/td>\n<td>\u00a0Ja<\/td>\n<\/tr>\n<tr>\n<td class=\"PrdSpecSubject\">Bereichswahl<\/td>\n<td>\u00a0Automatisch\/Manuell<\/td>\n<\/tr>\n<\/tbody>\n<\/table>\n<\/td>\n<\/tr>\n<tr>\n<td class=\"PrdSpecItem\" width=\"150\">Anzeige<\/td>\n<td class=\"PrdSpecItem\" width=\"420\">\n<table border=\"0\" cellspacing=\"0\" cellpadding=\"0\">\n<tbody>\n<tr>\n<td class=\"bodybold\">Hintergrundbeleuchtung<\/td>\n<td>\u00a0Ja<\/td>\n<\/tr>\n<\/tbody>\n<\/table>\n<\/td>\n<\/tr>\n<tr>\n<td class=\"PrdSpecItem\" width=\"150\">Datenspeicher<\/td>\n<td class=\"PrdSpecItem\" width=\"420\">\n<table border=\"0\" cellspacing=\"0\" cellpadding=\"0\">\n<tbody>\n<tr>\n<td class=\"bodybold\">Min-\/Max-\/Durchschnittswert<\/td>\n<td>\u00a0Ja<\/td>\n<\/tr>\n<\/tbody>\n<\/table>\n<\/td>\n<\/tr>\n<tr>\n<td class=\"PrdSpecItem\" width=\"150\">Weitere Funktionen<\/td>\n<td class=\"PrdSpecItem\" width=\"420\">\n<table border=\"0\" cellspacing=\"0\" cellpadding=\"0\">\n<tbody>\n<tr>\n<td class=\"bodybold\">Batterietyp<\/td>\n<td>\u00a0Alkali-Batterie Typ\u00a0AA<\/td>\n<\/tr>\n<tr>\n<td class=\"PrdSpecSubject\">Abnehmbares Display<\/td>\n<td>\u00a0Ja<\/td>\n<\/tr>\n<\/tbody>\n<\/table>\n<\/td>\n<\/tr>\n<tr>\n<td class=\"PrdSpecItem\" width=\"150\">Gew\u00e4hrleistung und Schutz<\/td>\n<td class=\"PrdSpecItem\" width=\"420\">\n<table border=\"0\" cellspacing=\"0\" cellpadding=\"0\">\n<tbody>\n<tr>\n<td class=\"bodybold\">Sicherheitsspezifikation nach EN\u00a061010<\/td>\n<td>\u00a0CAT\u00a0IV 600\u00a0V\/CAT\u00a0III 1.000\u00a0V<\/td>\n<\/tr>\n<tr>\n<td class=\"PrdSpecSubject\">Externer Schutz<\/td>\n<td>\u00a0Gummi\u00fcberzug<\/td>\n<\/tr>\n<tr>\n<td class=\"PrdSpecSubject\">Gew\u00e4hrleistung<\/td>\n<td>\u00a0Drei Jahre<\/td>\n<\/tr>\n<tr>\n<td class=\"PrdSpecSubject\">Abmessungen (H x B x T)<\/td>\n<td>\u00a05,3\u00a0mm x\u00a05,3 mm x 19,3\u00a0mm<\/td>\n<\/tr>\n<tr>\n<td class=\"PrdSpecSubject\">Gewicht<\/td>\n<td>\u00a0604\u00a0g<\/td>\n<\/tr>\n<\/tbody>\n<\/table>\n<\/td>\n<\/tr>\n<\/tbody>\n<\/table>\n<\/td>\n<\/tr>\n<\/tbody>\n<\/table>\n<\/div>\n<\/div>\n<\/div>\n<\/div>\n<\/td>\n<\/tr>\n<\/tbody>\n<\/table>\n<\/td>\n<td><\/td>\n<\/tr>\n<\/tbody>\n<\/table>\n<table id=\"Table10\" border=\"0\" width=\"690px\" cellspacing=\"0\" cellpadding=\"0\">\n<tbody>\n<tr>\n<td><\/td>\n<\/tr>\n<\/tbody>\n<\/table>\n<p><\/p>\n","protected":false},"excerpt":{"rendered":"<p>Mit dem NEUEN Fluke\u00a0233 Echteffektiv-Digitalmultimeter mit abnehmbarem Anzeige-Modul\u00a0sind Sie auch in ungew\u00f6hnlichen Messsituationen \u00e4u\u00dferst flexibel. Platzieren Sie das abnehmbare Display dort, wo Sie es sehen k\u00f6nnen und das Messger\u00e4t an dem gew\u00fcnschten Ort. Somit hat das umst\u00e4ndliche Hantieren mit Leitungen und Ger\u00e4t beim Versuch, an schwer erreichbare Stellen zu gelangen, ein Ende. Sie k\u00f6nnen nun Messungen an schwer erreichbaren Orten durchf\u00fchren, an denen Maschinen oder Verteilungen von Steuerungen und Schaltanlagen einige Meter voneinander entfernt sind, bzw. in den Anwendern unzug\u00e4nglichen Orten wie Reinr\u00e4umen oder gef\u00e4hrliche Bereichen.<\/p>\n","protected":false},"featured_media":18479,"template":"","meta":{"_acf_changed":false},"product_cat":[218],"product_tag":[],"class_list":{"0":"post-19949","1":"product","2":"type-product","3":"status-publish","4":"has-post-thumbnail","6":"product_cat-fluke-de-2","8":"first","9":"instock","10":"purchasable","11":"product-type-simple"},"acf":[],"_links":{"self":[{"href":"https:\/\/vobe.eu\/de\/wp-json\/wp\/v2\/product\/19949"}],"collection":[{"href":"https:\/\/vobe.eu\/de\/wp-json\/wp\/v2\/product"}],"about":[{"href":"https:\/\/vobe.eu\/de\/wp-json\/wp\/v2\/types\/product"}],"wp:featuredmedia":[{"embeddable":true,"href":"https:\/\/vobe.eu\/de\/wp-json\/wp\/v2\/media\/18479"}],"wp:attachment":[{"href":"https:\/\/vobe.eu\/de\/wp-json\/wp\/v2\/media?parent=19949"}],"wp:term":[{"taxonomy":"product_cat","embeddable":true,"href":"https:\/\/vobe.eu\/de\/wp-json\/wp\/v2\/product_cat?post=19949"},{"taxonomy":"product_tag","embeddable":true,"href":"https:\/\/vobe.eu\/de\/wp-json\/wp\/v2\/product_tag?post=19949"}],"curies":[{"name":"wp","href":"https:\/\/api.w.org\/{rel}","templated":true}]}}