{"id":19946,"date":"2017-03-02T23:42:45","date_gmt":"2017-03-02T23:42:45","guid":{"rendered":"https:\/\/vobe.eu\/product\/fluke-810\/"},"modified":"2017-03-02T23:42:45","modified_gmt":"2017-03-02T23:42:45","slug":"fluke-810","status":"publish","type":"product","link":"https:\/\/vobe.eu\/de\/produkt\/fluke-810\/","title":{"rendered":"Fluke 810"},"content":{"rendered":"<p>Reduzierung ungeplanter Stillstandzeiten, Vermeidung h\u00e4ufig wiederkehrender Probleme, Setzen von Priorit\u00e4ten bei der Reparatur und Verwaltung Ihrer Ressourcen mit einem v\u00f6llig neuen Ansatz zur Durchf\u00fchrung von Schwingungsmessungen.<\/p>\n<p>Das Schwingungsmessger\u00e4t Fluke\u00a0810 ist das Profiwerkzeug f\u00fcr Instandhaltungstechniker in der Mechanik, die sofort eine L\u00f6sung ben\u00f6tigen. Mit der einzigartigen Diagnosetechnik dieses professionellen Schwingungsanalysators k\u00f6nnen Sie mechanische Probleme schnell erkennen und nach Priorit\u00e4ten ordnen.<\/p>\n<table>\n<tbody>\n<tr>\n<td>Diagnosespezifikationen<\/td>\n<\/tr>\n<tr>\n<td class=\"PrdSpecItem\" width=\"150\">Standardfehler<\/td>\n<td class=\"PrdSpecItem\" width=\"420\">\n<table border=\"0\" cellspacing=\"0\" cellpadding=\"0\">\n<tbody>\n<tr>\n<td class=\"bodybold\"><\/td>\n<td>\u00a0Unsymmetrie, Lockerung, falsche Ausrichtung und Lagesch\u00e4den<\/td>\n<\/tr>\n<\/tbody>\n<\/table>\n<\/td>\n<\/tr>\n<tr>\n<td class=\"PrdSpecItem\" width=\"150\">Analyse von<\/td>\n<td class=\"PrdSpecItem\" width=\"420\">\n<table border=\"0\" cellspacing=\"0\" cellpadding=\"0\">\n<tbody>\n<tr>\n<td class=\"bodybold\"><\/td>\n<td>\u00a0Motoren, Ventilatoren, Gebl\u00e4se, Antriebe mit Riemen oder Ketten, Getriebe, Kupplungen, Kreiselpumpen, Kolbenpumpen, Fl\u00fcgelzellenpumpen, Propellerpumpen, Schraubenspindelpumpen, Drehkolben-\/Kreiskolben-\/Zahnradpumpen, Kolbenkompressoren, Zentrifugalkompressoren, Schraubenkompressoren, Blockpumpen, Spindeln<\/td>\n<\/tr>\n<\/tbody>\n<\/table>\n<\/td>\n<\/tr>\n<tr>\n<td class=\"PrdSpecItem\" width=\"150\">Drehzahlbereich<\/td>\n<td class=\"PrdSpecItem\" width=\"420\">\n<table border=\"0\" cellspacing=\"0\" cellpadding=\"0\">\n<tbody>\n<tr>\n<td class=\"bodybold\"><\/td>\n<td>\u00a0200\u00a0U\/min bis 12000\u00a0U\/min<\/td>\n<\/tr>\n<\/tbody>\n<\/table>\n<\/td>\n<\/tr>\n<tr>\n<td class=\"PrdSpecItem\" width=\"150\">Weitere Informationen zur Diagnose<\/td>\n<td class=\"PrdSpecItem\" width=\"420\">\n<table border=\"0\" cellspacing=\"0\" cellpadding=\"0\">\n<tbody>\n<tr>\n<td class=\"bodybold\"><\/td>\n<td>\u00a0Klartextdiagnose, Fehlergrad (gering, mittel, schwer, sehr schwer) Reparaturdetails, Spitzenwerte, Spektren<\/td>\n<\/tr>\n<\/tbody>\n<\/table>\n<\/td>\n<\/tr>\n<\/tbody>\n<\/table>\n<table border=\"1\" width=\"650\" cellspacing=\"0\" cellpadding=\"4\">\n<tbody>\n<tr>\n<td class=\"bodybold\" colspan=\"2\" bgcolor=\"#DDE6ED\">Elektrische Daten<\/td>\n<\/tr>\n<tr>\n<td class=\"PrdSpecItem\" width=\"150\">Bereichswahl<\/td>\n<td class=\"PrdSpecItem\" width=\"420\">\n<table border=\"0\" cellspacing=\"0\" cellpadding=\"0\">\n<tbody>\n<tr>\n<td class=\"bodybold\"><\/td>\n<td>\u00a0Automatisch<\/td>\n<\/tr>\n<\/tbody>\n<\/table>\n<\/td>\n<\/tr>\n<tr>\n<td class=\"PrdSpecItem\" width=\"150\">A\/D-Wandler<\/td>\n<td class=\"PrdSpecItem\" width=\"420\">\n<table border=\"0\" cellspacing=\"0\" cellpadding=\"0\">\n<tbody>\n<tr>\n<td class=\"bodybold\"><\/td>\n<td>\u00a0vierkanalig, 24\u00a0Bit<\/td>\n<\/tr>\n<\/tbody>\n<\/table>\n<\/td>\n<\/tr>\n<tr>\n<td class=\"PrdSpecItem\" width=\"150\">Nutzbare Bandbreite<\/td>\n<td class=\"PrdSpecItem\" width=\"420\">\n<table border=\"0\" cellspacing=\"0\" cellpadding=\"0\">\n<tbody>\n<tr>\n<td class=\"bodybold\"><\/td>\n<td>\u00a02\u00a0Hz bis 20\u00a0kHz<\/td>\n<\/tr>\n<\/tbody>\n<\/table>\n<\/td>\n<\/tr>\n<tr>\n<td class=\"PrdSpecItem\" width=\"150\">Abtastung<\/td>\n<td class=\"PrdSpecItem\" width=\"420\">\n<table border=\"0\" cellspacing=\"0\" cellpadding=\"0\">\n<tbody>\n<tr>\n<td class=\"bodybold\"><\/td>\n<td>\u00a051,2\u00a0Hz<\/td>\n<\/tr>\n<\/tbody>\n<\/table>\n<\/td>\n<\/tr>\n<tr>\n<td class=\"PrdSpecItem\" width=\"150\">Digitale Signalverarbeitungsfunktion<\/td>\n<td class=\"PrdSpecItem\" width=\"420\">\n<table border=\"0\" cellspacing=\"0\" cellpadding=\"0\">\n<tbody>\n<tr>\n<td class=\"bodybold\"><\/td>\n<td>\u00a0Automatisch konfigurierter Anti-Aliasing-Filter, Hochpassfilter, Dezimation, \u00dcberlappung, Fensterbetrachtung, FFT und Mittelwertbildung<\/td>\n<\/tr>\n<\/tbody>\n<\/table>\n<\/td>\n<\/tr>\n<tr>\n<td class=\"PrdSpecItem\" width=\"150\">Abtastrate<\/td>\n<td class=\"PrdSpecItem\" width=\"420\">\n<table border=\"0\" cellspacing=\"0\" cellpadding=\"0\">\n<tbody>\n<tr>\n<td class=\"bodybold\"><\/td>\n<td>\u00a02,5\u00a0Hz bis 50\u00a0kHz<\/td>\n<\/tr>\n<\/tbody>\n<\/table>\n<\/td>\n<\/tr>\n<tr>\n<td class=\"PrdSpecItem\" width=\"150\">Dynamischer Bereich<\/td>\n<td class=\"PrdSpecItem\" width=\"420\">\n<table border=\"0\" cellspacing=\"0\" cellpadding=\"0\">\n<tbody>\n<tr>\n<td class=\"bodybold\"><\/td>\n<td>\u00a0128\u00a0dB<\/td>\n<\/tr>\n<\/tbody>\n<\/table>\n<\/td>\n<\/tr>\n<tr>\n<td class=\"PrdSpecItem\" width=\"150\">Verh\u00e4ltnis Signal zu Rauschen<\/td>\n<td class=\"PrdSpecItem\" width=\"420\">\n<table border=\"0\" cellspacing=\"0\" cellpadding=\"0\">\n<tbody>\n<tr>\n<td class=\"bodybold\"><\/td>\n<td>\u00a0100\u00a0dB<\/td>\n<\/tr>\n<\/tbody>\n<\/table>\n<\/td>\n<\/tr>\n<tr>\n<td class=\"PrdSpecItem\" width=\"150\">FFT-Aufl\u00f6sung<\/td>\n<td class=\"PrdSpecItem\" width=\"420\">\n<table border=\"0\" cellspacing=\"0\" cellpadding=\"0\">\n<tbody>\n<tr>\n<td class=\"bodybold\"><\/td>\n<td>\u00a0800\u00a0Linien<\/td>\n<\/tr>\n<\/tbody>\n<\/table>\n<\/td>\n<\/tr>\n<tr>\n<td class=\"PrdSpecItem\" width=\"150\">Spektrum-Fenster<\/td>\n<td class=\"PrdSpecItem\" width=\"420\">\n<table border=\"0\" cellspacing=\"0\" cellpadding=\"0\">\n<tbody>\n<tr>\n<td class=\"bodybold\"><\/td>\n<td>\u00a0Hanning<\/td>\n<\/tr>\n<\/tbody>\n<\/table>\n<\/td>\n<\/tr>\n<tr>\n<td class=\"PrdSpecItem\" width=\"150\">Frequenzeinheiten<\/td>\n<td class=\"PrdSpecItem\" width=\"420\">\n<table border=\"0\" cellspacing=\"0\" cellpadding=\"0\">\n<tbody>\n<tr>\n<td class=\"bodybold\"><\/td>\n<td>\u00a0Hz, Ordnungen, U\/min<\/td>\n<\/tr>\n<\/tbody>\n<\/table>\n<\/td>\n<\/tr>\n<tr>\n<td class=\"PrdSpecItem\" width=\"150\">Amplitudeneinheiten<\/td>\n<td class=\"PrdSpecItem\" width=\"420\">\n<table border=\"0\" cellspacing=\"0\" cellpadding=\"0\">\n<tbody>\n<tr>\n<td class=\"bodybold\"><\/td>\n<td>\u00a0in\/s, mm\/s, VdB (USA), VdB* (Europa)<\/td>\n<\/tr>\n<\/tbody>\n<\/table>\n<\/td>\n<\/tr>\n<tr>\n<td class=\"PrdSpecItem\" width=\"150\">Nicht-fl\u00fcchtiger Speicher<\/td>\n<td class=\"PrdSpecItem\" width=\"420\">\n<table border=\"0\" cellspacing=\"0\" cellpadding=\"0\">\n<tbody>\n<tr>\n<td class=\"bodybold\"><\/td>\n<td>\u00a0microSD-Speicherkarte, 2\u00a0GB intern + leicht zug\u00e4nglicher Steckplatz f\u00fcr zus\u00e4tzlichen Speicher<\/td>\n<\/tr>\n<\/tbody>\n<\/table>\n<\/td>\n<\/tr>\n<\/tbody>\n<\/table>\n<table border=\"1\" width=\"650\" cellspacing=\"0\" cellpadding=\"4\">\n<tbody>\n<tr>\n<td class=\"bodybold\" colspan=\"2\" bgcolor=\"#DDE6ED\">Allgemeine Daten<\/td>\n<\/tr>\n<tr>\n<td class=\"PrdSpecItem\" width=\"150\">Abmessungen (HxTxB)<\/td>\n<td class=\"PrdSpecItem\" width=\"420\">\n<table border=\"0\" cellspacing=\"0\" cellpadding=\"0\">\n<tbody>\n<tr>\n<td class=\"bodybold\"><\/td>\n<td>\u00a018,56\u00a0x 7,00\u00a0x 26,72\u00a0mm<\/td>\n<\/tr>\n<\/tbody>\n<\/table>\n<\/td>\n<\/tr>\n<tr>\n<td class=\"PrdSpecItem\" width=\"150\">Gewicht (mit Batterie)<\/td>\n<td class=\"PrdSpecItem\" width=\"420\">\n<table border=\"0\" cellspacing=\"0\" cellpadding=\"0\">\n<tbody>\n<tr>\n<td class=\"bodybold\"><\/td>\n<td>\u00a01,9\u00a0kg<\/td>\n<\/tr>\n<\/tbody>\n<\/table>\n<\/td>\n<\/tr>\n<tr>\n<td class=\"PrdSpecItem\" width=\"150\">Display<\/td>\n<td class=\"PrdSpecItem\" width=\"420\">\n<table border=\"0\" cellspacing=\"0\" cellpadding=\"0\">\n<tbody>\n<tr>\n<td class=\"bodybold\"><\/td>\n<td>\u00a0\u00bc VGA, 320\u00a0\u00d7\u00a0240 Pixel Farbe (5,7\u00a0Zoll diagonal) TFT-LCD mit LED-Hintergrundbeleuchtung<\/td>\n<\/tr>\n<\/tbody>\n<\/table>\n<\/td>\n<\/tr>\n<tr>\n<td class=\"PrdSpecItem\" width=\"150\">Eingangs-\/Ausgangsanschl\u00fcsse<\/td>\n<td class=\"PrdSpecItem\" width=\"420\">\n<table border=\"0\" cellspacing=\"0\" cellpadding=\"0\">\n<tbody>\n<tr>\n<td class=\"bodybold\">Triaxialer Sensor-Anschluss<\/td>\n<td>\u00a04-poliger M12-Anschluss<\/td>\n<\/tr>\n<tr>\n<td class=\"PrdSpecSubject\">Anschluss f\u00fcr einaxialen Sensor<\/td>\n<td>\u00a0BNC-Steckverbinder<\/td>\n<\/tr>\n<tr>\n<td class=\"PrdSpecSubject\">Drehzahlmesser-Anschluss<\/td>\n<td>\u00a06-poliger Mini-DIN-Steckverbinder<\/td>\n<\/tr>\n<tr>\n<td class=\"PrdSpecSubject\">PC-Anschluss<\/td>\n<td>\u00a0Mini-B-USB-Stecker (2.0)<\/td>\n<\/tr>\n<\/tbody>\n<\/table>\n<\/td>\n<\/tr>\n<tr>\n<td class=\"PrdSpecItem\" width=\"150\">Akku<\/td>\n<td class=\"PrdSpecItem\" width=\"420\">\n<table border=\"0\" cellspacing=\"0\" cellpadding=\"0\">\n<tbody>\n<tr>\n<td class=\"bodybold\">Akkutyp<\/td>\n<td>\u00a0Lithium-Ionen, 14,8\u00a0V, 2,55\u00a0Ah<\/td>\n<\/tr>\n<tr>\n<td class=\"PrdSpecSubject\">Ladedauer:<\/td>\n<td>\u00a0Drei Stunden<\/td>\n<\/tr>\n<tr>\n<td class=\"PrdSpecSubject\">Betriebsdauer<\/td>\n<td>\u00a0Acht Stunden (unter normalen Bedingungen)<\/td>\n<\/tr>\n<\/tbody>\n<\/table>\n<\/td>\n<\/tr>\n<tr>\n<td class=\"PrdSpecItem\" width=\"150\">Netzadapter<\/td>\n<td class=\"PrdSpecItem\" width=\"420\">\n<table border=\"0\" cellspacing=\"0\" cellpadding=\"0\">\n<tbody>\n<tr>\n<td class=\"bodybold\">Eingangsspannung<\/td>\n<td>\u00a0100 bis 240\u00a0V\u00a0AC<\/td>\n<\/tr>\n<tr>\n<td class=\"PrdSpecSubject\">Eingangsfrequenz<\/td>\n<td>\u00a0(50\/60\u00a0Hz)<\/td>\n<\/tr>\n<\/tbody>\n<\/table>\n<\/td>\n<\/tr>\n<tr>\n<td class=\"PrdSpecItem\" width=\"150\">Betriebssystem<\/td>\n<td class=\"PrdSpecItem\" width=\"420\">\n<table border=\"0\" cellspacing=\"0\" cellpadding=\"0\">\n<tbody>\n<tr>\n<td class=\"bodybold\"><\/td>\n<td>\u00a0WinCE 6.0 Core<\/td>\n<\/tr>\n<\/tbody>\n<\/table>\n<\/td>\n<\/tr>\n<\/tbody>\n<\/table>\n<p><\/p>\n","protected":false},"excerpt":{"rendered":"<p>Sie und Ihr Team m\u00f6chten die Anlage optimal betreiben. Sie tun, was n\u00f6tig ist, damit alles intakt bleibt. Manchmal fehlt es aber einfach an Zeit und Ressourcen, um die Arbeitsbelastung zu bew\u00e4ltigen, ganz zu schweigen davon, vorausschauende L\u00f6sungen f\u00fcr die mechanische Instandhaltung zu finden. Mit dem Schwingungsmessger\u00e4t Fluke\u00a0810 sind Sie anderen immer einen Schritt voraus. Dank eines einfachen Schritt-f\u00fcr-Schritt-Prozesses k\u00f6nnen Maschinenfehler und ihr Fehlergrad schon bei der ersten Messung dokumentiert werden, auch ohne Messwerte aus vorherigen Messungen. Anhand des auf dem Diagnosebildschirm angezeigten Gesamtschwingungspegels kann sofort der Maschinenzustand bewertet werden. Erweiterte Berichtsfunktionen und Empfehlungen f\u00fcr Sofortma\u00dfnahmen geben Ihnen die Gewissheit, die Sie die wirklich kritischen Probleme zuerst beseitigen.<\/p>\n","protected":false},"featured_media":18552,"template":"","meta":{"_acf_changed":false},"product_cat":[218],"product_tag":[],"class_list":{"0":"post-19946","1":"product","2":"type-product","3":"status-publish","4":"has-post-thumbnail","6":"product_cat-fluke-de-2","8":"first","9":"instock","10":"purchasable","11":"product-type-simple"},"acf":[],"_links":{"self":[{"href":"https:\/\/vobe.eu\/de\/wp-json\/wp\/v2\/product\/19946"}],"collection":[{"href":"https:\/\/vobe.eu\/de\/wp-json\/wp\/v2\/product"}],"about":[{"href":"https:\/\/vobe.eu\/de\/wp-json\/wp\/v2\/types\/product"}],"wp:featuredmedia":[{"embeddable":true,"href":"https:\/\/vobe.eu\/de\/wp-json\/wp\/v2\/media\/18552"}],"wp:attachment":[{"href":"https:\/\/vobe.eu\/de\/wp-json\/wp\/v2\/media?parent=19946"}],"wp:term":[{"taxonomy":"product_cat","embeddable":true,"href":"https:\/\/vobe.eu\/de\/wp-json\/wp\/v2\/product_cat?post=19946"},{"taxonomy":"product_tag","embeddable":true,"href":"https:\/\/vobe.eu\/de\/wp-json\/wp\/v2\/product_tag?post=19946"}],"curies":[{"name":"wp","href":"https:\/\/api.w.org\/{rel}","templated":true}]}}