{"id":19945,"date":"2017-08-28T22:32:15","date_gmt":"2017-08-28T22:32:15","guid":{"rendered":"https:\/\/vobe.eu\/product\/fluke-125b-tragbare-fluke-industrieoszilloskope\/"},"modified":"2017-08-28T22:32:15","modified_gmt":"2017-08-28T22:32:15","slug":"fluke-125b-tragbare-fluke-industrieoszilloskope","status":"publish","type":"product","link":"https:\/\/vobe.eu\/de\/produkt\/fluke-125b-tragbare-fluke-industrieoszilloskope\/","title":{"rendered":"FLUKE 125B &#8211; Tragbare Fluke-Industrieoszilloskope"},"content":{"rendered":"<ul>\n<li>Digitales Zweikanal-Oszilloskop und Multimeter<\/li>\n<li>Oszilloskopbandbreite von 40\u00a0MHz oder 20\u00a0MHz<\/li>\n<li>Zweikanal-Echteffektiv-Digitalmultimeter mit einem Anzeigeumfang von 5000 Z\u00e4hlschritten<\/li>\n<li>Einfache Bedienung durch die Automatik-Triggerung Connect-and-View\u2122<\/li>\n<li>Die IntellaSet\u2122-Technologie passt die numerische Anzeige anhand des gemessenen Signals automatisch und intelligent an<\/li>\n<li>Zweikanaliger Signalform- und Messdatenrecorder zur Trenddarstellung von Daten \u00fcber l\u00e4ngere Zeitr\u00e4ume<\/li>\n<li>\u201eRecorder Event Detect\u201c-Funktion erkennt schwer zu erfassende intermittierende Signale bei sich wiederholenden Signalformen bis 4 kHz<\/li>\n<li>Abgeschirmtes Messleitungspaar f\u00fcr alle Oszilloskop-, Widerstands- und Durchgangsmessungen<\/li>\n<li>Widerstands-, Durchgangs-, Dioden- und Kapazit\u00e4tsmessungen<\/li>\n<li>Leistungs- und Leistungsfaktormessungen (W, VA, VAR, cos \u03c6, \u03bb, Hz)<\/li>\n<li>Spannungs-, Strom- und Leistungsoberschwingungen<\/li>\n<li>Pr\u00fcfung industrieller Netzwerke mit Busstabilit\u00e4tspr\u00fcfungen auf der physischen Schicht anhand definierter Referenzpegel<\/li>\n<li>Speichern oder Abrufen von Daten und Ger\u00e4teeinstellungen<\/li>\n<li>Speichern von Ger\u00e4teeinstellungen, die als Pr\u00fcfsequenzen f\u00fcr die routinem\u00e4\u00dfige Instandhaltung oder f\u00fcr h\u00e4ufig angewendete Messungen genutzt werden.<\/li>\n<li>Optisch getrennte USB-Schnittstelle zur \u00dcbertragung, Archivierung und Analyse von Oszilloskop- und Multimeterdaten<\/li>\n<li>Optionaler, mit dem internen USB-Anschluss verbundener WLAN-Adapter zur drahtlosen \u00dcbertragung von Daten zu PCs oder zur Fluke-Connect\u00ae-App*<\/li>\n<li>ScopeMeter\u00ae-Software FlukeView\u00ae f\u00fcr Windows\u00ae<\/li>\n<li>Robustes Design sorgt f\u00fcr Widerstandsf\u00e4higkeit gegen Schwingungen bis 3\u00a0g und St\u00f6\u00dfe bis 30 g, IP-Schutzklasse IP 51 gem\u00e4\u00df EN\/IEC 60529<\/li>\n<li>H\u00f6chste Sicherheitsspezifikation bei transportablen Oszilloskopen: \u00dcberspannungskategorie CAT IV 600 V gem\u00e4\u00df EN\/IEC 61010-1<\/li>\n<li>Li-Ionen-Akku, sieben Stunden Betriebsdauer (bei einer Ladezeit von 4 Stunden)<\/li>\n<\/ul>\n","protected":false},"excerpt":{"rendered":"<p>Die ScopeMeter-Industrieoszilloskope der Serie 120B enthalten innovative Funktionen, mit denen Techniker die Fehlersuche beschleunigen und anhand der Ergebnisse ihre Systeme betriebsbereit halten k\u00f6nnen. Signalform-Anzeige mit der Trigger- und Konfigurationstechnologie Connect-and-View\u2122 sowie automatische Anzeige zugeh\u00f6riger Messergebnisse erfolgen mithilfe der Fluke-IntellaSet\u2122-Technologie\u00a0\u2013 und all das ohne jegliche manuelle Einstellungen. Mithilfe der \u201eRecorder Event Detect\u201c-Funktionen werden schwer zu erfassende intermittierende Ereignisse erfasst und protokolliert und k\u00f6nnen so leicht angezeigt und analysiert werden.<\/p>\n","protected":false},"featured_media":18628,"template":"","meta":{"_acf_changed":false},"product_cat":[230],"product_tag":[],"class_list":{"0":"post-19945","1":"product","2":"type-product","3":"status-publish","4":"has-post-thumbnail","6":"product_cat-geen-onderdeel-van-een-categorie","8":"first","9":"instock","10":"shipping-taxable","11":"purchasable","12":"product-type-simple"},"acf":[],"_links":{"self":[{"href":"https:\/\/vobe.eu\/de\/wp-json\/wp\/v2\/product\/19945"}],"collection":[{"href":"https:\/\/vobe.eu\/de\/wp-json\/wp\/v2\/product"}],"about":[{"href":"https:\/\/vobe.eu\/de\/wp-json\/wp\/v2\/types\/product"}],"wp:featuredmedia":[{"embeddable":true,"href":"https:\/\/vobe.eu\/de\/wp-json\/wp\/v2\/media\/18628"}],"wp:attachment":[{"href":"https:\/\/vobe.eu\/de\/wp-json\/wp\/v2\/media?parent=19945"}],"wp:term":[{"taxonomy":"product_cat","embeddable":true,"href":"https:\/\/vobe.eu\/de\/wp-json\/wp\/v2\/product_cat?post=19945"},{"taxonomy":"product_tag","embeddable":true,"href":"https:\/\/vobe.eu\/de\/wp-json\/wp\/v2\/product_tag?post=19945"}],"curies":[{"name":"wp","href":"https:\/\/api.w.org\/{rel}","templated":true}]}}