{"id":18303,"date":"2017-01-22T23:12:20","date_gmt":"2017-01-22T23:12:20","guid":{"rendered":"http:\/\/vobe.eu\/product\/fluke-709h\/"},"modified":"2018-06-19T22:22:38","modified_gmt":"2018-06-19T22:22:38","slug":"fluke-709h","status":"publish","type":"product","link":"https:\/\/vobe.eu\/de\/produkt\/fluke-709h\/","title":{"rendered":"Fluke 709H"},"content":{"rendered":"<p>Die Fluke Kalibrator 709H ist um eine benutzerfreundliche Oberfl\u00e4che mit einem &#8222;Quick-Set&#8220; Drehknopf eingebaut. Dieses Instrument reduziert die Zeit der Messungen, oder zur Erzeugung von Spannung oder Strom, und F\u00fcttern einer Schleife. Die Schutztasche passt gut in der Hand des Technikers und das gro\u00dfe hintergrundbeleuchtete Display leicht abgelesen werden kann, auch in dunklen, engen Arbeitsumgebungen.<\/p>\n<p><strong> Der 709H bietet Folgendes: &lt;\/ strong&gt;<\/strong><\/p>\n<ul>\n<li>H\u00f6chste Genauigkeitsklasse von 0,01% vom Messwert &lt;\/ li&gt;<\/li>\n<li>Die kompakte und robuste Design arbeitet auf (6) Standard-AAA-Batterien &lt;\/ li&gt;<\/li>\n<li>Intuitive Benutzeroberfl\u00e4che mit &#8222;Quick-SET-Taste f\u00fcr eine schnelle Inbetriebnahme und einfache Bedienung &lt;\/ li&gt;<\/li>\n<li>Built-in w\u00e4hlbaren 250\u03a9 Widerstand f\u00fcr HART-Kommunikation &lt;\/ li&gt;<\/li>\n<li>24 V Schleifenversorgung mit mA-Messmodus (-25% bis 125%) &lt;\/ li&gt;<\/li>\n<li>1 uA Aufl\u00f6sung f\u00fcr mA betr\u00e4gt und 1 mV bei Spannungsbereichen &lt;\/ li&gt;<\/li>\n<li>Einfache Drahtanschluss f\u00fcr alle Messungen &lt;\/ li&gt;<\/li>\n<li>Automatische Abschaltung Batterieleistung (einstellbar bis zu 30 Minuten) zu speichern &lt;\/ li&gt;<\/li>\n<li>Variable Schritt und Anstiegszeit in Sekunden &lt;\/ li&gt;<\/li>\n<li>Verstellbereich Auswahl (0 bis 20 mA oder 4 bis 20 mA) &lt;\/ li&gt;<\/li>\n<li>Ventile Test (Simulation Durchschnitt mA-Werte mit% Tasten &lt;\/ li&gt;<br \/>\n&lt;\/ Ul&gt;<br \/>\n<strong><strong> Die HART-spezifischen Funktionen und F\u00e4higkeiten geh\u00f6ren: &lt;\/ strong&gt;<\/strong><\/strong><\/p>\n<ul>\n<li>Schnelle \u00dcbertragung von Kalibrierdaten. Die 709H \/ Track-Software \/ Kabel die Parameter aller HART-Sender in Ihrer Anlage dokumentiert, in CSV- oder TXT-Format. &lt;\/ Li&gt;<\/li>\n<li>Protokollierung oder Aufzeichnen von Daten auf einem bestimmten Sender zum Zweck der Fehlerbehebung. Die gegevenslogfunctie hat eine w\u00e4hlbare Aufzeichnungsintervall von 1 bis 60 Sekunden und eine logcapaciteit von 9800 verzeichnet 99 oder getrennten Sitzungen. Jede Datengruppe, die Messung der 709H, alle vier Prozessvariablen und die Standard-Statusbedingungen enth\u00e4lt. &lt;\/ Li&gt;<br \/>\n&lt;\/ Ul&gt;<br \/>\nFluke Precision 709H HART Loop-Kalibrator mit eingebautem 250-Ohm-Widerstand<br \/>\nIn dem Communicator-Modus kann der Benutzer die grundlegenden Informationen des Ger\u00e4tes, f\u00fchren Diagnosetests und Kalibrierung der h\u00e4ufigsten HART-Kommunikation setzen entsprechende Sender gelesen. In der Vergangenheit war dies nur mit einem speziellen Kommunikator, ein qualitativ hochwertiges Multifunktionskalibrator oder einem Laptop mit HART-Modem. Die Fluke 709H praktisch jeder Mechaniker HART-Ger\u00e4te Wartung und Support.<\/li>\n<\/ul>\n<\/li>\n<\/ul>\n","protected":false},"excerpt":{"rendered":"<p>Die Fluke 709H mA Stromschleifenkalibrator ist f\u00fcr zeitsparende und hohe Qualit\u00e4t der Ergebnisse entwickelt. Der 709H bietet die HART-Kommunikation und unterst\u00fctzt ein speziell ausgew\u00e4hlten Satz von universellen und Standard-HART-Kommandos. Dies macht die 709H ist einzigartig: auf der einen Seite eine kosteng\u00fcnstige, kompakte Schleifenkalibrierer, auf der anderen Seite ein leistungsf\u00e4higes Werkzeug f\u00fcr die HART-Kommunikation.<\/p>\n","protected":false},"featured_media":18180,"template":"","meta":{"_acf_changed":false},"product_cat":[177],"product_tag":[180],"class_list":{"0":"post-18303","1":"product","2":"type-product","3":"status-publish","4":"has-post-thumbnail","6":"product_cat-vobe-de","7":"product_tag-fluke-de","8":"pa_brand-fluke-de","10":"first","11":"instock","12":"purchasable","13":"product-type-simple"},"acf":[],"_links":{"self":[{"href":"https:\/\/vobe.eu\/de\/wp-json\/wp\/v2\/product\/18303"}],"collection":[{"href":"https:\/\/vobe.eu\/de\/wp-json\/wp\/v2\/product"}],"about":[{"href":"https:\/\/vobe.eu\/de\/wp-json\/wp\/v2\/types\/product"}],"wp:featuredmedia":[{"embeddable":true,"href":"https:\/\/vobe.eu\/de\/wp-json\/wp\/v2\/media\/18180"}],"wp:attachment":[{"href":"https:\/\/vobe.eu\/de\/wp-json\/wp\/v2\/media?parent=18303"}],"wp:term":[{"taxonomy":"product_cat","embeddable":true,"href":"https:\/\/vobe.eu\/de\/wp-json\/wp\/v2\/product_cat?post=18303"},{"taxonomy":"product_tag","embeddable":true,"href":"https:\/\/vobe.eu\/de\/wp-json\/wp\/v2\/product_tag?post=18303"}],"curies":[{"name":"wp","href":"https:\/\/api.w.org\/{rel}","templated":true}]}}