{"id":18301,"date":"2017-01-22T23:12:20","date_gmt":"2017-01-22T23:12:20","guid":{"rendered":"http:\/\/vobe.eu\/product\/beamex-mc6-int-20-bar-int-100-bar-handpump\/"},"modified":"2018-06-26T18:56:41","modified_gmt":"2018-06-26T18:56:41","slug":"beamex-mc6-int-20-bar-int-100-bar-handpump","status":"publish","type":"product","link":"https:\/\/vobe.eu\/de\/produkt\/beamex-mc6-int-20-bar-int-100-bar-handpump\/","title":{"rendered":"Beamex MC6 (int 20 bar \/ int 100 bar ) &#038; Handpump"},"content":{"rendered":"<p>Der Kalibrator Modus wird f\u00fcr die Kalibrierung der verschiedenen Verfahrensschritte Instrumenten. Oft ben\u00f6tigen Sie einen bestimmten Prozess Instrument \/ Sender zu \u00fcberpr\u00fcfen und zu kalibrieren. Sender haben typischerweise einen Eingang und einen Ausgang. Also entweder haben Sie zwei Ger\u00e4te oder ein Ger\u00e4t ist in der Lage zwei Dinge auf einmal. Der Kalibrator MC6-Modus ist f\u00fcr diese Art der Verwendung optimiert.<\/p>\n<p>Dokumentieren Kalibrator-Modus zusammen mit Kalibrierungssoftware ausgelegt ist, Kalibrierung und Dokumentation von Kalibrierungsergebnisse zu verarbeiten. In der heutigen Prozessindustrie haben Kalibrierungen oft zu dokumentieren. Ohne Dokumentieren Kalibrator muss von Hand Dokumentation erfolgen, die viel wertvolle Zeit und fehleranf\u00e4llig erfolgt. Dokumentieren Kalibrator Modus MC6 ist f\u00fcr den Einsatz als dokumentiere Prozess-Kalibrator optimiert.<\/p>\n<p>Der Datenlogger ist f\u00fcr die Protokollierung verschiedene Messergebnisse ausgelegt. H\u00e4ufig in der Industrie besteht ein Bedarf zum Messen Signale f\u00fcr k\u00fcrzere oder l\u00e4ngere Zeit und die Ergebnisse in einem Speicher f\u00fcr eine sp\u00e4tere Analyse zu speichern. Dies kann bei der Probleml\u00f6sung, \u00dcberwachung oder Kalibrierung zu tun. Der Datenlogger-Modus MC6 ist f\u00fcr diese Art der Anwendung optimiert.<\/p>\n<p>Der Communicator-Modus ist so konzipiert, mit Feldbus-Instrumenten zu kommunizieren. Im Prozess heute wird intelligente Instrumente zunehmend eingesetzt. Daher Ingenieure Kommunikatoren oder Konfigurations-Software zu verwenden. Die meisten dieser Ger\u00e4te sind HART, FOUNDATION Fieldbus oder Profibus PA. Der Communicator-Modus MC6 ist f\u00fcr Communicator optimiert.<\/p>\n","protected":false},"excerpt":{"rendered":"<p>Beamex MC6 ist ein fortschrittliches, hochgenaue Feldkalibrator und Kommunikator. Es bietet M\u00f6glichkeiten f\u00fcr Eichdruck , Temperatur und verschiedene elektrische Signale. Der MC6 enth\u00e4lt auch eine vollst\u00e4ndige Feldbus-Kommunikator f\u00fcr HART, FOUNDATION Fieldbus und Profibus PA-Ger\u00e4te.<\/p>\n","protected":false},"featured_media":18207,"template":"","meta":{"_acf_changed":false},"product_cat":[177],"product_tag":[224],"class_list":{"0":"post-18301","1":"product","2":"type-product","3":"status-publish","4":"has-post-thumbnail","6":"product_cat-vobe-de","7":"product_tag-beamex-de","8":"pa_brand-beamex-de","10":"first","11":"instock","12":"purchasable","13":"product-type-simple"},"acf":[],"_links":{"self":[{"href":"https:\/\/vobe.eu\/de\/wp-json\/wp\/v2\/product\/18301"}],"collection":[{"href":"https:\/\/vobe.eu\/de\/wp-json\/wp\/v2\/product"}],"about":[{"href":"https:\/\/vobe.eu\/de\/wp-json\/wp\/v2\/types\/product"}],"wp:featuredmedia":[{"embeddable":true,"href":"https:\/\/vobe.eu\/de\/wp-json\/wp\/v2\/media\/18207"}],"wp:attachment":[{"href":"https:\/\/vobe.eu\/de\/wp-json\/wp\/v2\/media?parent=18301"}],"wp:term":[{"taxonomy":"product_cat","embeddable":true,"href":"https:\/\/vobe.eu\/de\/wp-json\/wp\/v2\/product_cat?post=18301"},{"taxonomy":"product_tag","embeddable":true,"href":"https:\/\/vobe.eu\/de\/wp-json\/wp\/v2\/product_tag?post=18301"}],"curies":[{"name":"wp","href":"https:\/\/api.w.org\/{rel}","templated":true}]}}