{"id":18299,"date":"2017-01-22T23:12:20","date_gmt":"2017-01-22T23:12:20","guid":{"rendered":"http:\/\/vobe.eu\/product\/fluke-177\/"},"modified":"2018-06-19T22:22:34","modified_gmt":"2018-06-19T22:22:34","slug":"fluke-177","status":"publish","type":"product","link":"https:\/\/vobe.eu\/de\/produkt\/fluke-177\/","title":{"rendered":"Fluke 177"},"content":{"rendered":"<p>Das Fluke 177 ist der neue Standard f\u00fcr die allgemeine Multi. Sie sind der Standard, durch Aspekte wie Genauigkeit, Funktionalit\u00e4t, einfache Handhabung, Sicherheit und Zuverl\u00e4ssigkeit vereinen zu bringen.<\/p>\n<p>True RMS Spannungs- und Strommesswert<br \/>\nGrundgenauigkeit von 0,09%<br \/>\nAufl\u00f6sung 6000 z\u00e4hlt<br \/>\nDigitale Anzeige mit Analog-Bargraph und Hintergrundbeleuchtung<br \/>\nManuelle und automatische Bereichswahl<br \/>\nDisplay Hold und Auto Hold<br \/>\nMessung der Frequenz und der Kapazit\u00e4t<br \/>\nWiderstand, Kontinuit\u00e4t und Diodentest<br \/>\nMin \/ Max \/ Mittelwert-Aufzeichnung<br \/>\nGl\u00e4tten (Gl\u00e4ttung) f\u00fcr stabilere Messung von sich schnell \u00e4ndernden Eing\u00e4nge<br \/>\nDie Batterie kann einfach ohne die Notwendigkeit zu ersetzen Geh\u00e4use zu \u00f6ffnen<br \/>\nGeschlossen Fall Kalibrierung durch Frontplatte<br \/>\nErgonomisches Geh\u00e4use mit integriertem Schutzholster<br \/>\nEN61010-1 CAT III 1000 V \/ CAT IV 600 V<br \/>\nMessen Sie doppelt so schnell wie andere Multimeters<\/p>\n","protected":false},"excerpt":{"rendered":"<p>Das Fluke 177 ist der neue Standard f\u00fcr die allgemeine Multi. Sie sind der Standard, durch Aspekte wie Genauigkeit, Funktionalit\u00e4t, einfache Handhabung, Sicherheit und Zuverl\u00e4ssigkeit vereinen zu bringen.<\/p>\n<p>True RMS Spannungs- und Strommesswert<br \/>\nGrundgenauigkeit von 0,09%<br \/>\nAufl\u00f6sung 6000 z\u00e4hlt<br \/>\nDigitale Anzeige mit Analog-Bargraph und Hintergrundbeleuchtung<br \/>\nManuelle und automatische Bereichswahl<br \/>\nDisplay Hold und Auto Hold<br \/>\nMessung der Frequenz und der Kapazit\u00e4t<br \/>\nWiderstand, Kontinuit\u00e4t und Diodentest<br \/>\nMin \/ Max \/ Mittelwert-Aufzeichnung<br \/>\nGl\u00e4tten (Gl\u00e4ttung) f\u00fcr stabilere Messung von sich schnell \u00e4ndernden Eing\u00e4nge<br \/>\nDie Batterie kann einfach ohne die Notwendigkeit zu ersetzen Geh\u00e4use zu \u00f6ffnen<br \/>\nGeschlossen Fall Kalibrierung durch Frontplatte<br \/>\nErgonomisches Geh\u00e4use mit integriertem Schutzholster<br \/>\nEN61010-1 CAT III 1000 V \/ CAT IV 600 V<br \/>\nMessen Sie doppelt so schnell wie andere Multimeters<\/p>\n","protected":false},"featured_media":18201,"template":"","meta":{"_acf_changed":false},"product_cat":[177],"product_tag":[180],"class_list":{"0":"post-18299","1":"product","2":"type-product","3":"status-publish","4":"has-post-thumbnail","6":"product_cat-vobe-de","7":"product_tag-fluke-de","8":"pa_brand-fluke-de","10":"first","11":"instock","12":"purchasable","13":"product-type-simple"},"acf":[],"_links":{"self":[{"href":"https:\/\/vobe.eu\/de\/wp-json\/wp\/v2\/product\/18299"}],"collection":[{"href":"https:\/\/vobe.eu\/de\/wp-json\/wp\/v2\/product"}],"about":[{"href":"https:\/\/vobe.eu\/de\/wp-json\/wp\/v2\/types\/product"}],"wp:featuredmedia":[{"embeddable":true,"href":"https:\/\/vobe.eu\/de\/wp-json\/wp\/v2\/media\/18201"}],"wp:attachment":[{"href":"https:\/\/vobe.eu\/de\/wp-json\/wp\/v2\/media?parent=18299"}],"wp:term":[{"taxonomy":"product_cat","embeddable":true,"href":"https:\/\/vobe.eu\/de\/wp-json\/wp\/v2\/product_cat?post=18299"},{"taxonomy":"product_tag","embeddable":true,"href":"https:\/\/vobe.eu\/de\/wp-json\/wp\/v2\/product_tag?post=18299"}],"curies":[{"name":"wp","href":"https:\/\/api.w.org\/{rel}","templated":true}]}}