{"id":18295,"date":"2017-01-22T23:12:20","date_gmt":"2017-01-22T23:12:20","guid":{"rendered":"http:\/\/vobe.eu\/product\/fluke-705\/"},"modified":"2018-06-19T22:22:23","modified_gmt":"2018-06-19T22:22:23","slug":"fluke-705","status":"publish","type":"product","link":"https:\/\/vobe.eu\/de\/produkt\/fluke-705\/","title":{"rendered":"Fluke 705"},"content":{"rendered":"<p>F\u00fcr einen leistungsf\u00e4higen Schleifenkalibrierer zu einem sehr erschwinglichen Preis, w\u00e4hlen Sie den neuen Fluke 705 Stromschleifenkalibrator. Dieses Feature-reiche L\u00f6sung Loop-Kalibrierung, Wartung und Reparatur bietet:<\/p>\n<p>Ein gro\u00dfes Display und einfache Tasterschnittstelle f\u00fcr einfache Bedienung.<br \/>\nSimultanes MA und% f\u00fcr eine schnelle, einfache Interpretation der Messwerte .<br \/>\nmA Genauigkeit von 0,02%<br \/>\nDr\u00fccken Sie die Taste 25% Schritten f\u00fcr schnelle, einfache Linearit\u00e4tspr\u00fcfungen . Sparen Sie Zeit ordnet dann traditionelle Art-Taste.<br \/>\n&#8222;&#8220;Span Check&#8220;&#8220; f\u00fcr eine schnelle Best\u00e4tigung von Nullpunkt und Spanne.<br \/>\nW\u00e4hlbare langsame Rampe, schnelle Rampe und Schritt Schwenken glatt Ausg\u00e4nge f\u00fcr Ventil und bieten Spaziergang Funktionstests .<br \/>\n24 Volt interne Schleife Versorgung, so dass Sie ohne Durchf\u00fchrung eines DMM einen Sender zur gleichen Zeit die Macht und lesen kann.<br \/>\n9V-Batterie, die leicht ver\u00e4ndert wird.<br \/>\n0-20 mA oder 4-20 mA Standard-up-Modus starten.<\/p>\n","protected":false},"excerpt":{"rendered":"<p>F\u00fcr einen leistungsf\u00e4higen Schleifenkalibrierer zu einem sehr erschwinglichen Preis, w\u00e4hlen Sie den neuen Fluke 705 Stromschleifenkalibrator. Dieses Feature-reiche L\u00f6sung Loop-Kalibrierung, Wartung und Reparatur bietet:<\/p>\n<p>Ein gro\u00dfes Display und einfache Tasterschnittstelle f\u00fcr einfache Bedienung.<br \/>\nSimultanes MA und% f\u00fcr eine schnelle, einfache Interpretation der Messwerte .<br \/>\nmA Genauigkeit von 0,02%<br \/>\nDr\u00fccken Sie die Taste 25% Schritten f\u00fcr schnelle, einfache Linearit\u00e4tspr\u00fcfungen . Sparen Sie Zeit ordnet dann traditionelle Art-Taste.<br \/>\n&#8222;Span Check&#8220; f\u00fcr eine schnelle Best\u00e4tigung von Nullpunkt und Spanne.<br \/>\nW\u00e4hlbare langsame Rampe, schnelle Rampe und Schritt Schwenken glatt Ausg\u00e4nge f\u00fcr Ventil und bieten Spaziergang Funktionstests .<br \/>\n24 Volt interne Schleife Versorgung, so dass Sie ohne Durchf\u00fchrung eines DMM einen Sender zur gleichen Zeit die Macht und lesen kann.<br \/>\n9V-Batterie, die leicht ver\u00e4ndert wird.<br \/>\n0-20 mA oder 4-20 mA Standard-up-Modus starten.<\/p>\n","protected":false},"featured_media":18192,"template":"","meta":{"_acf_changed":false},"product_cat":[177],"product_tag":[180],"class_list":{"0":"post-18295","1":"product","2":"type-product","3":"status-publish","4":"has-post-thumbnail","6":"product_cat-vobe-de","7":"product_tag-fluke-de","8":"pa_brand-fluke-de","10":"first","11":"instock","12":"purchasable","13":"product-type-simple"},"acf":[],"_links":{"self":[{"href":"https:\/\/vobe.eu\/de\/wp-json\/wp\/v2\/product\/18295"}],"collection":[{"href":"https:\/\/vobe.eu\/de\/wp-json\/wp\/v2\/product"}],"about":[{"href":"https:\/\/vobe.eu\/de\/wp-json\/wp\/v2\/types\/product"}],"wp:featuredmedia":[{"embeddable":true,"href":"https:\/\/vobe.eu\/de\/wp-json\/wp\/v2\/media\/18192"}],"wp:attachment":[{"href":"https:\/\/vobe.eu\/de\/wp-json\/wp\/v2\/media?parent=18295"}],"wp:term":[{"taxonomy":"product_cat","embeddable":true,"href":"https:\/\/vobe.eu\/de\/wp-json\/wp\/v2\/product_cat?post=18295"},{"taxonomy":"product_tag","embeddable":true,"href":"https:\/\/vobe.eu\/de\/wp-json\/wp\/v2\/product_tag?post=18295"}],"curies":[{"name":"wp","href":"https:\/\/api.w.org\/{rel}","templated":true}]}}