{"id":18292,"date":"2017-01-22T23:12:20","date_gmt":"2017-01-22T23:12:20","guid":{"rendered":"http:\/\/vobe.eu\/product\/fluke-700g10\/"},"modified":"2018-06-19T22:22:19","modified_gmt":"2018-06-19T22:22:19","slug":"fluke-700g10","status":"publish","type":"product","link":"https:\/\/vobe.eu\/de\/produkt\/fluke-700g10\/","title":{"rendered":"Fluke 700G10"},"content":{"rendered":"<p>Mit der bestm\u00f6glichen Genauigkeit und Messungen, Lehren der Fluke-Pr\u00e4zisionstest der Serie 700G entwickelt f\u00fcr alle Druckanforderungen Kalibrierung. Die Druck Pr\u00fcflehren der 700G-Serie sind robust und einfach zu bedienen, mit 23 Modellen, vom \u00b1 10 inH2O \/ 20 mbar bis 10.000 psi \/ 690 bar, einschlie\u00dflich Absolutdruckmessbereichen . In Kombination mit dem Fluke 700PTPK- oder 700HTPK f\u00fcr einen kompletten Drucktestl\u00f6sung f\u00fcr bis zu 600 psi (40 bar) mit der PTP 1 pneumatische Pumpe bis 10.000 psi (690 bar) mit dem HTP-2 Hydraulikpumpe .<\/p>\n","protected":false},"excerpt":{"rendered":"<p>Mit der bestm\u00f6glichen Genauigkeit und Messungen, Lehren der Fluke-Pr\u00e4zisionstest der Serie 700G entwickelt f\u00fcr alle Druckanforderungen Kalibrierung. Die Druck Pr\u00fcflehren der 700G-Serie sind robust und einfach zu bedienen, mit 23 Modellen, vom \u00b1 10 inH2O \/ 20 mbar bis 10.000 psi \/ 690 bar, einschlie\u00dflich Absolutdruckmessbereichen . In Kombination mit dem Fluke 700PTPK- oder 700HTPK f\u00fcr einen kompletten Drucktestl\u00f6sung f\u00fcr bis zu 600 psi (40 bar) mit der PTP 1 pneumatische Pumpe bis 10.000 psi (690 bar) mit dem HTP-2 Hydraulikpumpe .<\/p>\n","protected":false},"featured_media":18195,"template":"","meta":{"_acf_changed":false},"product_cat":[177],"product_tag":[180],"class_list":{"0":"post-18292","1":"product","2":"type-product","3":"status-publish","4":"has-post-thumbnail","6":"product_cat-vobe-de","7":"product_tag-fluke-de","8":"pa_brand-fluke-de","10":"first","11":"instock","12":"purchasable","13":"product-type-simple"},"acf":[],"_links":{"self":[{"href":"https:\/\/vobe.eu\/de\/wp-json\/wp\/v2\/product\/18292"}],"collection":[{"href":"https:\/\/vobe.eu\/de\/wp-json\/wp\/v2\/product"}],"about":[{"href":"https:\/\/vobe.eu\/de\/wp-json\/wp\/v2\/types\/product"}],"wp:featuredmedia":[{"embeddable":true,"href":"https:\/\/vobe.eu\/de\/wp-json\/wp\/v2\/media\/18195"}],"wp:attachment":[{"href":"https:\/\/vobe.eu\/de\/wp-json\/wp\/v2\/media?parent=18292"}],"wp:term":[{"taxonomy":"product_cat","embeddable":true,"href":"https:\/\/vobe.eu\/de\/wp-json\/wp\/v2\/product_cat?post=18292"},{"taxonomy":"product_tag","embeddable":true,"href":"https:\/\/vobe.eu\/de\/wp-json\/wp\/v2\/product_tag?post=18292"}],"curies":[{"name":"wp","href":"https:\/\/api.w.org\/{rel}","templated":true}]}}