{"id":18289,"date":"2017-01-22T23:12:20","date_gmt":"2017-01-22T23:12:20","guid":{"rendered":"http:\/\/vobe.eu\/product\/honeywell-hw-mct-404-aa\/"},"modified":"2018-06-26T18:56:00","modified_gmt":"2018-06-26T18:56:00","slug":"honeywell-hw-mct-404-aa","status":"publish","type":"product","link":"https:\/\/vobe.eu\/de\/produkt\/honeywell-hw-mct-404-aa\/","title":{"rendered":"Honeywell HW-MCT-404-AA"},"content":{"rendered":"<p><strong>Wie funktioniert es?<\/strong><\/p>\n<p>MC Toolkit Hand Konfigurator unterst\u00fctzt offene Industriestandards. Eine IrDA-Schnittstelle ist auch f\u00fcr die Lieferung von Honeywell ISA100 basierten drahtlosen Ger\u00e4ten zur Verf\u00fcgung. Es nutzt nicht modifizierten Anbieter DD \/ EDDL-Dateien f\u00fcr die Ausf\u00fchrung der Ger\u00e4tekonfiguration, Management und Diagnoseaufgaben. Eine intuitive DD-Manager-Dienstprogramm in der FDC Anwendung hilft leicht DD \/ EDDLs in der Bibliothek, so dass die Wartezeit f\u00fcr neue Software-Releases hinzuzuf\u00fcgen. Benutzer k\u00f6nnen von der Honeywell-Website herunterladen ihre Werkzeuge zu halten, um die aktualisierte Software zu datieren.<\/p>\n<p>MC Toolkit bietet vollen Zugriff auf die Ger\u00e4teparameter, Konfiguration und Diagnose. Wenn sie in Verbindung mit dem Field Device Manager-Anwendung Honeywell verwendet wird, erm\u00f6glicht die Offline-Konfiguration Funktion, ohne das Ger\u00e4t Anwender die Ger\u00e4tekonfiguration abzuschlie\u00dfen physikalisch vorhanden. Die Konfiguration kann sp\u00e4ter auf das Ger\u00e4t heruntergeladen werden, um eine betr\u00e4chtliche Menge an Zeit bei der Inbetriebnahme der Anlage zu speichern.<\/p>\n<p><strong>Welches Problem l\u00f6st es?<\/strong><\/p>\n<p>Hand MC Toolkit Configurator ist ein robustes und zuverl\u00e4ssiges Angebot, das Ger\u00e4te-Management vereinfacht und die Kosten senkt gesamten Lebenszyklus durch die Notwendigkeit f\u00fcr mehrere Tools zu beseitigen und bietet eine breite Verwendung in vielen Ger\u00e4teprotokolle. Es unterst\u00fctzt die von den Benutzern Zuverl\u00e4ssigkeit und Sicherheit priorisieren Wartung helfen und bessere Entscheidungen Anlage machen. MC Toolkit macht auch effizienter Mitarbeiter mit Informationen \u00fcber das Ger\u00e4t und den Status nur ein paar Klicks f\u00fcr eine effektive weg on-the-go-Device-Management und Wartung.<\/p>\n","protected":false},"excerpt":{"rendered":"<p>Der MC Toolkit Handheld -Konfigurator wird durch Servicetechniker , Manager und Techniker-Tool verwendet Monitor konfigurieren, diagnostizieren und intelligenten Feldger\u00e4ten zu verwalten. Honeywell DE verwaltet Ger\u00e4te und alle Anbieter HART-Ger\u00e4te. Das neueste Modell MCT404 pr\u00fcft auch ISA100 Wireless-Ger\u00e4ten und unterst\u00fctzt Honeywell PIE Werkzeug UDA2182 Analysatoren und UDC-Controller zu verwalten. Der MC Toolkit zeichnet sich durch robuste und zuverl\u00e4ssige Konstruktion, den niedrigsten Lebenszykluskosten und eine einfachere und leichtere Ger\u00e4te-Management.<\/p>\n","protected":false},"featured_media":18183,"template":"","meta":{"_acf_changed":false},"product_cat":[177],"product_tag":[222],"class_list":{"0":"post-18289","1":"product","2":"type-product","3":"status-publish","4":"has-post-thumbnail","6":"product_cat-vobe-de","7":"product_tag-honeywell-de","8":"pa_brand-honeywell-de","10":"first","11":"instock","12":"purchasable","13":"product-type-simple"},"acf":[],"_links":{"self":[{"href":"https:\/\/vobe.eu\/de\/wp-json\/wp\/v2\/product\/18289"}],"collection":[{"href":"https:\/\/vobe.eu\/de\/wp-json\/wp\/v2\/product"}],"about":[{"href":"https:\/\/vobe.eu\/de\/wp-json\/wp\/v2\/types\/product"}],"wp:featuredmedia":[{"embeddable":true,"href":"https:\/\/vobe.eu\/de\/wp-json\/wp\/v2\/media\/18183"}],"wp:attachment":[{"href":"https:\/\/vobe.eu\/de\/wp-json\/wp\/v2\/media?parent=18289"}],"wp:term":[{"taxonomy":"product_cat","embeddable":true,"href":"https:\/\/vobe.eu\/de\/wp-json\/wp\/v2\/product_cat?post=18289"},{"taxonomy":"product_tag","embeddable":true,"href":"https:\/\/vobe.eu\/de\/wp-json\/wp\/v2\/product_tag?post=18289"}],"curies":[{"name":"wp","href":"https:\/\/api.w.org\/{rel}","templated":true}]}}