{"id":19925,"date":"2018-06-14T19:54:23","date_gmt":"2018-06-14T19:54:23","guid":{"rendered":"https:\/\/vobe.eu\/?page_id=19925"},"modified":"2020-12-16T10:06:14","modified_gmt":"2020-12-16T10:06:14","slug":"vobe-solutions","status":"publish","type":"page","link":"https:\/\/vobe.eu\/de\/vobe-solutions\/","title":{"rendered":"Vobe Solutions"},"content":{"rendered":"<div class=\"wpb-content-wrapper\"><p>[vc_row bg_check=&#8220;row-background-dark&#8220; css=&#8220;.vc_custom_1524783057674{padding-top: 2% !important;padding-right: 5% !important;padding-bottom: 2% !important;padding-left: 5% !important;background-color: #511c74 !important;}&#8220;][vc_column]<div class=\"dfd-heading-shortcode\"><div class=\"dfd-heading-module-wrap  text-center style_01 dfd-heading-6a01dbb4a09ec dfd-disable-resposive-headings\" id=\"dfd-heading-6a01dbb4a09ec\" ><div class=\"inline-block\"><div class=\"dfd-heading-module\"><h1 class=\"widget-title dfd-title \" style=\"\">VoBe Solutions<\/h1><\/div><\/div><\/div><script type=\"text\/javascript\">\r\n\t\t\t\t\t\t\t\t\t(function($) {\r\n\t\t\t\t\t\t\t\t\t\t$(\"head\").append(\"<style>.dfd-heading-6a01dbb4a09ec.dfd-heading-module-wrap .dfd-heading-module .dfd-heading-delimiter {margin-top:10px;margin-bottom:10px;}<\/style>\");\r\n\t\t\t\t\t\t\t\t\t})(jQuery);\r\n\t\t\t\t\t\t\t\t<\/script><\/div>[\/vc_column][\/vc_row][vc_row force_equal_height_columns=&#8220;off&#8220; dfd_row_config=&#8220;full_width_content_paddings&#8220; css=&#8220;.vc_custom_1485719446377{background-color: #f4f4f4 !important;background-position: center !important;background-repeat: no-repeat !important;background-size: cover !important;}&#8220;][vc_column css=&#8220;.vc_custom_1485722816987{padding-top: 5% !important;padding-right: 5% !important;padding-bottom: 5% !important;padding-left: 10% !important;background-position: center !important;background-repeat: no-repeat !important;background-size: cover !important;}&#8220;][ultimate_spacer height=&#8220;20&#8243; height_on_tabs=&#8220;20&#8243; height_on_mob=&#8220;10&#8243;][vc_column_text]<\/p>\n<p>VoBe Solutions ist eine junge, ehrgeizige und dynamische Organisation. Wir haben uns von einer Installationsfirma f\u00fcr Elektrotechnik zu einem Unternehmen entwickelt, das Sie bei technischen Herausforderungen durch Projektmanagement unterst\u00fctzt. Wir haben jetzt jahrelange Erfahrung in unserem Ansatz, um Ihnen von A bis Z zu helfen.<\/p>\n<p>Der Bereich Tools von VoBe Solutions verleast Test- und Messger\u00e4te, damit Sie Test- und Inbetriebnahme-Tests auf eine gute Weise durchf\u00fchren k\u00f6nnen.<\/p>\n<p>Wir sind auf Energie, \u00d6l und Gas spezialisiert und verf\u00fcgen \u00fcber ein umfangreiches Angebot an:<\/p>\n<ul>\n<li>Offshore- und Onshore-Test- und Messinstrumente;<\/li>\n<li>Testinstrumente, Kalibrierger\u00e4te, Testger\u00e4te f\u00fcr die Energie-, \u00d6l- und Gasindustrie.<\/li>\n<\/ul>\n<p><strong>Wof\u00fcr stehen wir? <\/strong><\/p>\n<p>VoBe Solutions ist begeistert, wenn es eine technische Herausforderung annehmen kann. Nicht nur f\u00fcr die Beratung, sondern auch f\u00fcr die Umsetzung. Gemeinsam mit Ihnen erarbeiten wir die Herausforderung. Wir blicken \u00fcber eine Standardl\u00f6sung hinaus und entwickeln schlie\u00dflich eine L\u00f6sung, die zu Ihrem Unternehmen passt. Dabei gehen wir von dem Prinzip aus, an dem man gut festhalten muss.<\/p>\n<p>Der Bereich Tools von VoBe Solutions verleast Test- und Messger\u00e4te, damit Sie Test- und Inbetriebnahme-Tests gut durchf\u00fchren k\u00f6nnen.<\/p>\n<p>All das mit Menschen und Menschen, um ein gemeinsames Ziel zu erreichen, das den Kunden in Zukunft st\u00e4rkt.<\/p>\n<p>Der Aufbau von Beziehungen ist f\u00fcr uns von zentraler Bedeutung. Wir k\u00f6nnen es nicht alleine machen, wir brauchen Sie daf\u00fcr. Wenn wir das Wissen nicht selbst haben, stellen wir sicher, dass wir das Wissen bekommen. Zusammen sind wir st\u00e4rker.<\/p>\n<p>Unsere Grundwerte bilden die Grundlage daf\u00fcr. Bei der Durchf\u00fchrung einer Aufgabe sind wir ergebnisorientiert und zielf\u00fchrend. Bei uns stehen Ehrlichkeit und Klarheit an erster Stelle.<br \/>\nFrei \u00fcbersetzt erhalten Sie eine L\u00f6sung, die auf Ihrem Unternehmen und Ihren M\u00f6glichkeiten basiert<br \/>\n.<\/p>\n<p>[\/vc_column_text][\/vc_column][\/vc_row][vc_row css=&#8220;.vc_custom_1524609470577{background-color: #eaeaea !important;}&#8220;][vc_column][dfd_logo_carousel enable_slides=&#8220;slides&#8220; list_fields=&#8220;%5B%7B%22icon_image_id%22%3A%2219339%22%2C%22description%22%3A%22Image%20short%20description%20which%20will%20be%20visible%20on%20the%20back%20side.%20%22%7D%2C%7B%22icon_image_id%22%3A%2219366%22%2C%22description%22%3A%22Image%20short%20description%20which%20will%20be%20visible%20on%20the%20back%20side.%20%22%7D%2C%7B%22icon_image_id%22%3A%2219363%22%2C%22description%22%3A%22Image%20short%20description%20which%20will%20be%20visible%20on%20the%20back%20side.%20%22%7D%2C%7B%22icon_image_id%22%3A%2219360%22%2C%22description%22%3A%22Image%20short%20description%20which%20will%20be%20visible%20on%20the%20back%20side.%20%22%7D%2C%7B%22icon_image_id%22%3A%2219357%22%2C%22description%22%3A%22Image%20short%20description%20which%20will%20be%20visible%20on%20the%20back%20side.%20%22%7D%2C%7B%22icon_image_id%22%3A%2219354%22%2C%22description%22%3A%22Image%20short%20description%20which%20will%20be%20visible%20on%20the%20back%20side.%20%22%7D%2C%7B%22icon_image_id%22%3A%2219348%22%2C%22description%22%3A%22Image%20short%20description%20which%20will%20be%20visible%20on%20the%20back%20side.%20%22%7D%2C%7B%22icon_image_id%22%3A%2219345%22%2C%22description%22%3A%22Image%20short%20description%20which%20will%20be%20visible%20on%20the%20back%20side.%20%22%7D%2C%7B%22icon_image_id%22%3A%2219351%22%2C%22description%22%3A%22Image%20short%20description%20which%20will%20be%20visible%20on%20the%20back%20side.%20%22%7D%2C%7B%22icon_image_id%22%3A%2219603%22%7D%2C%7B%22icon_image_id%22%3A%2222017%22%7D%5D&#8220; slides_to_show=&#8220;5&#8243; slides_to_scroll=&#8220;2&#8243; slideshow_speed=&#8220;2000&#8243; main_style=&#8220;style-2&#8243; auto_slideshow=&#8220;auto_slid&#8220; extra_features_elements_heading=&#8220;&#8220;][\/vc_column][\/vc_row]<\/p>\n<\/div>","protected":false},"excerpt":{"rendered":"<p>[vc_row bg_check=&#8220;row-background-dark&#8220; css=&#8220;.vc_custom_1524783057674{padding-top: 2% !important;padding-right: 5% !important;padding-bottom: 2% !important;padding-left: 5% !important;background-color: #511c74 !important;}&#8220;][vc_column][\/vc_column][\/vc_row][vc_row force_equal_height_columns=&#8220;off&#8220; dfd_row_config=&#8220;full_width_content_paddings&#8220; css=&#8220;.vc_custom_1485719446377{background-color: #f4f4f4 !important;background-position: center !important;background-repeat: no-repeat !important;background-size: cover !important;}&#8220;][vc_column css=&#8220;.vc_custom_1485722816987{padding-top: 5% !important;padding-right: 5% !important;padding-bottom: 5%<\/p>\n","protected":false},"author":1,"featured_media":0,"parent":0,"menu_order":0,"comment_status":"closed","ping_status":"closed","template":"page-custom-with-header.php","meta":{"_acf_changed":false,"footnotes":""},"class_list":["post-19925","page","type-page","status-publish","hentry"],"acf":[],"_links":{"self":[{"href":"https:\/\/vobe.eu\/de\/wp-json\/wp\/v2\/pages\/19925"}],"collection":[{"href":"https:\/\/vobe.eu\/de\/wp-json\/wp\/v2\/pages"}],"about":[{"href":"https:\/\/vobe.eu\/de\/wp-json\/wp\/v2\/types\/page"}],"author":[{"embeddable":true,"href":"https:\/\/vobe.eu\/de\/wp-json\/wp\/v2\/users\/1"}],"replies":[{"embeddable":true,"href":"https:\/\/vobe.eu\/de\/wp-json\/wp\/v2\/comments?post=19925"}],"version-history":[{"count":0,"href":"https:\/\/vobe.eu\/de\/wp-json\/wp\/v2\/pages\/19925\/revisions"}],"wp:attachment":[{"href":"https:\/\/vobe.eu\/de\/wp-json\/wp\/v2\/media?parent=19925"}],"curies":[{"name":"wp","href":"https:\/\/api.w.org\/{rel}","templated":true}]}}