{"id":19923,"date":"2018-06-14T19:46:30","date_gmt":"2018-06-14T19:46:30","guid":{"rendered":"https:\/\/vobe.eu\/?page_id=19923"},"modified":"2020-12-16T10:05:59","modified_gmt":"2020-12-16T10:05:59","slug":"projektmanagement","status":"publish","type":"page","link":"https:\/\/vobe.eu\/de\/projektmanagement\/","title":{"rendered":"Projektmanagement"},"content":{"rendered":"<div class=\"wpb-content-wrapper\"><p>[vc_row bg_check=&#8220;row-background-dark&#8220; css=&#8220;.vc_custom_1524782937644{padding-top: 2% !important;padding-right: 2% !important;padding-bottom: 2% !important;padding-left: 2% !important;background-color: #511c74 !important;}&#8220;][vc_column]<div class=\"dfd-heading-shortcode\"><div class=\"dfd-heading-module-wrap  text-center style_01 dfd-heading-69e9e06e46eee dfd-disable-resposive-headings\" id=\"dfd-heading-69e9e06e46eee\" ><div class=\"inline-block\"><div class=\"dfd-heading-module\"><h1 class=\"widget-title dfd-title \" style=\"\"><\/p>\n<p>PROJEKTMANAGEMENT<\/p>\n<p><\/h1><\/div><\/div><\/div><script type=\"text\/javascript\">\r\n\t\t\t\t\t\t\t\t\t(function($) {\r\n\t\t\t\t\t\t\t\t\t\t$(\"head\").append(\"<style>.dfd-heading-69e9e06e46eee.dfd-heading-module-wrap .dfd-heading-module .dfd-heading-delimiter {margin-top:10px;margin-bottom:10px;}@media (max-width: 1023px) and (min-width: 800px){.dfd-heading-69e9e06e46eee .dfd-title{font-size: 30px !important;}}@media (max-width: 799px){.dfd-heading-69e9e06e46eee .dfd-title{font-size: 30px !important;}}<\/style>\");\r\n\t\t\t\t\t\t\t\t\t})(jQuery);\r\n\t\t\t\t\t\t\t\t<\/script><\/div>[\/vc_column][\/vc_row][vc_row force_equal_height_columns=&#8220;off&#8220; dfd_row_config=&#8220;full_width_content_paddings&#8220; css=&#8220;.vc_custom_1485719446377{background-color: #f4f4f4 !important;background-position: center !important;background-repeat: no-repeat !important;background-size: cover !important;}&#8220;][vc_column css=&#8220;.vc_custom_1485722816987{padding-top: 5% !important;padding-right: 5% !important;padding-bottom: 5% !important;padding-left: 10% !important;background-position: center !important;background-repeat: no-repeat !important;background-size: cover !important;}&#8220;][ultimate_spacer height=&#8220;10&#8243; height_on_tabs=&#8220;10&#8243; height_on_mob=&#8220;5&#8243;][vc_column_text]<\/p>\n<p>Ihre Frage ist eine Herausforderung f\u00fcr uns. Wir verstehen, dass nicht jedes Unternehmen gleich ist und suchen daher eine technische und innovative L\u00f6sung, die am besten zu Ihrem Unternehmen passt. Bei VoBe Solutions stehen Ihre W\u00fcnsche im Mittelpunkt, um Ihre Herausforderung auf Projektbasis anzugehen.<\/p>\n<p>Gerne gehen wir Ihre Herausforderung von A bis Z an. Engagement und Anpassung sind f\u00fcr uns selbstverst\u00e4ndlich. Wir beginnen mit dem Prinzip, das gut ist, das du halten musst. Im Laufe der Jahre hat VoBe Solutions wertvolles (technisches) Wissen und Fachwissen in einem breiten Feld erworben. Gerne teilen wir diese Expertise mit Ihnen, um das bestm\u00f6gliche Ergebnis zu erzielen.<\/p>\n<p>Bei der Durchf\u00fchrung von Projektmanagement finden wir eine Reihe von wichtigen Punkten. Denken Sie an die Standardpunkte, die sich in Umfang und Sch\u00e4tzung, Qualit\u00e4tskontrolle und einer Gesamtkostenanalyse befinden. Nat\u00fcrlich haben Sie auch die Verantwortung, die Sie als Projektmanagement f\u00fcr ein Projekt tragen. Wir w\u00e4hlen die Verantwortung f\u00fcr die ordnungsgem\u00e4\u00dfe Durchf\u00fchrung des Projekts und \u00fcbertragen es an den Kunden.<\/p>\n<p>Wir betrachten nicht nur die technische Seite durch das Projektmanagement. Dazu geh\u00f6ren auch Einstellung und Verhalten.<br \/>\nUm das bestm\u00f6gliche Ergebnis zu erzielen, ist eine intensive Zusammenarbeit sehr wichtig. Auf diese Weise wissen alle Beteiligten, was erwartet wird, und es k\u00f6nnen gute Vereinbarungen \u00fcber sie getroffen werden.<\/p>\n<p>Wir skizzieren gemeinsam eine Strategie. Dann ist es Ihre Wahl, mit uns den Weg zu gehen.<\/p>\n<p>Sind Sie interessiert oder haben Sie eine Frage? F\u00fchlen Sie sich frei, uns unverbindlich zu kontaktieren<\/p>\n<p>[\/vc_column_text][ultimate_spacer height=&#8220;20&#8243; height_on_tabs=&#8220;20&#8243; height_on_mob=&#8220;10&#8243;][\/vc_column][\/vc_row][vc_row css=&#8220;.vc_custom_1524609470577{background-color: #eaeaea !important;}&#8220;][vc_column][dfd_logo_carousel enable_slides=&#8220;slides&#8220; list_fields=&#8220;%5B%7B%22icon_image_id%22%3A%2219339%22%2C%22description%22%3A%22Image%20short%20description%20which%20will%20be%20visible%20on%20the%20back%20side.%20%22%7D%2C%7B%22icon_image_id%22%3A%2219366%22%2C%22description%22%3A%22Image%20short%20description%20which%20will%20be%20visible%20on%20the%20back%20side.%20%22%7D%2C%7B%22icon_image_id%22%3A%2219363%22%2C%22description%22%3A%22Image%20short%20description%20which%20will%20be%20visible%20on%20the%20back%20side.%20%22%7D%2C%7B%22icon_image_id%22%3A%2219360%22%2C%22description%22%3A%22Image%20short%20description%20which%20will%20be%20visible%20on%20the%20back%20side.%20%22%7D%2C%7B%22icon_image_id%22%3A%2219357%22%2C%22description%22%3A%22Image%20short%20description%20which%20will%20be%20visible%20on%20the%20back%20side.%20%22%7D%2C%7B%22icon_image_id%22%3A%2219354%22%2C%22description%22%3A%22Image%20short%20description%20which%20will%20be%20visible%20on%20the%20back%20side.%20%22%7D%2C%7B%22icon_image_id%22%3A%2219348%22%2C%22description%22%3A%22Image%20short%20description%20which%20will%20be%20visible%20on%20the%20back%20side.%20%22%7D%2C%7B%22icon_image_id%22%3A%2219345%22%2C%22description%22%3A%22Image%20short%20description%20which%20will%20be%20visible%20on%20the%20back%20side.%20%22%7D%2C%7B%22icon_image_id%22%3A%2219351%22%2C%22description%22%3A%22Image%20short%20description%20which%20will%20be%20visible%20on%20the%20back%20side.%20%22%7D%2C%7B%22icon_image_id%22%3A%2219603%22%7D%2C%7B%22icon_image_id%22%3A%2222017%22%7D%5D&#8220; slides_to_show=&#8220;5&#8243; slides_to_scroll=&#8220;2&#8243; slideshow_speed=&#8220;2000&#8243; main_style=&#8220;style-2&#8243; auto_slideshow=&#8220;auto_slid&#8220; extra_features_elements_heading=&#8220;&#8220;][\/vc_column][\/vc_row]<\/p>\n<\/div>","protected":false},"excerpt":{"rendered":"<p>[vc_row bg_check=&#8220;row-background-dark&#8220; css=&#8220;.vc_custom_1524782937644{padding-top: 2% !important;padding-right: 2% !important;padding-bottom: 2% !important;padding-left: 2% !important;background-color: #511c74 !important;}&#8220;][vc_column][\/vc_column][\/vc_row][vc_row force_equal_height_columns=&#8220;off&#8220; dfd_row_config=&#8220;full_width_content_paddings&#8220; css=&#8220;.vc_custom_1485719446377{background-color: #f4f4f4 !important;background-position: center !important;background-repeat: no-repeat !important;background-size: cover !important;}&#8220;][vc_column css=&#8220;.vc_custom_1485722816987{padding-top: 5% !important;padding-right: 5% !important;padding-bottom: 5%<\/p>\n","protected":false},"author":1,"featured_media":0,"parent":0,"menu_order":0,"comment_status":"closed","ping_status":"closed","template":"page-custom-with-header.php","meta":{"_acf_changed":false,"footnotes":""},"class_list":["post-19923","page","type-page","status-publish","hentry"],"acf":[],"_links":{"self":[{"href":"https:\/\/vobe.eu\/de\/wp-json\/wp\/v2\/pages\/19923"}],"collection":[{"href":"https:\/\/vobe.eu\/de\/wp-json\/wp\/v2\/pages"}],"about":[{"href":"https:\/\/vobe.eu\/de\/wp-json\/wp\/v2\/types\/page"}],"author":[{"embeddable":true,"href":"https:\/\/vobe.eu\/de\/wp-json\/wp\/v2\/users\/1"}],"replies":[{"embeddable":true,"href":"https:\/\/vobe.eu\/de\/wp-json\/wp\/v2\/comments?post=19923"}],"version-history":[{"count":0,"href":"https:\/\/vobe.eu\/de\/wp-json\/wp\/v2\/pages\/19923\/revisions"}],"wp:attachment":[{"href":"https:\/\/vobe.eu\/de\/wp-json\/wp\/v2\/media?parent=19923"}],"curies":[{"name":"wp","href":"https:\/\/api.w.org\/{rel}","templated":true}]}}