{"id":18323,"date":"2015-02-01T09:17:19","date_gmt":"2015-02-01T09:17:19","guid":{"rendered":"http:\/\/vobe.eu\/home\/"},"modified":"2020-12-16T10:01:17","modified_gmt":"2020-12-16T10:01:17","slug":"first","status":"publish","type":"page","link":"https:\/\/vobe.eu\/de\/","title":{"rendered":"home"},"content":{"rendered":"<div class=\"wpb-content-wrapper\"><p>[vc_row force_equal_height_columns=&#8220;no&#8220; dfd_row_config=&#8220;full_width_content&#8220; el_class=&#8220;clearfix&#8220; bg_check=&#8220;row-background-dark&#8220; dfd_bg_style=&#8220;image&#8220; dfd_bg_image_new=&#8220;18140&#8243; css=&#8220;.vc_custom_1524608910150{padding: 10% !important;}&#8220;][vc_column column_bg_check=&#8220;column-background-dark&#8220; css=&#8220;.vc_custom_1524608965005{background-color: rgba(109,109,109,0.34) !important;*background-color: rgb(109,109,109) !important;}&#8220;][ultimate_spacer height=&#8220;100&#8243; height_on_tabs=&#8220;65&#8243; height_on_mob=&#8220;35&#8243;][vc_column_text]<\/p>\n<h6 style=\"text-align: center;\">VoBe Solutions unterst\u00fctzt Unternehmen von A bis Z bei technischen Herausforderungen. Wir k\u00f6nnen die Verbindung zwischen dem Management und der Werkstatt herstellen. VoBe Solutions ber\u00e4t und f\u00fchrt es auch gerne aus. Der Bereich Tools von VoBe Solutions mietet Test- und Messinstrumente, damit Sie vertragliche Verpflichtungen erf\u00fcllen k\u00f6nnen.<br \/>\nL\u00f6sungen f\u00fcr Sie!<\/h6>\n<p>[\/vc_column_text][ultimate_spacer height=&#8220;100&#8243; height_on_tabs=&#8220;65&#8243; height_on_mob=&#8220;35&#8243;][\/vc_column][\/vc_row][vc_row force_equal_height_columns=&#8220;off&#8220; dfd_row_config=&#8220;full_width_content_paddings&#8220;][vc_column width=&#8220;1\/2&#8243; column_prebuilt_classes=&#8220;dfd-mobile-remove-all-borders&#8220; css=&#8220;.vc_custom_1524609278944{border-right-width: 1px !important;padding-right: 5% !important;padding-left: 5% !important;border-right-color: #000000 !important;border-right-style: solid !important;}&#8220;][ultimate_spacer height=&#8220;80&#8243; height_on_tabs=&#8220;65&#8243; height_on_mob=&#8220;35&#8243;][vc_single_image image=&#8220;18353&#8243; img_size=&#8220;full&#8220; link_one_page=&#8220;&#8220;][ultimate_spacer height=&#8220;80&#8243; height_on_tabs=&#8220;65&#8243; height_on_mob=&#8220;35&#8243;][ultimate_heading heading_type=&#8220;customizable&#8220; heading_tag=&#8220;h3&#8243; heading_content=&#8220;TOOLS&#8220; main_heading_default_weight=&#8220;600&#8243; main_heading_line_height=&#8220;67&#8243; main_heading_letter_spacing=&#8220;-4&#8243; module_animation=&#8220;transition.fadeIn&#8220; main_heading_font_size=&#8220;50&#8243;][\/ultimate_heading][ultimate_spacer height=&#8220;20&#8243; height_on_tabs=&#8220;15&#8243; height_on_mob=&#8220;10&#8243;][vc_column_text item_animation=&#8220;transition.expandIn&#8220;]Sind Sie auf der Suche nach Test- und Messger\u00e4ten, damit Sie Test- und Inbetriebnahme-Tests gut durchf\u00fchren k\u00f6nnen? Dann sind Sie bei VoBe Solutions mit der Rubrik Tools an der richtigen Adresse.<\/p>\n<p>Suchen Sie eine bestimmte Marke oder ein bestimmtes Ger\u00e4t und ist es nicht auf der Website aufgef\u00fchrt? Bitte kontaktieren Sie uns f\u00fcr ein Angebot. Wir haben die M\u00f6glichkeit, zu fast allen Materialien zu kommen, die Sie f\u00fcr Ihre Bestellung ben\u00f6tigen.[\/vc_column_text][ultimate_spacer height=&#8220;40&#8243; height_on_tabs=&#8220;15&#8243; height_on_mob=&#8220;10&#8243;]<div id=\"dfd-button-6a01cc1b44caa\" class=\"dfd-button-module-wrap dfd-button-6a01cc1b44caa\"><div class=\"dfd-button-module  style_1 text-center dfd-horizontal dfd-top-to-bottom dfd-button-icon-left dfd-button-icon-hover-simple\" ><a href=\"https:\/\/vobe.eu\/tools\/\" class=\"dfd-button-link\"><span class=\"dfd-button-inner-cover\"><span class=\"dfd-button-text-main\"><i class=\"fa fa-long-arrow-right\"><\/i>Lesen Sie mehr<\/span><\/span><\/a><\/div><script type=\"text\/javascript\">\r\n\t\t\t\t\t\t\t\t\t(function($) {$(\"head\").append(\"<style>#dfd-button-6a01cc1b44caa.dfd-button-module-wrap .dfd-button-module .dfd-button-link .dfd-button-inner-cover .dfd-button-text-main,.dfd-button-6a01cc1b44caa.dfd-button-module-wrap .dfd-button-module .dfd-button-link .dfd-button-inner-cover .dfd-button-text-main {color: #ffffff}#dfd-button-6a01cc1b44caa.dfd-button-module-wrap .dfd-button-module .dfd-button-link .dfd-button-inner-cover,.dfd-button-6a01cc1b44caa.dfd-button-module-wrap .dfd-button-module .dfd-button-link .dfd-button-border-decoration,.dfd-button-6a01cc1b44caa.dfd-button-module-wrap .dfd-button-module .dfd-button-link .dfd-button-inner-cover {border-radius:2px;}#dfd-button-6a01cc1b44caa.dfd-button-module-wrap .dfd-button-module:not(.style_4) .dfd-button-link .dfd-button-inner-cover:before,#dfd-button-6a01cc1b44caa.dfd-button-module-wrap .dfd-button-module.style_4 .dfd-button-link .dfd-button-inner-cover:after,#dfd-button-6a01cc1b44caa.dfd-button-module-wrap .dfd-button-module.style_6 .dfd-button-link .dfd-button-inner-cover .dfd-button-text-main,.dfd-button-6a01cc1b44caa.dfd-button-module-wrap .dfd-button-module:not(.style_4) .dfd-button-link .dfd-button-inner-cover:before,.dfd-button-6a01cc1b44caa.dfd-button-module-wrap .dfd-button-module.style_4 .dfd-button-link .dfd-button-inner-cover:after,.dfd-button-6a01cc1b44caa.dfd-button-module-wrap .dfd-button-module.style_6 .dfd-button-link .dfd-button-inner-cover .dfd-button-text-main {background: #5a1d67;border-style:none;border-width:1px;border-radius:2px;border-color:#ffffff;}#dfd-button-6a01cc1b44caa.dfd-button-module-wrap .dfd-button-module:not(.style_6) .dfd-button-link:hover .dfd-button-inner-cover .dfd-button-text-main,#dfd-button-6a01cc1b44caa.dfd-button-module-wrap .dfd-button-module .dfd-button-link .dfd-button-inner-cover .dfd-button-text-hover,.dfd-button-6a01cc1b44caa.dfd-button-module-wrap .dfd-button-module:not(.style_6) .dfd-button-link:hover .dfd-button-inner-cover .dfd-button-text-main,.dfd-button-6a01cc1b44caa.dfd-button-module-wrap .dfd-button-module .dfd-button-link .dfd-button-inner-cover .dfd-button-text-hover {color: #ffffff;}#dfd-button-6a01cc1b44caa.dfd-button-module-wrap .dfd-button-module .dfd-button-link:hover .dfd-button-inner-cover,.dfd-button-6a01cc1b44caa.dfd-button-module-wrap .dfd-button-module .dfd-button-link:hover .dfd-button-border-decoration,.dfd-button-6a01cc1b44caa.dfd-button-module-wrap .dfd-button-module .dfd-button-link:hover .dfd-button-inner-cover {border-radius:2px;}#dfd-button-6a01cc1b44caa.dfd-button-module-wrap .dfd-button-module:not(.style_4) .dfd-button-link .dfd-button-inner-cover:after,#dfd-button-6a01cc1b44caa.dfd-button-module-wrap .dfd-button-module.style_4 .dfd-button-link .dfd-button-inner-cover:before,#dfd-button-6a01cc1b44caa.dfd-button-module-wrap .dfd-button-module .dfd-button-link .dfd-button-inner-cover .dfd-button-text-hover .dfd-button-6a01cc1b44caa.dfd-button-module-wrap .dfd-button-module:not(.style_4) .dfd-button-link .dfd-button-inner-cover:after,.dfd-button-6a01cc1b44caa.dfd-button-module-wrap .dfd-button-module.style_4 .dfd-button-link .dfd-button-inner-cover:before,.dfd-button-6a01cc1b44caa.dfd-button-module-wrap .dfd-button-module .dfd-button-link .dfd-button-inner-cover .dfd-button-text-hover {background: #8d6598;border-style:solid;border-width:1px;border-radius:2px;border-color:#c39f76;}#dfd-button-6a01cc1b44caa.dfd-button-module-wrap .dfd-button-module.style_3 .dfd-button-link:hover .dfd-button-inner-cover:before,#dfd-button-6a01cc1b44caa.dfd-button-module-wrap .dfd-button-module.style_4 .dfd-button-link:hover .dfd-button-inner-cover:before,.dfd-button-6a01cc1b44caa.dfd-button-module-wrap .dfd-button-module.style_3 .dfd-button-link:hover .dfd-button-inner-cover:before,.dfd-button-6a01cc1b44caa.dfd-button-module-wrap .dfd-button-module.style_4 .dfd-button-link:hover .dfd-button-inner-cover:before {border-style:solid;border-width:1px;border-radius:2px;border-color:#c39f76;}<\/style>\")\r\n\t\t\t\t\t\t\t\t\t})(jQuery);\r\n\t\t\t\t\t\t\t\t<\/script><\/div>[ultimate_spacer height=&#8220;80&#8243; height_on_tabs=&#8220;65&#8243; height_on_mob=&#8220;35&#8243;][\/vc_column][vc_column width=&#8220;1\/2&#8243; css=&#8220;.vc_custom_1483890465993{padding-right: 5% !important;padding-left: 5% !important;}&#8220;][ultimate_spacer height=&#8220;80&#8243; height_on_tabs=&#8220;65&#8243; height_on_mob=&#8220;35&#8243;][vc_single_image image=&#8220;19469&#8243; img_size=&#8220;full&#8220; link_one_page=&#8220;&#8220;][ultimate_spacer height=&#8220;80&#8243; height_on_tabs=&#8220;65&#8243; height_on_mob=&#8220;35&#8243;][ultimate_heading heading_type=&#8220;customizable&#8220; heading_tag=&#8220;h2&#8243; heading_content=&#8220;PROJECT MANAGEMENT&#8220; main_heading_default_weight=&#8220;600&#8243; main_heading_line_height=&#8220;67&#8243; main_heading_letter_spacing=&#8220;-4&#8243; module_animation=&#8220;transition.fadeIn&#8220; main_heading_font_size=&#8220;50&#8243;][\/ultimate_heading][ultimate_spacer height=&#8220;20&#8243; height_on_tabs=&#8220;15&#8243; height_on_mob=&#8220;10&#8243;][vc_column_text item_animation=&#8220;transition.expandIn&#8220;]Ihr Problem ist eine Herausforderung f\u00fcr uns. Wir verstehen, dass nicht jedes Unternehmen gleich ist und suchen daher eine technische und innovative L\u00f6sung, die am besten zu Ihrem Unternehmen passt. Dabei gehen wir von dem Prinzip aus, an dem man gut festhalten muss.<\/p>\n<p>Mit VoBe Solutions stehen Ihre W\u00fcnsche im Mittelpunkt, um Ihr Problem auf Projektbasis anzugehen.[\/vc_column_text][ultimate_spacer height=&#8220;20&#8243; height_on_tabs=&#8220;15&#8243; height_on_mob=&#8220;10&#8243;]<div id=\"dfd-button-6a01cc1b44e90\" class=\"dfd-button-module-wrap dfd-button-6a01cc1b44e90\"><div class=\"dfd-button-module  style_1 text-center dfd-horizontal dfd-top-to-bottom dfd-button-icon-left dfd-button-icon-hover-simple\" ><a href=\"https:\/\/vobe.eu\/project-management\/\" class=\"dfd-button-link\"><span class=\"dfd-button-inner-cover\"><span class=\"dfd-button-text-main\"><i class=\"fa fa-long-arrow-right\"><\/i>Lesen Sie mehr<\/span><\/span><\/a><\/div><script type=\"text\/javascript\">\r\n\t\t\t\t\t\t\t\t\t(function($) {$(\"head\").append(\"<style>#dfd-button-6a01cc1b44e90.dfd-button-module-wrap .dfd-button-module .dfd-button-link .dfd-button-inner-cover .dfd-button-text-main,.dfd-button-6a01cc1b44e90.dfd-button-module-wrap .dfd-button-module .dfd-button-link .dfd-button-inner-cover .dfd-button-text-main {color: #ffffff}#dfd-button-6a01cc1b44e90.dfd-button-module-wrap .dfd-button-module .dfd-button-link .dfd-button-inner-cover,.dfd-button-6a01cc1b44e90.dfd-button-module-wrap .dfd-button-module .dfd-button-link .dfd-button-border-decoration,.dfd-button-6a01cc1b44e90.dfd-button-module-wrap .dfd-button-module .dfd-button-link .dfd-button-inner-cover {border-radius:2px;}#dfd-button-6a01cc1b44e90.dfd-button-module-wrap .dfd-button-module:not(.style_4) .dfd-button-link .dfd-button-inner-cover:before,#dfd-button-6a01cc1b44e90.dfd-button-module-wrap .dfd-button-module.style_4 .dfd-button-link .dfd-button-inner-cover:after,#dfd-button-6a01cc1b44e90.dfd-button-module-wrap .dfd-button-module.style_6 .dfd-button-link .dfd-button-inner-cover .dfd-button-text-main,.dfd-button-6a01cc1b44e90.dfd-button-module-wrap .dfd-button-module:not(.style_4) .dfd-button-link .dfd-button-inner-cover:before,.dfd-button-6a01cc1b44e90.dfd-button-module-wrap .dfd-button-module.style_4 .dfd-button-link .dfd-button-inner-cover:after,.dfd-button-6a01cc1b44e90.dfd-button-module-wrap .dfd-button-module.style_6 .dfd-button-link .dfd-button-inner-cover .dfd-button-text-main {background: #5a1d67;border-style:none;border-width:1px;border-radius:2px;border-color:#ffffff;}#dfd-button-6a01cc1b44e90.dfd-button-module-wrap .dfd-button-module:not(.style_6) .dfd-button-link:hover .dfd-button-inner-cover .dfd-button-text-main,#dfd-button-6a01cc1b44e90.dfd-button-module-wrap .dfd-button-module .dfd-button-link .dfd-button-inner-cover .dfd-button-text-hover,.dfd-button-6a01cc1b44e90.dfd-button-module-wrap .dfd-button-module:not(.style_6) .dfd-button-link:hover .dfd-button-inner-cover .dfd-button-text-main,.dfd-button-6a01cc1b44e90.dfd-button-module-wrap .dfd-button-module .dfd-button-link .dfd-button-inner-cover .dfd-button-text-hover {color: #ffffff;}#dfd-button-6a01cc1b44e90.dfd-button-module-wrap .dfd-button-module .dfd-button-link:hover .dfd-button-inner-cover,.dfd-button-6a01cc1b44e90.dfd-button-module-wrap .dfd-button-module .dfd-button-link:hover .dfd-button-border-decoration,.dfd-button-6a01cc1b44e90.dfd-button-module-wrap .dfd-button-module .dfd-button-link:hover .dfd-button-inner-cover {border-radius:2px;}#dfd-button-6a01cc1b44e90.dfd-button-module-wrap .dfd-button-module:not(.style_4) .dfd-button-link .dfd-button-inner-cover:after,#dfd-button-6a01cc1b44e90.dfd-button-module-wrap .dfd-button-module.style_4 .dfd-button-link .dfd-button-inner-cover:before,#dfd-button-6a01cc1b44e90.dfd-button-module-wrap .dfd-button-module .dfd-button-link .dfd-button-inner-cover .dfd-button-text-hover .dfd-button-6a01cc1b44e90.dfd-button-module-wrap .dfd-button-module:not(.style_4) .dfd-button-link .dfd-button-inner-cover:after,.dfd-button-6a01cc1b44e90.dfd-button-module-wrap .dfd-button-module.style_4 .dfd-button-link .dfd-button-inner-cover:before,.dfd-button-6a01cc1b44e90.dfd-button-module-wrap .dfd-button-module .dfd-button-link .dfd-button-inner-cover .dfd-button-text-hover {background: #8d6598;border-style:solid;border-width:1px;border-radius:2px;border-color:#c39f76;}#dfd-button-6a01cc1b44e90.dfd-button-module-wrap .dfd-button-module.style_3 .dfd-button-link:hover .dfd-button-inner-cover:before,#dfd-button-6a01cc1b44e90.dfd-button-module-wrap .dfd-button-module.style_4 .dfd-button-link:hover .dfd-button-inner-cover:before,.dfd-button-6a01cc1b44e90.dfd-button-module-wrap .dfd-button-module.style_3 .dfd-button-link:hover .dfd-button-inner-cover:before,.dfd-button-6a01cc1b44e90.dfd-button-module-wrap .dfd-button-module.style_4 .dfd-button-link:hover .dfd-button-inner-cover:before {border-style:solid;border-width:1px;border-radius:2px;border-color:#c39f76;}<\/style>\")\r\n\t\t\t\t\t\t\t\t\t})(jQuery);\r\n\t\t\t\t\t\t\t\t<\/script><\/div>[ultimate_spacer height=&#8220;80&#8243; height_on_tabs=&#8220;65&#8243; height_on_mob=&#8220;35&#8243;][\/vc_column][\/vc_row][vc_row css=&#8220;.vc_custom_1524609470577{background-color: #eaeaea !important;}&#8220;][vc_column][dfd_logo_carousel enable_slides=&#8220;slides&#8220; list_fields=&#8220;%5B%7B%22icon_image_id%22%3A%2219339%22%2C%22description%22%3A%22Image%20short%20description%20which%20will%20be%20visible%20on%20the%20back%20side.%20%22%7D%2C%7B%22icon_image_id%22%3A%2219366%22%2C%22description%22%3A%22Image%20short%20description%20which%20will%20be%20visible%20on%20the%20back%20side.%20%22%7D%2C%7B%22icon_image_id%22%3A%2219363%22%2C%22description%22%3A%22Image%20short%20description%20which%20will%20be%20visible%20on%20the%20back%20side.%20%22%7D%2C%7B%22icon_image_id%22%3A%2219360%22%2C%22description%22%3A%22Image%20short%20description%20which%20will%20be%20visible%20on%20the%20back%20side.%20%22%7D%2C%7B%22icon_image_id%22%3A%2219357%22%2C%22description%22%3A%22Image%20short%20description%20which%20will%20be%20visible%20on%20the%20back%20side.%20%22%7D%2C%7B%22icon_image_id%22%3A%2219354%22%2C%22description%22%3A%22Image%20short%20description%20which%20will%20be%20visible%20on%20the%20back%20side.%20%22%7D%2C%7B%22icon_image_id%22%3A%2219348%22%2C%22description%22%3A%22Image%20short%20description%20which%20will%20be%20visible%20on%20the%20back%20side.%20%22%7D%2C%7B%22icon_image_id%22%3A%2219345%22%2C%22description%22%3A%22Image%20short%20description%20which%20will%20be%20visible%20on%20the%20back%20side.%20%22%7D%2C%7B%22icon_image_id%22%3A%2219351%22%2C%22description%22%3A%22Image%20short%20description%20which%20will%20be%20visible%20on%20the%20back%20side.%20%22%7D%2C%7B%22icon_image_id%22%3A%2219603%22%7D%2C%7B%22icon_image_id%22%3A%2222017%22%7D%5D&#8220; slides_to_show=&#8220;5&#8243; slides_to_scroll=&#8220;2&#8243; slideshow_speed=&#8220;2000&#8243; main_style=&#8220;style-2&#8243; auto_slideshow=&#8220;auto_slid&#8220; extra_features_elements_heading=&#8220;&#8220;][\/vc_column][\/vc_row][vc_row force_equal_height_columns=&#8220;no&#8220; bg_check=&#8220;row-background-dark&#8220; css=&#8220;.vc_custom_1524863396997{background-color: #511c74 !important;}&#8220;][vc_column][vc_row_inner css=&#8220;.vc_custom_1524863351313{background-color: #511c74 !important;}&#8220;][vc_column_inner width=&#8220;1\/3&#8243;][ultimate_spacer height=&#8220;60&#8243; height_on_tabs=&#8220;45&#8243; height_on_mob=&#8220;25&#8243;][ultimate_heading main_heading=&#8220;VoBe Solutions&#8220; alignment=&#8220;left&#8220;][\/ultimate_heading][vc_column_text]VoBe Solutions unterst\u00fctzt Unternehmen von A bis Z bei technischen Herausforderungen. Nicht nur f\u00fcr die Beratung, sondern auch f\u00fcr die Umsetzung. Dar\u00fcber hinaus verf\u00fcgt VoBe Solutions \u00fcber Test- und Messger\u00e4te, die Sie bei Ihrer Herausforderung unterst\u00fctzen. L\u00f6sungen f\u00fcr Sie![\/vc_column_text][ultimate_spacer height=&#8220;15&#8243; height_on_tabs=&#8220;10&#8243; height_on_mob=&#8220;5&#8243;][bsf-info-box icon=&#8220;dfd-icon-email_send&#8220; icon_size=&#8220;29&#8243; icon_color=&#8220;#ffffff&#8220; icon_style=&#8220;advanced&#8220; icon_color_bg=&#8220;rgba(255,255,255,0.01)&#8220; icon_border_style=&#8220;solid&#8220; icon_color_border=&#8220;#ffffff&#8220; icon_border_size=&#8220;1&#8243; icon_border_radius=&#8220;500&#8243; icon_border_spacing=&#8220;70&#8243; read_more=&#8220;box&#8220; link=&#8220;url:https%3A%2F%2Fvobe.eu%2Fvobe-solutions%2F|||&#8220; pos=&#8220;left&#8220; module_animation=&#8220;transition.slideDownIn&#8220; desc_font_color=&#8220;#ffffff&#8220;]Lees meer[\/bsf-info-box][ultimate_spacer height=&#8220;15&#8243; height_on_tabs=&#8220;10&#8243; height_on_mob=&#8220;5&#8243;][\/vc_column_inner][vc_column_inner width=&#8220;1\/3&#8243;][ultimate_spacer height=&#8220;60&#8243; height_on_tabs=&#8220;45&#8243; height_on_mob=&#8220;25&#8243;][ultimate_heading main_heading=&#8220;Kontakt&#8220; alignment=&#8220;left&#8220;][\/ultimate_heading][vc_column_text]Haben Sie Fragen oder m\u00f6chten Sie ein Angebot anfordern? Bitte kontaktieren Sie uns \u00fcber eine der folgenden Daten.[\/vc_column_text][ultimate_spacer height=&#8220;15&#8243; height_on_tabs=&#8220;10&#8243; height_on_mob=&#8220;5&#8243;][bsf-info-box icon=&#8220;dfd-icon-call_incoming&#8220; icon_size=&#8220;29&#8243; icon_color=&#8220;#ffffff&#8220; icon_style=&#8220;advanced&#8220; icon_color_bg=&#8220;rgba(255,255,255,0.01)&#8220; icon_border_style=&#8220;solid&#8220; icon_color_border=&#8220;#ffffff&#8220; icon_border_size=&#8220;1&#8243; icon_border_radius=&#8220;500&#8243; icon_border_spacing=&#8220;70&#8243; title=&#8220;Telefon:&#8220; pos=&#8220;left&#8220; module_animation=&#8220;transition.slideDownIn&#8220; desc_font_color=&#8220;#ffffff&#8220;]00 31 (0) 475 580 832[\/bsf-info-box][bsf-info-box icon=&#8220;dfd-icon-email_3&#8243; icon_size=&#8220;29&#8243; icon_color=&#8220;#ffffff&#8220; icon_style=&#8220;advanced&#8220; icon_color_bg=&#8220;rgba(255,255,255,0.01)&#8220; icon_border_style=&#8220;solid&#8220; icon_color_border=&#8220;#ffffff&#8220; icon_border_size=&#8220;1&#8243; icon_border_radius=&#8220;500&#8243; icon_border_spacing=&#8220;70&#8243; title=&#8220;Email:&#8220; pos=&#8220;left&#8220; module_animation=&#8220;transition.slideDownIn&#8220; desc_font_color=&#8220;#ffffff&#8220;]info@vobe.eu[\/bsf-info-box][ultimate_spacer height=&#8220;15&#8243; height_on_tabs=&#8220;10&#8243; height_on_mob=&#8220;5&#8243;][\/vc_column_inner][vc_column_inner width=&#8220;1\/3&#8243;][ultimate_spacer height=&#8220;60&#8243; height_on_tabs=&#8220;45&#8243; height_on_mob=&#8220;25&#8243;][ultimate_heading main_heading=&#8220;Brochure&#8220; alignment=&#8220;left&#8220;][\/ultimate_heading][vc_column_text]Laden Sie hier die Brosch\u00fcre mit allen Test- und Messger\u00e4ten von VoBe Solutions herunter.[\/vc_column_text][ultimate_spacer height=&#8220;15&#8243; height_on_tabs=&#8220;10&#8243; height_on_mob=&#8220;5&#8243;][bsf-info-box icon=&#8220;dfd-icon-document&#8220; icon_size=&#8220;29&#8243; icon_color=&#8220;#ffffff&#8220; icon_style=&#8220;advanced&#8220; icon_color_bg=&#8220;rgba(255,255,255,0.01)&#8220; icon_border_style=&#8220;solid&#8220; icon_color_border=&#8220;#ffffff&#8220; icon_border_size=&#8220;1&#8243; icon_border_radius=&#8220;500&#8243; icon_border_spacing=&#8220;70&#8243; read_more=&#8220;box&#8220; link=&#8220;url:https%3A%2F%2Fvobe.eu%2Fwp-content%2Fuploads%2F2019%2F02%2FVoBe-Solutions-Brochure-2019.pdf||target:%20_blank|&#8220; pos=&#8220;left&#8220; module_animation=&#8220;transition.slideDownIn&#8220; desc_font_color=&#8220;#ffffff&#8220;][\/bsf-info-box][ultimate_spacer height=&#8220;15&#8243; height_on_tabs=&#8220;10&#8243; height_on_mob=&#8220;5&#8243;][\/vc_column_inner][\/vc_row_inner][\/vc_column][\/vc_row]<\/p>\n<\/div>","protected":false},"excerpt":{"rendered":"<p>[vc_row force_equal_height_columns=&#8220;no&#8220; dfd_row_config=&#8220;full_width_content&#8220; el_class=&#8220;clearfix&#8220; bg_check=&#8220;row-background-dark&#8220; dfd_bg_style=&#8220;image&#8220; dfd_bg_image_new=&#8220;18140&#8243; css=&#8220;.vc_custom_1524608910150{padding: 10% !important;}&#8220;][vc_column column_bg_check=&#8220;column-background-dark&#8220; css=&#8220;.vc_custom_1524608965005{background-color: rgba(109,109,109,0.34) !important;*background-color: rgb(109,109,109) !important;}&#8220;][ultimate_spacer height=&#8220;100&#8243; height_on_tabs=&#8220;65&#8243; height_on_mob=&#8220;35&#8243;][vc_column_text] VoBe Solutions unterst\u00fctzt Unternehmen von A bis Z bei technischen Herausforderungen.<\/p>\n","protected":false},"author":1,"featured_media":0,"parent":0,"menu_order":0,"comment_status":"open","ping_status":"open","template":"page-custom.php","meta":{"_acf_changed":false,"footnotes":""},"class_list":["post-18323","page","type-page","status-publish","hentry"],"acf":[],"_links":{"self":[{"href":"https:\/\/vobe.eu\/de\/wp-json\/wp\/v2\/pages\/18323"}],"collection":[{"href":"https:\/\/vobe.eu\/de\/wp-json\/wp\/v2\/pages"}],"about":[{"href":"https:\/\/vobe.eu\/de\/wp-json\/wp\/v2\/types\/page"}],"author":[{"embeddable":true,"href":"https:\/\/vobe.eu\/de\/wp-json\/wp\/v2\/users\/1"}],"replies":[{"embeddable":true,"href":"https:\/\/vobe.eu\/de\/wp-json\/wp\/v2\/comments?post=18323"}],"version-history":[{"count":0,"href":"https:\/\/vobe.eu\/de\/wp-json\/wp\/v2\/pages\/18323\/revisions"}],"wp:attachment":[{"href":"https:\/\/vobe.eu\/de\/wp-json\/wp\/v2\/media?parent=18323"}],"curies":[{"name":"wp","href":"https:\/\/api.w.org\/{rel}","templated":true}]}}